{"id":692,"date":"2022-10-23T10:06:29","date_gmt":"2022-10-23T08:06:29","guid":{"rendered":"http:\/\/2022.hotel-ruland.de\/?page_id=692"},"modified":"2026-03-27T13:16:18","modified_gmt":"2026-03-27T12:16:18","slug":"ahrtal","status":"publish","type":"page","link":"http:\/\/hotel-ruland.de\/de\/ahrtal\/","title":{"rendered":"Ahrtal"},"content":{"rendered":"\t\t<div data-elementor-type=\"wp-page\" data-elementor-id=\"692\" class=\"elementor elementor-692\" data-elementor-post-type=\"page\">\n\t\t\t\t<div class=\"elementor-element elementor-element-7e49e3a e-flex e-con-boxed e-con e-parent\" data-id=\"7e49e3a\" data-element_type=\"container\" data-e-type=\"container\">\n\t\t\t\t\t<div class=\"e-con-inner\">\n\t\t\t\t<div class=\"elementor-element elementor-element-48491a2 elementor-widget elementor-widget-heading\" data-id=\"48491a2\" data-element_type=\"widget\" data-e-type=\"widget\" data-widget_type=\"heading.default\">\n\t\t\t\t<div class=\"elementor-widget-container\">\n\t\t\t\t\t<h1 class=\"elementor-heading-title elementor-size-default\">Das Ahrtal entdecken \u2013 Natur, Wein &amp; besondere Momente<\/h1>\t\t\t\t<\/div>\n\t\t\t\t<\/div>\n\t\t\t\t<div class=\"elementor-element elementor-element-50ffdd68 nurtext elementor-widget elementor-widget-text-editor\" data-id=\"50ffdd68\" data-element_type=\"widget\" data-e-type=\"widget\" data-widget_type=\"text-editor.default\">\n\t\t\t\t<div class=\"elementor-widget-container\">\n\t\t\t\t\t\t\t\t\t<p data-section-id=\"ekjfmw\" data-start=\"340\" data-end=\"382\"><strong>Genuss, Bewegung und echte Lebensfreude<\/strong><\/p><h2 class=\"p1\">Das Ahrtal geh\u00f6rt zu den sch\u00f6nen und vielseitigen Regionen in Rheinland-Pfalz.<\/h2><p class=\"p1\">Gepr\u00e4gt von steilen Weinbergen, dem Flusslauf der Ahr und Orten mit Geschicihte verbindet das Tal Natur, Genuss und Aktivit\u00e4t auf besondere Weise. Hier treffen beeindruckende Landschaften auf eine lange Weinkultur \u2013 und genau das macht den Reiz dieser Region aus.<\/p><p class=\"p1\">Vom Hotel Ruland aus befinden Sie sich mittendrin.<\/p><p class=\"p1\">Wanderwege beginnen in Altenahr, zu Fu\u00df bequem zu erreichen, mit dem Fahrrad oder in wenigen Minuten mit dem Auto liegt alles nah.<\/p>\t\t\t\t\t\t\t\t<\/div>\n\t\t\t\t<\/div>\n\t\t\t\t\t<\/div>\n\t\t\t\t<\/div>\n\t\t<div class=\"elementor-element elementor-element-4782884e e-flex e-con-boxed e-con e-parent\" data-id=\"4782884e\" data-element_type=\"container\" data-e-type=\"container\" data-settings=\"{&quot;background_background&quot;:&quot;classic&quot;}\">\n\t\t\t\t\t<div class=\"e-con-inner\">\n\t\t<div class=\"elementor-element elementor-element-70abbae3 e-con-full e-flex e-con e-child\" data-id=\"70abbae3\" data-element_type=\"container\" data-e-type=\"container\">\n\t\t<div class=\"elementor-element elementor-element-771dc89e e-con-full e-flex e-con e-child\" data-id=\"771dc89e\" data-element_type=\"container\" data-e-type=\"container\">\n\t\t\t\t<div class=\"elementor-element elementor-element-44c5f929 dce_masking-none elementor-widget elementor-widget-image\" data-id=\"44c5f929\" data-element_type=\"widget\" data-e-type=\"widget\" data-widget_type=\"image.default\">\n\t\t\t\t<div class=\"elementor-widget-container\">\n\t\t\t\t\t\t\t\t\t\t\t\t\t\t\t<img fetchpriority=\"high\" decoding=\"async\" width=\"1024\" height=\"683\" src=\"https:\/\/hotel-ruland.de\/wp-content\/uploads\/2026\/03\/Ahrweiler-1024x683.jpg\" class=\"attachment-large size-large wp-image-5950\" alt=\"Historische Altstadt von Ahrweiler mit Fachwerkh\u00e4usern und Stadttor\" srcset=\"https:\/\/hotel-ruland.de\/wp-content\/uploads\/2026\/03\/Ahrweiler-1024x683.jpg 1024w, https:\/\/hotel-ruland.de\/wp-content\/uploads\/2026\/03\/Ahrweiler-300x200.jpg 300w, https:\/\/hotel-ruland.de\/wp-content\/uploads\/2026\/03\/Ahrweiler-768x512.jpg 768w, https:\/\/hotel-ruland.de\/wp-content\/uploads\/2026\/03\/Ahrweiler-1536x1024.jpg 1536w, https:\/\/hotel-ruland.de\/wp-content\/uploads\/2026\/03\/Ahrweiler-2048x1365.jpg 2048w, https:\/\/hotel-ruland.de\/wp-content\/uploads\/2026\/03\/Ahrweiler-18x12.jpg 18w, https:\/\/hotel-ruland.de\/wp-content\/uploads\/2026\/03\/Ahrweiler-1320x880.jpg 1320w\" sizes=\"(max-width: 1024px) 100vw, 1024px\" \/>\t\t\t\t\t\t\t\t\t\t\t\t\t\t\t<\/div>\n\t\t\t\t<\/div>\n\t\t\t\t<\/div>\n\t\t<div class=\"elementor-element elementor-element-78974707 e-con-full e-flex e-con e-child\" data-id=\"78974707\" data-element_type=\"container\" data-e-type=\"container\">\n\t\t\t\t<div class=\"elementor-element elementor-element-2649ba72 elementor-widget elementor-widget-heading\" data-id=\"2649ba72\" data-element_type=\"widget\" data-e-type=\"widget\" data-widget_type=\"heading.default\">\n\t\t\t\t<div class=\"elementor-widget-container\">\n\t\t\t\t\t<h2 class=\"elementor-heading-title elementor-size-default\">Ahrweiler und andere historische Orte entdecken<\/h2>\t\t\t\t<\/div>\n\t\t\t\t<\/div>\n\t\t\t\t<div class=\"elementor-element elementor-element-3706a121 nurtext elementor-widget elementor-widget-text-editor\" data-id=\"3706a121\" data-element_type=\"widget\" data-e-type=\"widget\" data-widget_type=\"text-editor.default\">\n\t\t\t\t<div class=\"elementor-widget-container\">\n\t\t\t\t\t\t\t\t\t<h2 class=\"p1\">Die Region rund um Altenahr bietet zahlreiche charmante Orte mit Geschichte und Charakter.<\/h2><p class=\"p1\">Allen voran die historische Altstadt von Bad Neuenahr-Ahrweiler mit ihrer vollst\u00e4ndig erhaltenen Stadtmauer, kleinen Gassen und gem\u00fctlichen Pl\u00e4tzen. Hier l\u00e4sst sich wunderbar bummeln, einkehren und die besondere Atmosph\u00e4re genie\u00dfen.<\/p><p class=\"p1\">Die Orte Dernau, Rech oder Mayscho\u00df stehen f\u00fcr typische Ahrtal-Architektur, Weinbau und echte Gastfreundschaft. In Mayscho\u00df befindet sich die \u00e4lteste Weinbau Genossenschaft Deutschlands.<\/p>\t\t\t\t\t\t\t\t<\/div>\n\t\t\t\t<\/div>\n\t\t<div class=\"elementor-element elementor-element-a03898a e-con-full e-flex e-con e-child\" data-id=\"a03898a\" data-element_type=\"container\" data-e-type=\"container\">\n\t\t\t\t<div data-dce-background-color=\"#AA2052E3\" class=\"elementor-element elementor-element-23ff2c63 elementor-widget elementor-widget-button\" data-id=\"23ff2c63\" data-element_type=\"widget\" data-e-type=\"widget\" data-widget_type=\"button.default\">\n\t\t\t\t<div class=\"elementor-widget-container\">\n\t\t\t\t\t\t\t\t\t<div class=\"elementor-button-wrapper\">\n\t\t\t\t\t<a class=\"elementor-button elementor-button-link elementor-size-sm\" href=\"https:\/\/www.ahrtal.com\/de\/orte\" target=\"_blank\" rel=\"noopener\">\n\t\t\t\t\t\t<span class=\"elementor-button-content-wrapper\">\n\t\t\t\t\t\t\t\t\t<span class=\"elementor-button-text\">Orte im Ahrtal<\/span>\n\t\t\t\t\t<\/span>\n\t\t\t\t\t<\/a>\n\t\t\t\t<\/div>\n\t\t\t\t\t\t\t\t<\/div>\n\t\t\t\t<\/div>\n\t\t\t\t<\/div>\n\t\t\t\t<\/div>\n\t\t\t\t<\/div>\n\t\t<div class=\"elementor-element elementor-element-1785b55d e-con-full e-flex e-con e-child\" data-id=\"1785b55d\" data-element_type=\"container\" data-e-type=\"container\">\n\t\t<div class=\"elementor-element elementor-element-5b4e43b1 e-con-full e-flex e-con e-child\" data-id=\"5b4e43b1\" data-element_type=\"container\" data-e-type=\"container\">\n\t\t\t\t<div class=\"elementor-element elementor-element-2407a4ac elementor-widget elementor-widget-heading\" data-id=\"2407a4ac\" data-element_type=\"widget\" data-e-type=\"widget\" data-widget_type=\"heading.default\">\n\t\t\t\t<div class=\"elementor-widget-container\">\n\t\t\t\t\t<h2 class=\"elementor-heading-title elementor-size-default\">Rotweinwanderweg &amp; Ahrsteig<\/h2>\t\t\t\t<\/div>\n\t\t\t\t<\/div>\n\t\t\t\t<div class=\"elementor-element elementor-element-cef3d3e nurtext elementor-widget elementor-widget-text-editor\" data-id=\"cef3d3e\" data-element_type=\"widget\" data-e-type=\"widget\" data-widget_type=\"text-editor.default\">\n\t\t\t\t<div class=\"elementor-widget-container\">\n\t\t\t\t\t\t\t\t\t<h3 class=\"p1\">Das Ahrtal ist ein Wanderparadies.<\/h3><p class=\"p1\">Der ber\u00fchmte Rotweinwanderweg f\u00fchrt entlang der Weinberge auf verschiedenen H\u00f6hen und bietet spektakul\u00e4re Ausblicke auf das Tal. Besonders in den Abendstunden entfaltet die Landschaft hier ihren ganz eigenen Zauber.<\/p><p class=\"p1\">F\u00fcr anspruchsvollere Touren ist der Ahrsteig ideal \u2013 mit abwechslungsreichen Strecken, schmalen Pfaden und beeindruckender Natur.<\/p><p class=\"p1\">Kurze Etappe oder Tageswanderung: Rund um Altenahr starten einige der sch\u00f6nsten Wege direkt vor der Haust\u00fcr.<\/p>\t\t\t\t\t\t\t\t<\/div>\n\t\t\t\t<\/div>\n\t\t<div class=\"elementor-element elementor-element-6d7b1e0a e-con-full e-flex e-con e-child\" data-id=\"6d7b1e0a\" data-element_type=\"container\" data-e-type=\"container\">\n\t\t\t\t<div data-dce-background-color=\"#AA2052E3\" class=\"elementor-element elementor-element-23fe763d elementor-widget elementor-widget-button\" data-id=\"23fe763d\" data-element_type=\"widget\" data-e-type=\"widget\" data-widget_type=\"button.default\">\n\t\t\t\t<div class=\"elementor-widget-container\">\n\t\t\t\t\t\t\t\t\t<div class=\"elementor-button-wrapper\">\n\t\t\t\t\t<a class=\"elementor-button elementor-button-link elementor-size-sm\" href=\"https:\/\/www.ahrtal.com\/de\/touren\/rotweinwanderweg-von-altenahr-bis-ba\/tour.html\" target=\"_blank\" rel=\"noopener\">\n\t\t\t\t\t\t<span class=\"elementor-button-content-wrapper\">\n\t\t\t\t\t\t\t\t\t<span class=\"elementor-button-text\">Rotweinwanderweg<\/span>\n\t\t\t\t\t<\/span>\n\t\t\t\t\t<\/a>\n\t\t\t\t<\/div>\n\t\t\t\t\t\t\t\t<\/div>\n\t\t\t\t<\/div>\n\t\t\t\t<div data-dce-background-color=\"#AA2052E3\" class=\"elementor-element elementor-element-6921669 elementor-widget elementor-widget-button\" data-id=\"6921669\" data-element_type=\"widget\" data-e-type=\"widget\" data-widget_type=\"button.default\">\n\t\t\t\t<div class=\"elementor-widget-container\">\n\t\t\t\t\t\t\t\t\t<div class=\"elementor-button-wrapper\">\n\t\t\t\t\t<a class=\"elementor-button elementor-button-link elementor-size-sm\" href=\"https:\/\/www.ahrsteig.de\/\" target=\"_blank\" rel=\"noopener\">\n\t\t\t\t\t\t<span class=\"elementor-button-content-wrapper\">\n\t\t\t\t\t\t\t\t\t<span class=\"elementor-button-text\">Ahrsteig<\/span>\n\t\t\t\t\t<\/span>\n\t\t\t\t\t<\/a>\n\t\t\t\t<\/div>\n\t\t\t\t\t\t\t\t<\/div>\n\t\t\t\t<\/div>\n\t\t\t\t<\/div>\n\t\t\t\t<\/div>\n\t\t<div class=\"elementor-element elementor-element-1421acb9 e-con-full e-flex e-con e-child\" data-id=\"1421acb9\" data-element_type=\"container\" data-e-type=\"container\">\n\t\t\t\t<div class=\"elementor-element elementor-element-21f2ee96 dce_masking-none elementor-widget elementor-widget-image\" data-id=\"21f2ee96\" data-element_type=\"widget\" data-e-type=\"widget\" data-widget_type=\"image.default\">\n\t\t\t\t<div class=\"elementor-widget-container\">\n\t\t\t\t\t\t\t\t\t\t\t\t\t\t\t<img decoding=\"async\" width=\"1024\" height=\"683\" src=\"https:\/\/hotel-ruland.de\/wp-content\/uploads\/2026\/03\/der-rotweinwanderweg-1024x683.jpg\" class=\"attachment-large size-large wp-image-5953\" alt=\"Wandern auf dem Rotweinwanderweg zum Hotel Ruland im Ahrtal\" srcset=\"https:\/\/hotel-ruland.de\/wp-content\/uploads\/2026\/03\/der-rotweinwanderweg-1024x683.jpg 1024w, https:\/\/hotel-ruland.de\/wp-content\/uploads\/2026\/03\/der-rotweinwanderweg-300x200.jpg 300w, https:\/\/hotel-ruland.de\/wp-content\/uploads\/2026\/03\/der-rotweinwanderweg-768x513.jpg 768w, https:\/\/hotel-ruland.de\/wp-content\/uploads\/2026\/03\/der-rotweinwanderweg-1536x1025.jpg 1536w, https:\/\/hotel-ruland.de\/wp-content\/uploads\/2026\/03\/der-rotweinwanderweg-2048x1367.jpg 2048w, https:\/\/hotel-ruland.de\/wp-content\/uploads\/2026\/03\/der-rotweinwanderweg-18x12.jpg 18w, https:\/\/hotel-ruland.de\/wp-content\/uploads\/2026\/03\/der-rotweinwanderweg-1320x881.jpg 1320w\" sizes=\"(max-width: 1024px) 100vw, 1024px\" \/>\t\t\t\t\t\t\t\t\t\t\t\t\t\t\t<\/div>\n\t\t\t\t<\/div>\n\t\t\t\t<\/div>\n\t\t\t\t<\/div>\n\t\t<div class=\"elementor-element elementor-element-1cdabd06 e-con-full e-flex e-con e-child\" data-id=\"1cdabd06\" data-element_type=\"container\" data-e-type=\"container\">\n\t\t<div class=\"elementor-element elementor-element-25c85a49 e-con-full e-flex e-con e-child\" data-id=\"25c85a49\" data-element_type=\"container\" data-e-type=\"container\">\n\t\t\t\t<div class=\"elementor-element elementor-element-1276175d dce_masking-none elementor-widget elementor-widget-image\" data-id=\"1276175d\" data-element_type=\"widget\" data-e-type=\"widget\" data-widget_type=\"image.default\">\n\t\t\t\t<div class=\"elementor-widget-container\">\n\t\t\t\t\t\t\t\t\t\t\t\t\t\t\t<img decoding=\"async\" width=\"1024\" height=\"683\" src=\"https:\/\/hotel-ruland.de\/wp-content\/uploads\/2026\/03\/rotwein-trauben-1024x683.jpg\" class=\"attachment-large size-large wp-image-5952\" alt=\"Rotwein - der Wein im Ahrtal\" srcset=\"https:\/\/hotel-ruland.de\/wp-content\/uploads\/2026\/03\/rotwein-trauben-1024x683.jpg 1024w, https:\/\/hotel-ruland.de\/wp-content\/uploads\/2026\/03\/rotwein-trauben-300x200.jpg 300w, https:\/\/hotel-ruland.de\/wp-content\/uploads\/2026\/03\/rotwein-trauben-768x512.jpg 768w, https:\/\/hotel-ruland.de\/wp-content\/uploads\/2026\/03\/rotwein-trauben-1536x1024.jpg 1536w, https:\/\/hotel-ruland.de\/wp-content\/uploads\/2026\/03\/rotwein-trauben-2048x1365.jpg 2048w, https:\/\/hotel-ruland.de\/wp-content\/uploads\/2026\/03\/rotwein-trauben-18x12.jpg 18w, https:\/\/hotel-ruland.de\/wp-content\/uploads\/2026\/03\/rotwein-trauben-1320x880.jpg 1320w\" sizes=\"(max-width: 1024px) 100vw, 1024px\" \/>\t\t\t\t\t\t\t\t\t\t\t\t\t\t\t<\/div>\n\t\t\t\t<\/div>\n\t\t\t\t<\/div>\n\t\t<div class=\"elementor-element elementor-element-48de4e49 e-con-full e-flex e-con e-child\" data-id=\"48de4e49\" data-element_type=\"container\" data-e-type=\"container\">\n\t\t\t\t<div class=\"elementor-element elementor-element-1cacd1db elementor-widget elementor-widget-heading\" data-id=\"1cacd1db\" data-element_type=\"widget\" data-e-type=\"widget\" data-widget_type=\"heading.default\">\n\t\t\t\t<div class=\"elementor-widget-container\">\n\t\t\t\t\t<h2 class=\"elementor-heading-title elementor-size-default\">Wein &amp; Genuss im Ahrtal<\/h2>\t\t\t\t<\/div>\n\t\t\t\t<\/div>\n\t\t\t\t<div class=\"elementor-element elementor-element-745958db nurtext elementor-widget elementor-widget-text-editor\" data-id=\"745958db\" data-element_type=\"widget\" data-e-type=\"widget\" data-widget_type=\"text-editor.default\">\n\t\t\t\t<div class=\"elementor-widget-container\">\n\t\t\t\t\t\t\t\t\t<h2 class=\"p1\">Das Ahrtal ist das n\u00f6rdlichste Rotweinanbaugebiet in Deutschland.<\/h2><p class=\"p1\">Sp\u00e4tburgunder und Fr\u00fchburgunder pr\u00e4gen die Region und machen sie zu einem besonderen Ziel f\u00fcr Weinliebhaber. Zahlreiche Weing\u00fcter, Strau\u00dfwirtschaften und Restaurants laden dazu ein, die Vielfalt der Ahrweine zu entdecken.<\/p><p class=\"p1\">Ein Glas Wein mit Blick auf die Weinberge \u2013 das geh\u00f6rt hier einfach dazu.<\/p><p class=\"p1\">Im Hotel Ruland spielt der Wein eine besondere Rolle: Eine mit 400 Posten sorgf\u00e4ltig zusammengestellte Weinkarte bringt die besten Ahrweine ins Glas \u2013 und unsere Sommeliers beraten Sie pers\u00f6nlich bei der Auswahl. Selbstverst\u00e4ndlich haben wir auch Weine anderer Anbaugebiete und internationale Weine im Keller.<\/p>\t\t\t\t\t\t\t\t<\/div>\n\t\t\t\t<\/div>\n\t\t<div class=\"elementor-element elementor-element-1183f448 e-con-full e-flex e-con e-child\" data-id=\"1183f448\" data-element_type=\"container\" data-e-type=\"container\">\n\t\t\t\t<div data-dce-background-color=\"#AA2052E3\" class=\"elementor-element elementor-element-41875c0e elementor-widget elementor-widget-button\" data-id=\"41875c0e\" data-element_type=\"widget\" data-e-type=\"widget\" data-widget_type=\"button.default\">\n\t\t\t\t<div class=\"elementor-widget-container\">\n\t\t\t\t\t\t\t\t\t<div class=\"elementor-button-wrapper\">\n\t\t\t\t\t<a class=\"elementor-button elementor-button-link elementor-size-sm\" href=\"https:\/\/www.ahrtal.com\/de\/wein-kulinarik\" target=\"_blank\" rel=\"noopener\">\n\t\t\t\t\t\t<span class=\"elementor-button-content-wrapper\">\n\t\t\t\t\t\t\t\t\t<span class=\"elementor-button-text\">Wein &amp; Kullinarik<\/span>\n\t\t\t\t\t<\/span>\n\t\t\t\t\t<\/a>\n\t\t\t\t<\/div>\n\t\t\t\t\t\t\t\t<\/div>\n\t\t\t\t<\/div>\n\t\t\t\t<\/div>\n\t\t\t\t<\/div>\n\t\t\t\t<\/div>\n\t\t<div class=\"elementor-element elementor-element-2975abfe e-con-full e-flex e-con e-child\" data-id=\"2975abfe\" data-element_type=\"container\" data-e-type=\"container\">\n\t\t<div class=\"elementor-element elementor-element-1e1176bd e-con-full e-flex e-con e-child\" data-id=\"1e1176bd\" data-element_type=\"container\" data-e-type=\"container\">\n\t\t\t\t<div class=\"elementor-element elementor-element-579d8e5c elementor-widget elementor-widget-heading\" data-id=\"579d8e5c\" data-element_type=\"widget\" data-e-type=\"widget\" data-widget_type=\"heading.default\">\n\t\t\t\t<div class=\"elementor-widget-container\">\n\t\t\t\t\t<h2 class=\"elementor-heading-title elementor-size-default\">Weinfeste &amp; Veranstaltungen<\/h2>\t\t\t\t<\/div>\n\t\t\t\t<\/div>\n\t\t\t\t<div class=\"elementor-element elementor-element-6aecfba3 elementor-widget elementor-widget-text-editor\" data-id=\"6aecfba3\" data-element_type=\"widget\" data-e-type=\"widget\" data-widget_type=\"text-editor.default\">\n\t\t\t\t<div class=\"elementor-widget-container\">\n\t\t\t\t\t\t\t\t\t<p class=\"p1\">\u00dcber das Jahr hinweg finden im Ahrtal zahlreiche Veranstaltungen statt, die G\u00e4ste aus der ganzen Region anziehen.<\/p><p class=\"p1\">Besonders beliebt sind die traditionellen Weinfeste, bei denen Winzer ihre Weine pr\u00e4sentieren und das Tal seine gesellige Seite zeigt. Musik, regionale Spezialit\u00e4ten und eine besondere Atmosph\u00e4re machen diese Events zu traditionsverbundenen Highlights.<\/p><p class=\"p1\">Auch kulinarische Events, Weinproben und saisonale Veranstaltungen sorgen f\u00fcr Abwechslung w\u00e4hrend Ihres Aufenthalts.<\/p>\t\t\t\t\t\t\t\t<\/div>\n\t\t\t\t<\/div>\n\t\t<div class=\"elementor-element elementor-element-404a1a5c e-con-full e-flex e-con e-child\" data-id=\"404a1a5c\" data-element_type=\"container\" data-e-type=\"container\">\n\t\t\t\t<div data-dce-background-color=\"#AA2052E3\" class=\"elementor-element elementor-element-125838b2 elementor-widget elementor-widget-button\" data-id=\"125838b2\" data-element_type=\"widget\" data-e-type=\"widget\" data-widget_type=\"button.default\">\n\t\t\t\t<div class=\"elementor-widget-container\">\n\t\t\t\t\t\t\t\t\t<div class=\"elementor-button-wrapper\">\n\t\t\t\t\t<a class=\"elementor-button elementor-button-link elementor-size-sm\" href=\"https:\/\/www.ahrtal.com\/de\/events\" target=\"_blank\" rel=\"noopener\">\n\t\t\t\t\t\t<span class=\"elementor-button-content-wrapper\">\n\t\t\t\t\t\t\t\t\t<span class=\"elementor-button-text\">Veranstaltungen<\/span>\n\t\t\t\t\t<\/span>\n\t\t\t\t\t<\/a>\n\t\t\t\t<\/div>\n\t\t\t\t\t\t\t\t<\/div>\n\t\t\t\t<\/div>\n\t\t\t\t<\/div>\n\t\t\t\t<\/div>\n\t\t<div class=\"elementor-element elementor-element-3e714711 e-con-full e-flex e-con e-child\" data-id=\"3e714711\" data-element_type=\"container\" data-e-type=\"container\">\n\t\t\t\t<div class=\"elementor-element elementor-element-643561a9 dce_masking-none elementor-widget elementor-widget-image\" data-id=\"643561a9\" data-element_type=\"widget\" data-e-type=\"widget\" data-widget_type=\"image.default\">\n\t\t\t\t<div class=\"elementor-widget-container\">\n\t\t\t\t\t\t\t\t\t\t\t\t\t\t\t<img loading=\"lazy\" decoding=\"async\" width=\"1024\" height=\"795\" src=\"https:\/\/hotel-ruland.de\/wp-content\/uploads\/2026\/03\/Weinfeste-1024x795.jpg\" class=\"attachment-large size-large wp-image-5972\" alt=\"G\u00e4ste sto\u00dfen mit Rotwein im Weingarten des Hotel Ruland Altenahr an\" srcset=\"https:\/\/hotel-ruland.de\/wp-content\/uploads\/2026\/03\/Weinfeste-1024x795.jpg 1024w, https:\/\/hotel-ruland.de\/wp-content\/uploads\/2026\/03\/Weinfeste-300x233.jpg 300w, https:\/\/hotel-ruland.de\/wp-content\/uploads\/2026\/03\/Weinfeste-768x596.jpg 768w, https:\/\/hotel-ruland.de\/wp-content\/uploads\/2026\/03\/Weinfeste-1536x1193.jpg 1536w, https:\/\/hotel-ruland.de\/wp-content\/uploads\/2026\/03\/Weinfeste-2048x1590.jpg 2048w, https:\/\/hotel-ruland.de\/wp-content\/uploads\/2026\/03\/Weinfeste-15x12.jpg 15w, https:\/\/hotel-ruland.de\/wp-content\/uploads\/2026\/03\/Weinfeste-1320x1025.jpg 1320w\" sizes=\"(max-width: 1024px) 100vw, 1024px\" \/>\t\t\t\t\t\t\t\t\t\t\t\t\t\t\t<\/div>\n\t\t\t\t<\/div>\n\t\t\t\t<\/div>\n\t\t\t\t<\/div>\n\t\t<div class=\"elementor-element elementor-element-405d5d80 e-con-full e-flex e-con e-child\" data-id=\"405d5d80\" data-element_type=\"container\" data-e-type=\"container\">\n\t\t<div class=\"elementor-element elementor-element-409ba13e e-con-full e-flex e-con e-child\" data-id=\"409ba13e\" data-element_type=\"container\" data-e-type=\"container\">\n\t\t\t\t<div class=\"elementor-element elementor-element-53c9eada dce_masking-none elementor-widget elementor-widget-image\" data-id=\"53c9eada\" data-element_type=\"widget\" data-e-type=\"widget\" data-widget_type=\"image.default\">\n\t\t\t\t<div class=\"elementor-widget-container\">\n\t\t\t\t\t\t\t\t\t\t\t\t\t\t\t<img loading=\"lazy\" decoding=\"async\" width=\"1024\" height=\"742\" src=\"https:\/\/hotel-ruland.de\/wp-content\/uploads\/2026\/03\/die-ahrtalbahn-1024x742.jpg\" class=\"attachment-large size-large wp-image-5960\" alt=\"Bahnverbindung im Ahrtal \u2013 Anreise nach Altenahr mit der Ahrtalbahn\" srcset=\"https:\/\/hotel-ruland.de\/wp-content\/uploads\/2026\/03\/die-ahrtalbahn-1024x742.jpg 1024w, https:\/\/hotel-ruland.de\/wp-content\/uploads\/2026\/03\/die-ahrtalbahn-300x217.jpg 300w, https:\/\/hotel-ruland.de\/wp-content\/uploads\/2026\/03\/die-ahrtalbahn-768x556.jpg 768w, https:\/\/hotel-ruland.de\/wp-content\/uploads\/2026\/03\/die-ahrtalbahn-1536x1113.jpg 1536w, https:\/\/hotel-ruland.de\/wp-content\/uploads\/2026\/03\/die-ahrtalbahn-2048x1484.jpg 2048w, https:\/\/hotel-ruland.de\/wp-content\/uploads\/2026\/03\/die-ahrtalbahn-18x12.jpg 18w, https:\/\/hotel-ruland.de\/wp-content\/uploads\/2026\/03\/die-ahrtalbahn-1320x956.jpg 1320w\" sizes=\"(max-width: 1024px) 100vw, 1024px\" \/>\t\t\t\t\t\t\t\t\t\t\t\t\t\t\t<\/div>\n\t\t\t\t<\/div>\n\t\t\t\t<\/div>\n\t\t<div class=\"elementor-element elementor-element-5429bde4 e-con-full e-flex e-con e-child\" data-id=\"5429bde4\" data-element_type=\"container\" data-e-type=\"container\">\n\t\t\t\t<div class=\"elementor-element elementor-element-5d7adf9b elementor-widget elementor-widget-heading\" data-id=\"5d7adf9b\" data-element_type=\"widget\" data-e-type=\"widget\" data-widget_type=\"heading.default\">\n\t\t\t\t<div class=\"elementor-widget-container\">\n\t\t\t\t\t<h2 class=\"elementor-heading-title elementor-size-default\">Das Ahrtal nach der Flut \u2013 Aufbruch und neue St\u00e4rke<\/h2>\t\t\t\t<\/div>\n\t\t\t\t<\/div>\n\t\t\t\t<div class=\"elementor-element elementor-element-68979ab9 elementor-widget elementor-widget-text-editor\" data-id=\"68979ab9\" data-element_type=\"widget\" data-e-type=\"widget\" data-widget_type=\"text-editor.default\">\n\t\t\t\t<div class=\"elementor-widget-container\">\n\t\t\t\t\t\t\t\t\t<p class=\"p1\">Die Flutkatastrophe hat das Ahrtal 2021 schwer getroffen. Heute zeigt sich, wie viel Kraft und Zusammenhalt in dieser Region steckt.<\/p><p class=\"p1\">Noch immer sind an vielen Stellen Baustellen sichtbar, doch das Tal entwickelt sich Schritt f\u00fcr Schritt weiter. Vieles wurde bereits neu aufgebaut, modernisiert und mit Blick in die Zukunft gestaltet.<\/p><p class=\"p1\">Ein starkes Zeichen ist die Bahnstrecke: In beeindruckend kurzer Zeit wurde sie wieder aufgebaut. Heute verkehren Z\u00fcge wieder zwischen Remagen und Kreuzberg.<\/p><p class=\"p1\">Mit jedem Besuch unterst\u00fctzen Sie die Region auf ihrem Weg zur\u00fcck! Erleben Sie das Ahrtal, das seinen ganz eigenen Charakter beibehalten hat und seinen neuen Charakter entwickelt.<\/p>\t\t\t\t\t\t\t\t<\/div>\n\t\t\t\t<\/div>\n\t\t<div class=\"elementor-element elementor-element-2ba6519a e-con-full e-flex e-con e-child\" data-id=\"2ba6519a\" data-element_type=\"container\" data-e-type=\"container\">\n\t\t\t\t<div data-dce-background-color=\"#AA2052E3\" class=\"elementor-element elementor-element-1f2e0c76 elementor-widget elementor-widget-button\" data-id=\"1f2e0c76\" data-element_type=\"widget\" data-e-type=\"widget\" data-widget_type=\"button.default\">\n\t\t\t\t<div class=\"elementor-widget-container\">\n\t\t\t\t\t\t\t\t\t<div class=\"elementor-button-wrapper\">\n\t\t\t\t\t<a class=\"elementor-button elementor-button-link elementor-size-sm\" href=\"https:\/\/www.ahrtal.com\/de\/bus-bahn\" target=\"_blank\" rel=\"noopener\">\n\t\t\t\t\t\t<span class=\"elementor-button-content-wrapper\">\n\t\t\t\t\t\t\t\t\t<span class=\"elementor-button-text\">\u00d6PNV im Ahrtal<\/span>\n\t\t\t\t\t<\/span>\n\t\t\t\t\t<\/a>\n\t\t\t\t<\/div>\n\t\t\t\t\t\t\t\t<\/div>\n\t\t\t\t<\/div>\n\t\t\t\t<\/div>\n\t\t\t\t<\/div>\n\t\t\t\t<\/div>\n\t\t\t\t\t<\/div>\n\t\t\t\t<\/div>\n\t\t\t\t<\/div>\n\t\t","protected":false},"excerpt":{"rendered":"<p>Das Ahrtal entdecken \u2013 Natur, Wein &amp; besondere Momente Genuss, Bewegung und echte Lebensfreude Das Ahrtal geh\u00f6rt zu den sch\u00f6nen und vielseitigen Regionen in Rheinland-Pfalz. Gepr\u00e4gt von steilen Weinbergen, dem Flusslauf der Ahr und Orten mit Geschicihte verbindet das Tal Natur, Genuss und Aktivit\u00e4t auf besondere Weise. Hier treffen beeindruckende Landschaften auf eine lange Weinkultur [&hellip;]<\/p>\n","protected":false},"author":1,"featured_media":2713,"parent":0,"menu_order":18,"comment_status":"closed","ping_status":"closed","template":"","meta":{"_acf_changed":false,"footnotes":""},"class_list":["post-692","page","type-page","status-publish","has-post-thumbnail","hentry","wpbf-post"],"acf":[],"_links":{"self":[{"href":"http:\/\/hotel-ruland.de\/de\/wp-json\/wp\/v2\/pages\/692","targetHints":{"allow":["GET"]}}],"collection":[{"href":"http:\/\/hotel-ruland.de\/de\/wp-json\/wp\/v2\/pages"}],"about":[{"href":"http:\/\/hotel-ruland.de\/de\/wp-json\/wp\/v2\/types\/page"}],"author":[{"embeddable":true,"href":"http:\/\/hotel-ruland.de\/de\/wp-json\/wp\/v2\/users\/1"}],"replies":[{"embeddable":true,"href":"http:\/\/hotel-ruland.de\/de\/wp-json\/wp\/v2\/comments?post=692"}],"version-history":[{"count":58,"href":"http:\/\/hotel-ruland.de\/de\/wp-json\/wp\/v2\/pages\/692\/revisions"}],"predecessor-version":[{"id":6028,"href":"http:\/\/hotel-ruland.de\/de\/wp-json\/wp\/v2\/pages\/692\/revisions\/6028"}],"wp:featuredmedia":[{"embeddable":true,"href":"http:\/\/hotel-ruland.de\/de\/wp-json\/wp\/v2\/media\/2713"}],"wp:attachment":[{"href":"http:\/\/hotel-ruland.de\/de\/wp-json\/wp\/v2\/media?parent=692"}],"curies":[{"name":"wp","href":"https:\/\/api.w.org\/{rel}","templated":true}]}}