{"id":2680,"date":"2022-11-02T12:15:02","date_gmt":"2022-11-02T11:15:02","guid":{"rendered":"http:\/\/2022.hotel-ruland.de\/?page_id=2680"},"modified":"2026-03-25T15:53:30","modified_gmt":"2026-03-25T14:53:30","slug":"biergarten-weingarten","status":"publish","type":"page","link":"http:\/\/hotel-ruland.de\/nl\/restaurant\/biergarten-weingarten\/","title":{"rendered":"Wijn \/ Bier Tuin"},"content":{"rendered":"<div data-elementor-type=\"wp-page\" data-elementor-id=\"2680\" class=\"elementor elementor-2680\" data-elementor-post-type=\"page\">\n\t\t\t\t<div class=\"elementor-element elementor-element-bbdb46c e-flex e-con-boxed e-con e-parent\" data-id=\"bbdb46c\" data-element_type=\"container\" data-e-type=\"container\">\n\t\t\t\t\t<div class=\"e-con-inner\">\n\t\t\t\t<div class=\"elementor-element elementor-element-2d08d37 elementor-widget elementor-widget-heading\" data-id=\"2d08d37\" data-element_type=\"widget\" data-e-type=\"widget\" data-widget_type=\"heading.default\">\n\t\t\t\t<div class=\"elementor-widget-container\">\n\t\t\t\t\t<h1 class=\"elementor-heading-title elementor-size-default\">Wein- und Biergarten an der Ahr<\/h1>\t\t\t\t<\/div>\n\t\t\t\t<\/div>\n\t\t\t\t<div class=\"elementor-element elementor-element-c685aae elementor-widget elementor-widget-text-editor\" data-id=\"c685aae\" data-element_type=\"widget\" data-e-type=\"widget\" data-widget_type=\"text-editor.default\">\n\t\t\t\t<div class=\"elementor-widget-container\">\n\t\t\t\t\t\t\t\t\t<p data-start=\"328\" data-end=\"631\"><strong data-start=\"265\" data-end=\"326\">Mach mal Halt in Altenahr!<\/strong><\/p><p data-start=\"328\" data-end=\"631\">Mitten im <a href=\"https:\/\/www.ahrtal.com\/de\/\" target=\"_blank\" rel=\"noopener\">Ahrdal<\/a>, direkt am Hotel Ruland in Altenahr, erwartet Dich unser gem\u00fctlicher\u00a0<strong data-start=\"414\" data-end=\"441\">Weingarten <\/strong>\u00a0\u2013 ein Ort zum Ankommen, Durchatmen und Genie\u00dfen. Unter schattenspendenden Sonnenschirmen, mit den F\u00fc\u00dfen im Kies und einem Glas Ahrwein in der Hand, f\u00fchlt sich der Moment einfach richtig an.<\/p><p data-start=\"633\" data-end=\"851\">Ob nach einer Wanderung durch die Weinberge oder einer Radtour entlang der Ahr: Unser <strong>Wein- und Biergarten an der Ahr<\/strong>\u00a0ist der perfekte Zwischenstopp \u2013 und oft auch der sch\u00f6nste Ort, um den Tag entspannt ausklingen zu lassen.<\/p>\t\t\t\t\t\t\t\t<\/div>\n\t\t\t\t<\/div>\n\t\t\t\t\t<\/div>\n\t\t\t\t<\/div>\n\t\t<div class=\"elementor-element elementor-element-5f30705 e-flex e-con-boxed e-con e-parent\" data-id=\"5f30705\" data-element_type=\"container\" data-e-type=\"container\" data-settings=\"{&quot;background_background&quot;:&quot;classic&quot;}\">\n\t\t\t\t\t<div class=\"e-con-inner\">\n\t\t<div class=\"elementor-element elementor-element-34ec0c1 e-con-full e-flex e-con e-child\" data-id=\"34ec0c1\" data-element_type=\"container\" data-e-type=\"container\">\n\t\t<div class=\"elementor-element elementor-element-6c8200a e-con-full e-flex e-con e-child\" data-id=\"6c8200a\" data-element_type=\"container\" data-e-type=\"container\">\n\t\t\t\t<div class=\"elementor-element elementor-element-c1bb3ae dce_masking-none elementor-widget elementor-widget-image\" data-id=\"c1bb3ae\" data-element_type=\"widget\" data-e-type=\"widget\" data-widget_type=\"image.default\">\n\t\t\t\t<div class=\"elementor-widget-container\">\n\t\t\t\t\t\t\t\t\t\t\t\t\t\t\t<img fetchpriority=\"high\" decoding=\"async\" width=\"1024\" height=\"683\" src=\"https:\/\/hotel-ruland.de\/wp-content\/uploads\/2023\/09\/Ruland_Biergarten_240908_DSC00447_WEB2520_35-1024x683.jpg\" class=\"attachment-large size-large wp-image-3954\" alt=\"\" srcset=\"https:\/\/hotel-ruland.de\/wp-content\/uploads\/2023\/09\/Ruland_Biergarten_240908_DSC00447_WEB2520_35-1024x683.jpg 1024w, https:\/\/hotel-ruland.de\/wp-content\/uploads\/2023\/09\/Ruland_Biergarten_240908_DSC00447_WEB2520_35-300x200.jpg 300w, https:\/\/hotel-ruland.de\/wp-content\/uploads\/2023\/09\/Ruland_Biergarten_240908_DSC00447_WEB2520_35-768x512.jpg 768w, https:\/\/hotel-ruland.de\/wp-content\/uploads\/2023\/09\/Ruland_Biergarten_240908_DSC00447_WEB2520_35-1536x1024.jpg 1536w, https:\/\/hotel-ruland.de\/wp-content\/uploads\/2023\/09\/Ruland_Biergarten_240908_DSC00447_WEB2520_35-2048x1365.jpg 2048w, https:\/\/hotel-ruland.de\/wp-content\/uploads\/2023\/09\/Ruland_Biergarten_240908_DSC00447_WEB2520_35-1320x880.jpg 1320w\" sizes=\"(max-width: 1024px) 100vw, 1024px\" \/>\t\t\t\t\t\t\t\t\t\t\t\t\t\t\t<\/div>\n\t\t\t\t<\/div>\n\t\t\t\t<\/div>\n\t\t<div class=\"elementor-element elementor-element-7f22e46 e-con-full e-flex e-con e-child\" data-id=\"7f22e46\" data-element_type=\"container\" data-e-type=\"container\">\n\t\t\t\t<div class=\"elementor-element elementor-element-fd5bf9e elementor-widget elementor-widget-heading\" data-id=\"fd5bf9e\" data-element_type=\"widget\" data-e-type=\"widget\" data-widget_type=\"heading.default\">\n\t\t\t\t<div class=\"elementor-widget-container\">\n\t\t\t\t\t<h2 class=\"elementor-heading-title elementor-size-default\">Regional genie\u00dfen \u2013 frisch &amp; unkompliziert\n<\/h2>\t\t\t\t<\/div>\n\t\t\t\t<\/div>\n\t\t\t\t<div class=\"elementor-element elementor-element-8145340 elementor-widget elementor-widget-text-editor\" data-id=\"8145340\" data-element_type=\"widget\" data-e-type=\"widget\" data-widget_type=\"text-editor.default\">\n\t\t\t\t<div class=\"elementor-widget-container\">\n\t\t\t\t\t\t\t\t\t<p data-start=\"901\" data-end=\"1061\">In unserem\u00a0<strong data-start=\"912\" data-end=\"937\">Weingarten an der Ahr<\/strong>\u00a0servieren wir Dir eine ehrliche, frische K\u00fcche, die perfekt zu einem Glas Wein oder einem k\u00fchlen Bier passt. Freu Dich auf:<\/p><ul><li>ausgew\u00e4hlte <strong data-start=\"1077\" data-end=\"1119\">Ahrweine direkt von regionalen Winzern<\/strong><\/li><li>frisch gezapftes Bier und erfrischende Durstl\u00f6scher<\/li><li>herzhafte Gerichte vom Grill<\/li><li>ofenfrische Spezialit\u00e4ten aus unserer K\u00fcche<\/li><\/ul><p data-start=\"1256\" data-end=\"1398\">Unsere Speisekarte ist bewusst unkompliziert \u2013 aber mit viel Liebe zum Detail. Genau das Richtige f\u00fcr einen genussvollen Aufenthalt im Freien.<\/p>\t\t\t\t\t\t\t\t<\/div>\n\t\t\t\t<\/div>\n\t\t\t\t<\/div>\n\t\t\t\t<\/div>\n\t\t<div class=\"elementor-element elementor-element-82dffae e-con-full e-flex e-con e-child\" data-id=\"82dffae\" data-element_type=\"container\" data-e-type=\"container\">\n\t\t<div class=\"elementor-element elementor-element-10e3b80 e-con-full e-flex e-con e-child\" data-id=\"10e3b80\" data-element_type=\"container\" data-e-type=\"container\">\n\t\t\t\t<div class=\"elementor-element elementor-element-5ad1433 elementor-widget elementor-widget-heading\" data-id=\"5ad1433\" data-element_type=\"widget\" data-e-type=\"widget\" data-widget_type=\"heading.default\">\n\t\t\t\t<div class=\"elementor-widget-container\">\n\t\t\t\t\t<h2 class=\"elementor-heading-title elementor-size-default\">Ein Platz f\u00fcr Genie\u00dfer, Wanderer &amp; Radfahrer<\/h2>\t\t\t\t<\/div>\n\t\t\t\t<\/div>\n\t\t\t\t<div class=\"elementor-element elementor-element-c4c8f4c elementor-widget elementor-widget-text-editor\" data-id=\"c4c8f4c\" data-element_type=\"widget\" data-e-type=\"widget\" data-widget_type=\"text-editor.default\">\n\t\t\t\t<div class=\"elementor-widget-container\">\n\t\t\t\t\t\t\t\t\t<p data-start=\"1450\" data-end=\"1600\">Unser Biergarten ist ein beliebter Treffpunkt f\u00fcr alle, die drau\u00dfen unterwegs sind:<br data-start=\"1533\" data-end=\"1536\" \/>Wanderer, Radfahrer, Genie\u00dfer \u2013 und nat\u00fcrlich unsere Hotelg\u00e4ste.<\/p><p data-start=\"1602\" data-end=\"1699\">Hier trifft man sich, kommt ins Gespr\u00e4ch oder genie\u00dft einfach die besondere Atmosph\u00e4re im Ahrtal.<\/p>\t\t\t\t\t\t\t\t<\/div>\n\t\t\t\t<\/div>\n\t\t\t\t<\/div>\n\t\t<div class=\"elementor-element elementor-element-8e0857e e-con-full e-flex e-con e-child\" data-id=\"8e0857e\" data-element_type=\"container\" data-e-type=\"container\">\n\t\t\t\t<div class=\"elementor-element elementor-element-0602850 dce_masking-none elementor-widget elementor-widget-image\" data-id=\"0602850\" data-element_type=\"widget\" data-e-type=\"widget\" data-widget_type=\"image.default\">\n\t\t\t\t<div class=\"elementor-widget-container\">\n\t\t\t\t\t\t\t\t\t\t\t\t\t\t\t<img decoding=\"async\" width=\"1024\" height=\"683\" src=\"https:\/\/hotel-ruland.de\/wp-content\/uploads\/2023\/09\/Ruland_Biergarten_240908_DSC00428_WEB2520_35-1024x683.jpg\" class=\"attachment-large size-large wp-image-3950\" alt=\"Gast entspannt im Weingarten und Biergarten des Hotel Ruland Altenahr auf einer Liege\" srcset=\"https:\/\/hotel-ruland.de\/wp-content\/uploads\/2023\/09\/Ruland_Biergarten_240908_DSC00428_WEB2520_35-1024x683.jpg 1024w, https:\/\/hotel-ruland.de\/wp-content\/uploads\/2023\/09\/Ruland_Biergarten_240908_DSC00428_WEB2520_35-300x200.jpg 300w, https:\/\/hotel-ruland.de\/wp-content\/uploads\/2023\/09\/Ruland_Biergarten_240908_DSC00428_WEB2520_35-768x512.jpg 768w, https:\/\/hotel-ruland.de\/wp-content\/uploads\/2023\/09\/Ruland_Biergarten_240908_DSC00428_WEB2520_35-1536x1024.jpg 1536w, https:\/\/hotel-ruland.de\/wp-content\/uploads\/2023\/09\/Ruland_Biergarten_240908_DSC00428_WEB2520_35-2048x1365.jpg 2048w, https:\/\/hotel-ruland.de\/wp-content\/uploads\/2023\/09\/Ruland_Biergarten_240908_DSC00428_WEB2520_35-1320x880.jpg 1320w\" sizes=\"(max-width: 1024px) 100vw, 1024px\" \/>\t\t\t\t\t\t\t\t\t\t\t\t\t\t\t<\/div>\n\t\t\t\t<\/div>\n\t\t\t\t<\/div>\n\t\t\t\t<\/div>\n\t\t<div class=\"elementor-element elementor-element-f91803e e-con-full e-flex e-con e-child\" data-id=\"f91803e\" data-element_type=\"container\" data-e-type=\"container\">\n\t\t<div class=\"elementor-element elementor-element-2ca42a0 e-con-full e-flex e-con e-child\" data-id=\"2ca42a0\" data-element_type=\"container\" data-e-type=\"container\">\n\t\t\t\t<div class=\"elementor-element elementor-element-84f5476 dce_masking-none elementor-widget elementor-widget-image\" data-id=\"84f5476\" data-element_type=\"widget\" data-e-type=\"widget\" data-widget_type=\"image.default\">\n\t\t\t\t<div class=\"elementor-widget-container\">\n\t\t\t\t\t\t\t\t\t\t\t\t\t\t\t<img decoding=\"async\" width=\"1024\" height=\"683\" src=\"https:\/\/hotel-ruland.de\/wp-content\/uploads\/2023\/09\/Ruland_Biergarten_240908_DSC00408_WEB2520_35-1024x683.jpg\" class=\"attachment-large size-large wp-image-3941\" alt=\"Terrasse im Hotel Ruland Altenahr mit Fahrr\u00e4dern\" srcset=\"https:\/\/hotel-ruland.de\/wp-content\/uploads\/2023\/09\/Ruland_Biergarten_240908_DSC00408_WEB2520_35-1024x683.jpg 1024w, https:\/\/hotel-ruland.de\/wp-content\/uploads\/2023\/09\/Ruland_Biergarten_240908_DSC00408_WEB2520_35-300x200.jpg 300w, https:\/\/hotel-ruland.de\/wp-content\/uploads\/2023\/09\/Ruland_Biergarten_240908_DSC00408_WEB2520_35-768x512.jpg 768w, https:\/\/hotel-ruland.de\/wp-content\/uploads\/2023\/09\/Ruland_Biergarten_240908_DSC00408_WEB2520_35-1536x1024.jpg 1536w, https:\/\/hotel-ruland.de\/wp-content\/uploads\/2023\/09\/Ruland_Biergarten_240908_DSC00408_WEB2520_35-2048x1365.jpg 2048w, https:\/\/hotel-ruland.de\/wp-content\/uploads\/2023\/09\/Ruland_Biergarten_240908_DSC00408_WEB2520_35-1320x880.jpg 1320w\" sizes=\"(max-width: 1024px) 100vw, 1024px\" \/>\t\t\t\t\t\t\t\t\t\t\t\t\t\t\t<\/div>\n\t\t\t\t<\/div>\n\t\t\t\t<\/div>\n\t\t<div class=\"elementor-element elementor-element-a3cfd39 e-con-full e-flex e-con e-child\" data-id=\"a3cfd39\" data-element_type=\"container\" data-e-type=\"container\">\n\t\t\t\t<div class=\"elementor-element elementor-element-511a20f elementor-widget elementor-widget-heading\" data-id=\"511a20f\" data-element_type=\"widget\" data-e-type=\"widget\" data-widget_type=\"heading.default\">\n\t\t\t\t<div class=\"elementor-widget-container\">\n\t\t\t\t\t<h2 class=\"elementor-heading-title elementor-size-default\">\u00d6ffnungszeiten Weingarten<\/h2>\t\t\t\t<\/div>\n\t\t\t\t<\/div>\n\t\t\t\t<div class=\"elementor-element elementor-element-cc65fec elementor-widget elementor-widget-text-editor\" data-id=\"cc65fec\" data-element_type=\"widget\" data-e-type=\"widget\" data-widget_type=\"text-editor.default\">\n\t\t\t\t<div class=\"elementor-widget-container\">\n\t\t\t\t\t\t\t\t\t<p data-start=\"1732\" data-end=\"1777\"><strong data-start=\"1732\" data-end=\"1777\">T\u00e4glich ab 12:00 Uhr <\/strong>\u2013 bei sch\u00f6nem Wetter<\/p>\t\t\t\t\t\t\t\t<\/div>\n\t\t\t\t<\/div>\n\t\t<div class=\"elementor-element elementor-element-38c2ef5 e-con-full e-flex e-con e-child\" data-id=\"38c2ef5\" data-element_type=\"container\" data-e-type=\"container\">\n\t\t\t\t<div data-dce-background-color=\"#AA2052E3\" class=\"elementor-element elementor-element-f2a3712 elementor-widget elementor-widget-button\" data-id=\"f2a3712\" data-element_type=\"widget\" data-e-type=\"widget\" data-widget_type=\"button.default\">\n\t\t\t\t<div class=\"elementor-widget-container\">\n\t\t\t\t\t\t\t\t\t<div class=\"elementor-button-wrapper\">\n\t\t\t\t\t<a class=\"elementor-button elementor-button-link elementor-size-sm\" href=\"https:\/\/hotel-ruland.de\/de\/restaurant\/\">\n\t\t\t\t\t\t<span class=\"elementor-button-content-wrapper\">\n\t\t\t\t\t\t\t\t\t<span class=\"elementor-button-text\">Restaurant<\/span>\n\t\t\t\t\t<\/span>\n\t\t\t\t\t<\/a>\n\t\t\t\t<\/div>\n\t\t\t\t\t\t\t\t<\/div>\n\t\t\t\t<\/div>\n\t\t\t\t<div data-dce-background-color=\"#AA2052E3\" class=\"elementor-element elementor-element-87369e9 elementor-widget elementor-widget-button\" data-id=\"87369e9\" data-element_type=\"widget\" data-e-type=\"widget\" data-widget_type=\"button.default\">\n\t\t\t\t<div class=\"elementor-widget-container\">\n\t\t\t\t\t\t\t\t\t<div class=\"elementor-button-wrapper\">\n\t\t\t\t\t<a class=\"elementor-button elementor-button-link elementor-size-sm\" href=\"https:\/\/hotel-ruland.de\/restaurant\/speisekarte\/\">\n\t\t\t\t\t\t<span class=\"elementor-button-content-wrapper\">\n\t\t\t\t\t\t\t\t\t<span class=\"elementor-button-text\">Bar<\/span>\n\t\t\t\t\t<\/span>\n\t\t\t\t\t<\/a>\n\t\t\t\t<\/div>\n\t\t\t\t\t\t\t\t<\/div>\n\t\t\t\t<\/div>\n\t\t\t\t<div data-dce-background-color=\"#AA2052E3\" class=\"elementor-element elementor-element-021cd52 elementor-widget elementor-widget-button\" data-id=\"021cd52\" data-element_type=\"widget\" data-e-type=\"widget\" data-widget_type=\"button.default\">\n\t\t\t\t<div class=\"elementor-widget-container\">\n\t\t\t\t\t\t\t\t\t<div class=\"elementor-button-wrapper\">\n\t\t\t\t\t<a class=\"elementor-button elementor-button-link elementor-size-sm\" href=\"https:\/\/hotel-ruland.de\/restaurant\/biergarten-weingarten\/\">\n\t\t\t\t\t\t<span class=\"elementor-button-content-wrapper\">\n\t\t\t\t\t\t\t\t\t<span class=\"elementor-button-text\">Sonnenterrasse<\/span>\n\t\t\t\t\t<\/span>\n\t\t\t\t\t<\/a>\n\t\t\t\t<\/div>\n\t\t\t\t\t\t\t\t<\/div>\n\t\t\t\t<\/div>\n\t\t\t\t<\/div>\n\t\t\t\t<\/div>\n\t\t\t\t<\/div>\n\t\t\t\t\t<\/div>\n\t\t\t\t<\/div>\n\t\t<div class=\"elementor-element elementor-element-75d2cb0 e-flex e-con-boxed e-con e-parent\" data-id=\"75d2cb0\" data-element_type=\"container\" data-e-type=\"container\" data-settings=\"{&quot;background_background&quot;:&quot;classic&quot;}\">\n\t\t\t\t\t<div class=\"e-con-inner\">\n\t\t<div data-dce-background-color=\"#E9EBED\" class=\"elementor-element elementor-element-f800845 e-con-full e-flex e-con e-child\" data-id=\"f800845\" data-element_type=\"container\" data-e-type=\"container\" data-settings=\"{&quot;background_background&quot;:&quot;classic&quot;}\">\n\t\t\t\t<div class=\"elementor-element elementor-element-77041c9 elementor-widget elementor-widget-heading\" data-id=\"77041c9\" data-element_type=\"widget\" data-e-type=\"widget\" data-widget_type=\"heading.default\">\n\t\t\t\t<div class=\"elementor-widget-container\">\n\t\t\t\t\t<h1 class=\"elementor-heading-title elementor-size-default\">Speisekarte (Auszug)<\/h1>\t\t\t\t<\/div>\n\t\t\t\t<\/div>\n\t\t\t\t<div class=\"elementor-element elementor-element-9c9e94d elementor-widget elementor-widget-text-editor\" data-id=\"9c9e94d\" data-element_type=\"widget\" data-e-type=\"widget\" data-widget_type=\"text-editor.default\">\n\t\t\t\t<div class=\"elementor-widget-container\">\n\t\t\t\t\t\t\t\t\t<p data-start=\"1913\" data-end=\"2008\"><strong data-start=\"1913\" data-end=\"1951\">Hausgemachte Kalbsfleischpflanzerl<\/strong><br data-start=\"1951\" data-end=\"1954\" \/>mit Kartoffel-Gurkensalat und Monschauer Senf<br data-start=\"1999\" data-end=\"2002\" \/>\u20ac 16,-<\/p><p data-start=\"2010\" data-end=\"2110\"><strong data-start=\"2010\" data-end=\"2045\">Rainer\u2019s hausgemachte Bratwurst<\/strong><br data-start=\"2045\" data-end=\"2048\" \/>mit Senf auf Kartoffel-Wirsinggem\u00fcse \u201euntereinander\u201c<br data-start=\"2100\" data-end=\"2103\" \/>\u20ac 16,50<\/p><p data-start=\"2112\" data-end=\"2158\"><strong data-start=\"2112\" data-end=\"2149\">Ruland\u2019s Fischs\u00fcppchen mit Scampi<\/strong><br data-start=\"2149\" data-end=\"2152\" \/>\u20ac 13,-<\/p><p data-start=\"2160\" data-end=\"2347\"><strong data-start=\"2160\" data-end=\"2201\">Kleurrijke zomer salades in walnoot dressing<\/strong><br data-start=\"2201\" data-end=\"2204\" \/>met Tuinkers, zaden, heester, tomaten en groenten brunoise<br data-start=\"2257\" data-end=\"2260\" \/>\u2013 mit Rumpsteak \u20ac 17,-<br data-start=\"2282\" data-end=\"2285\" \/>\u2013 mit gebratenen Scampis \u20ac 17,-<br data-start=\"2316\" data-end=\"2319\" \/>\u2013 mit Medjoul-Datteln \u20ac 17,-<\/p><p data-start=\"2349\" data-end=\"2488\"><strong data-start=\"2349\" data-end=\"2382\">Gebratenes Lachsforellenfilet<\/strong><br data-start=\"2382\" data-end=\"2385\" \/>mit Riesling-Zwiebelschmelze auf marinierten Tomaten,<br data-start=\"2438\" data-end=\"2441\" \/>K\u00fcrbiskernen und -\u00f6l, dazu Sommersalat<br data-start=\"2479\" data-end=\"2482\" \/>\u20ac 18,-<\/p><p data-start=\"2490\" data-end=\"2515\"><strong data-start=\"2490\" data-end=\"2507\">Side salade<\/strong><br data-start=\"2507\" data-end=\"2510\" \/>\u20ac 6,-<\/p><p data-start=\"2517\" data-end=\"2685\"><strong data-start=\"2517\" data-end=\"2572\">\u201eWinzerschmaus\u201c \u2013 Sauerteigfladen aus dem Steinofen<\/strong><br data-start=\"2572\" data-end=\"2575\" \/>mit Cr\u00e8me fra\u00eeche<br data-start=\"2592\" data-end=\"2595\" \/>\u2013 mit Speck und Zwiebeln \u20ac 16,-<br data-start=\"2626\" data-end=\"2629\" \/>\u2013 mit Blattspinat, Kirschtomaten und Pinienkernen \u20ac 16,-<\/p><p data-start=\"2687\" data-end=\"2766\"><strong data-start=\"2687\" data-end=\"2713\">Ahr-Forelle \u201eM\u00fcllerin\u201c<\/strong><br data-start=\"2713\" data-end=\"2716\" \/>mit Rosmarinkartoffeln und Fr\u00fchlingssalat<br data-start=\"2757\" data-end=\"2760\" \/>\u20ac 25,-<\/p><p data-start=\"2768\" data-end=\"2796\"><strong data-start=\"2768\" data-end=\"2796\">Kuchen nach Tagesangebot<\/strong><\/p><p data-start=\"2798\" data-end=\"2837\"><strong data-start=\"2798\" data-end=\"2828\">Cr\u00e8me br\u00fbl\u00e9e mit Erdbeeren<\/strong><br data-start=\"2828\" data-end=\"2831\" \/>\u20ac 9,50<\/p>\t\t\t\t\t\t\t\t<\/div>\n\t\t\t\t<\/div>\n\t\t\t\t<\/div>\n\t\t\t\t\t<\/div>\n\t\t\t\t<\/div>\n\t\t\t\t<\/div>","protected":false},"excerpt":{"rendered":"<p>Wein- und Biergarten an der Ahr Mach mal Halt in Altenahr! Mitten im Ahrtal, direkt am Hotel Ruland in Altenahr, erwartet Dich unser gem\u00fctlicher\u00a0Weingarten \u00a0\u2013 ein Ort zum Ankommen, Durchatmen und Genie\u00dfen. Unter schattenspendenden Sonnenschirmen, mit den F\u00fc\u00dfen im Kies und einem Glas Ahrwein in der Hand, f\u00fchlt sich der Moment einfach richtig an. Ob [&hellip;]<\/p>\n","protected":false},"author":1,"featured_media":2681,"parent":18,"menu_order":8,"comment_status":"closed","ping_status":"closed","template":"","meta":{"_acf_changed":false,"footnotes":""},"class_list":["post-2680","page","type-page","status-publish","has-post-thumbnail","hentry","wpbf-post"],"acf":[],"_links":{"self":[{"href":"http:\/\/hotel-ruland.de\/nl\/wp-json\/wp\/v2\/pages\/2680","targetHints":{"allow":["GET"]}}],"collection":[{"href":"http:\/\/hotel-ruland.de\/nl\/wp-json\/wp\/v2\/pages"}],"about":[{"href":"http:\/\/hotel-ruland.de\/nl\/wp-json\/wp\/v2\/types\/page"}],"author":[{"embeddable":true,"href":"http:\/\/hotel-ruland.de\/nl\/wp-json\/wp\/v2\/users\/1"}],"replies":[{"embeddable":true,"href":"http:\/\/hotel-ruland.de\/nl\/wp-json\/wp\/v2\/comments?post=2680"}],"version-history":[{"count":80,"href":"http:\/\/hotel-ruland.de\/nl\/wp-json\/wp\/v2\/pages\/2680\/revisions"}],"predecessor-version":[{"id":5727,"href":"http:\/\/hotel-ruland.de\/nl\/wp-json\/wp\/v2\/pages\/2680\/revisions\/5727"}],"up":[{"embeddable":true,"href":"http:\/\/hotel-ruland.de\/nl\/wp-json\/wp\/v2\/pages\/18"}],"wp:featuredmedia":[{"embeddable":true,"href":"http:\/\/hotel-ruland.de\/nl\/wp-json\/wp\/v2\/media\/2681"}],"wp:attachment":[{"href":"http:\/\/hotel-ruland.de\/nl\/wp-json\/wp\/v2\/media?parent=2680"}],"curies":[{"name":"wp","href":"https:\/\/api.w.org\/{rel}","templated":true}]}}