{"id":614,"date":"2022-10-23T09:19:56","date_gmt":"2022-10-23T07:19:56","guid":{"rendered":"http:\/\/2022.hotel-ruland.de\/?page_id=614"},"modified":"2026-03-25T15:04:35","modified_gmt":"2026-03-25T14:04:35","slug":"ruland-geschichte","status":"publish","type":"page","link":"http:\/\/hotel-ruland.de\/nl\/ruland-geschichte\/","title":{"rendered":"Geschiedenis van het Huis Ruland"},"content":{"rendered":"<div data-elementor-type=\"wp-page\" data-elementor-id=\"614\" class=\"elementor elementor-614\" data-elementor-post-type=\"page\">\n\t\t\t\t<div class=\"elementor-element elementor-element-39739cd3 e-flex e-con-boxed e-con e-parent\" data-id=\"39739cd3\" data-element_type=\"container\" data-e-type=\"container\">\n\t\t\t\t\t<div class=\"e-con-inner\">\n\t\t\t\t<div class=\"elementor-element elementor-element-18a7fa92 elementor-widget elementor-widget-heading\" data-id=\"18a7fa92\" data-element_type=\"widget\" data-e-type=\"widget\" data-widget_type=\"heading.default\">\n\t\t\t\t<div class=\"elementor-widget-container\">\n\t\t\t\t\t<h1 class=\"elementor-heading-title elementor-size-default\">Geschiedenis van het Huis Ruland<\/h1>\t\t\t\t<\/div>\n\t\t\t\t<\/div>\n\t\t\t\t<div class=\"elementor-element elementor-element-199bf46 elementor-widget elementor-widget-text-editor\" data-id=\"199bf46\" data-element_type=\"widget\" data-e-type=\"widget\" data-widget_type=\"text-editor.default\">\n\t\t\t\t<div class=\"elementor-widget-container\">\n\t\t\t\t\t\t\t\t\t<p data-start=\"180\" data-end=\"483\">In 1862, in de opkomende toeristische badplaats\u00a0<a href=\"https:\/\/altenahr-ahr.de\/\" target=\"_blank\" rel=\"noopener\">Altenahr<\/a>\u00a0Naast de kuiperij van Karl Josef Ruland, afkomstig uit Andernach, werden de eerste zes gastenkamers ingericht, die zijn vrouw Elisabeth verhuurde. Hiermee legde de familie Ruland de basis voor het huidige Hotel Ruland aan de rivier de Ahr.<\/p><p data-start=\"485\" data-end=\"667\">Hun zoon, Michael Josef Ruland, die vanaf 1880 als herbergier en kuiper geregistreerd stond, nam de zaak van zijn ouders over en runde deze tot aan zijn dood op 14 april 1892.<\/p><p data-start=\"669\" data-end=\"1070\">Omdat zijn eerste vrouw, Maria Anna Langen, in 1878 was overleden tijdens de bevalling van hun vijfde kind, trouwde Ruland met haar zus, Mechthildis Langen. Na zijn dood trouwde zij met de wijnboer Jakob Josten uit Recher, maar behield de naam \"Ruland\". Rond de eeuwwisseling breidden de Jostens het bedrijf uit met 20 extra bedden en eetkamers.<\/p>\t\t\t\t\t\t\t\t<\/div>\n\t\t\t\t<\/div>\n\t\t\t\t<div class=\"elementor-element elementor-element-89804be elementor-widget elementor-widget-heading\" data-id=\"89804be\" data-element_type=\"widget\" data-e-type=\"widget\" data-widget_type=\"heading.default\">\n\t\t\t\t<div class=\"elementor-widget-container\">\n\t\t\t\t\t<h2 class=\"elementor-heading-title elementor-size-default\">Ruland House na 1945<\/h2>\t\t\t\t<\/div>\n\t\t\t\t<\/div>\n\t\t\t\t<div class=\"elementor-element elementor-element-6a40def elementor-widget elementor-widget-text-editor\" data-id=\"6a40def\" data-element_type=\"widget\" data-e-type=\"widget\" data-widget_type=\"text-editor.default\">\n\t\t\t\t<div class=\"elementor-widget-container\">\n\t\t\t\t\t\t\t\t\t<p data-start=\"1072\" data-end=\"1477\">Na de moeilijke oorlogsjaren, waarin hun oudste zoon, Jakob-Erich (geboren in 1927), werd opgeroepen voor militaire dienst, namen hun dochter Gertrud en haar echtgenoot, Heinrich Carnott uit Ahrbr\u00fcck, de zaak over. Aanvankelijk lag de focus op de wederopbouw. \u200b\u200bZoals veel families in die tijd, bewerkten de Carnotts naast de herberg ook hun eigen wijngaarden, die tot op de dag van vandaag nog steeds door Andreas Carnott worden onderhouden.<\/p>\t\t\t\t\t\t\t\t<\/div>\n\t\t\t\t<\/div>\n\t\t\t\t<div class=\"elementor-element elementor-element-9c7cc91 elementor-widget elementor-widget-heading\" data-id=\"9c7cc91\" data-element_type=\"widget\" data-e-type=\"widget\" data-widget_type=\"heading.default\">\n\t\t\t\t<div class=\"elementor-widget-container\">\n\t\t\t\t\t<h2 class=\"elementor-heading-title elementor-size-default\">Van herberg naar hotel\n<\/h2>\t\t\t\t<\/div>\n\t\t\t\t<\/div>\n\t\t\t\t<div class=\"elementor-element elementor-element-3c37c13 elementor-widget elementor-widget-text-editor\" data-id=\"3c37c13\" data-element_type=\"widget\" data-e-type=\"widget\" data-widget_type=\"text-editor.default\">\n\t\t\t\t<div class=\"elementor-widget-container\">\n\t\t\t\t\t\t\t\t\t<p data-start=\"1479\" data-end=\"2138\">Zelfs na het overlijden van Heinrich in februari 1958 bleef Gertrud het bedrijf leiden tot ze het in 1970 overdroeg aan haar zoon. Jakob-Erich had na zijn terugkeer uit Franse krijgsgevangenschap in 1948 een hotelmanagementopleiding gevolgd aan de staatsschool voor hotelmanagement aan de Tegernsee (1952-1954). Zijn vrouw, Henriette Heinen uit Ahrweiler, dochter van een wijnboer, was een van de weinige vrouwen in haar tijd met een afgeronde koksopleiding. Samen legden ze de basis voor de moderne hotelbranche van de jaren tachtig door middel van talloze bouwprojecten. Hotel Ruland, met zijn circa 200 zitplaatsen, vestigde zich al snel als een populair hotel in het Ahrdal.<\/p>\t\t\t\t\t\t\t\t<\/div>\n\t\t\t\t<\/div>\n\t\t\t\t<div class=\"elementor-element elementor-element-244cbe8 elementor-widget elementor-widget-heading\" data-id=\"244cbe8\" data-element_type=\"widget\" data-e-type=\"widget\" data-widget_type=\"heading.default\">\n\t\t\t\t<div class=\"elementor-widget-container\">\n\t\t\t\t\t<h2 class=\"elementor-heading-title elementor-size-default\">Nieuw Weg\n<\/h2>\t\t\t\t<\/div>\n\t\t\t\t<\/div>\n\t\t\t\t<div class=\"elementor-element elementor-element-38926c0 elementor-widget elementor-widget-text-editor\" data-id=\"38926c0\" data-element_type=\"widget\" data-e-type=\"widget\" data-widget_type=\"text-editor.default\">\n\t\t\t\t<div class=\"elementor-widget-container\">\n\t\t\t\t\t\t\t\t\t<p data-start=\"2140\" data-end=\"2695\">Na 29 jaar in handen van de eigenaar te zijn geweest, werd het hotel in 1999 overgedragen aan Andreas Carnott. Met hem brak een nieuw tijdperk aan: de jongste van vier broers en zussen, die onder andere voor Michelin-sterrenchef Hans-Stefan Steinheuer en in Steigenberger-hotels in Bad Neuenahr en Hamburg had gewerkt, begon direct met de modernisering van het gebouw. \u200b\u200bSamen met zijn vrouw Bernadette ontwikkelde hij het hotel gestaag verder \u2013 met de toevoeging van een lift, gerenoveerde kamers en een helder concept voor het restaurant. Begin 2004 kreeg ook het idee voor de biertuin aan de Ahrpromenade vorm.<\/p><p data-start=\"2697\" data-end=\"3154\">Met de opening van het Brunnenhaus (Bronhuis) in mei 2014 behaalde het hotel de 4-sterrenstatus. De gerenommeerde architect Hans J\u00fcrgen Mertens uit Bad Neuenahr ontwierp een nieuw gastenverblijf met twaalf suites op de plek van het voormalige Hotel M\u00f6nch. Het gevelontwerp is ge\u00efnspireerd op de wijngaarden en weerspiegelt de nauwe band met de regio. Een 17e-eeuwse waterput, die tijdens de sloopwerkzaamheden werd ontdekt, gaf het gebouw zijn naam.<\/p>\t\t\t\t\t\t\t\t<\/div>\n\t\t\t\t<\/div>\n\t\t\t\t<div class=\"elementor-element elementor-element-67a7715 elementor-widget elementor-widget-heading\" data-id=\"67a7715\" data-element_type=\"widget\" data-e-type=\"widget\" data-widget_type=\"heading.default\">\n\t\t\t\t<div class=\"elementor-widget-container\">\n\t\t\t\t\t<h2 class=\"elementor-heading-title elementor-size-default\">De overstroming van de Ahr<\/h2>\t\t\t\t<\/div>\n\t\t\t\t<\/div>\n\t\t\t\t<div class=\"elementor-element elementor-element-c13c255 elementor-widget elementor-widget-text-editor\" data-id=\"c13c255\" data-element_type=\"widget\" data-e-type=\"widget\" data-widget_type=\"text-editor.default\">\n\t\t\t\t<div class=\"elementor-widget-container\">\n\t\t\t\t\t\t\t\t\t<p>Hoewel het hotel zelfs tijdens de coronacrisis flexibel en modern bleef, bracht de overstroming in juli 2021 een ingrijpende verandering teweeg: het restaurant, de keuken, de tuin en twee verdiepingen van het waterputhuis werden volledig verwoest.<\/p><p>Slechts twee weken na de overstroming besloot Andreas Carnott om het familiebedrijf voort te zetten en het op een duurzame manier opnieuw op te bouwen voor toekomstige generaties.\u00a0<\/p>\t\t\t\t\t\t\t\t<\/div>\n\t\t\t\t<\/div>\n\t\t\t\t<div class=\"elementor-element elementor-element-2a37dbb elementor-widget elementor-widget-heading\" data-id=\"2a37dbb\" data-element_type=\"widget\" data-e-type=\"widget\" data-widget_type=\"heading.default\">\n\t\t\t\t<div class=\"elementor-widget-container\">\n\t\t\t\t\t<h2 class=\"elementor-heading-title elementor-size-default\">Ruland vandaag<\/h2>\t\t\t\t<\/div>\n\t\t\t\t<\/div>\n\t\t\t\t<div class=\"elementor-element elementor-element-578aa89 elementor-widget elementor-widget-text-editor\" data-id=\"578aa89\" data-element_type=\"widget\" data-e-type=\"widget\" data-widget_type=\"text-editor.default\">\n\t\t\t\t<div class=\"elementor-widget-container\">\n\t\t\t\t\t\t\t\t\t<p>Na de heropening in de nazomer van 2022 presenteert Hotel Ruland zich als gemoderniseerd en uitgebreid \u2013 inclusief een\u00a0<a href=\"https:\/\/hotel-ruland.de\/ruheland\/sauna\/\">Sauna<\/a>\u00a0op de derde verdieping, een nieuw ontworpen\u00a0<a href=\"https:\/\/hotel-ruland.de\/restaurant\/\">Restaurantgedeelte met lounge met open haard<\/a>\u00a0evenals het gerestaureerde buitengebied en\u00a0<a href=\"https:\/\/hotel-ruland.de\/restaurant\/biergarten-weingarten\/\">Weingarten<\/a> direct aan de rivier de Ahr.<\/p><p>Hotel-Restaurant Ruland presenteert zich vandaag de dag als een modern 4-sterrenhotel in het hart van de Ahrvallei. Ruime kamers, een restaurant dat tot ver in de regio bekend staat, de populaire wijngaard direct aan de oevers van de Ahr, en sauna- en fitnessruimtes combineren comfort, plezier en ontspanning op een unieke manier. Het hotel is tot op de dag van vandaag in familiebezit \u2013 gekenmerkt door oprechte gastvrijheid, regionale banden en een streven naar een perfecte mix van traditie en moderniteit.<\/p>\t\t\t\t\t\t\t\t<\/div>\n\t\t\t\t<\/div>\n\t\t<div class=\"elementor-element elementor-element-cf528a1 e-con-full e-flex e-con e-child\" data-id=\"cf528a1\" data-element_type=\"container\" data-e-type=\"container\">\n\t\t\t\t<div data-dce-background-color=\"#AA2052E3\" class=\"elementor-element elementor-element-5b496a1 elementor-widget elementor-widget-button\" data-id=\"5b496a1\" data-element_type=\"widget\" data-e-type=\"widget\" data-widget_type=\"button.default\">\n\t\t\t\t<div class=\"elementor-widget-container\">\n\t\t\t\t\t\t\t\t\t<div class=\"elementor-button-wrapper\">\n\t\t\t\t\t<a class=\"elementor-button elementor-button-link elementor-size-sm\" href=\"https:\/\/hotel-ruland.de\/ruland-geschichte\/unser-team\/\">\n\t\t\t\t\t\t<span class=\"elementor-button-content-wrapper\">\n\t\t\t\t\t\t\t\t\t<span class=\"elementor-button-text\">Team<\/span>\n\t\t\t\t\t<\/span>\n\t\t\t\t\t<\/a>\n\t\t\t\t<\/div>\n\t\t\t\t\t\t\t\t<\/div>\n\t\t\t\t<\/div>\n\t\t\t\t<div data-dce-background-color=\"#AA2052E3\" class=\"elementor-element elementor-element-09aade2 elementor-widget elementor-widget-button\" data-id=\"09aade2\" data-element_type=\"widget\" data-e-type=\"widget\" data-widget_type=\"button.default\">\n\t\t\t\t<div class=\"elementor-widget-container\">\n\t\t\t\t\t\t\t\t\t<div class=\"elementor-button-wrapper\">\n\t\t\t\t\t<a class=\"elementor-button elementor-button-link elementor-size-sm\" href=\"https:\/\/hotel-ruland.de\/jobs\/\">\n\t\t\t\t\t\t<span class=\"elementor-button-content-wrapper\">\n\t\t\t\t\t\t\t\t\t<span class=\"elementor-button-text\">Carri\u00e8re<\/span>\n\t\t\t\t\t<\/span>\n\t\t\t\t\t<\/a>\n\t\t\t\t<\/div>\n\t\t\t\t\t\t\t\t<\/div>\n\t\t\t\t<\/div>\n\t\t\t\t<div data-dce-background-color=\"#AA2052E3\" class=\"elementor-element elementor-element-b4653de elementor-widget elementor-widget-button\" data-id=\"b4653de\" data-element_type=\"widget\" data-e-type=\"widget\" data-widget_type=\"button.default\">\n\t\t\t\t<div class=\"elementor-widget-container\">\n\t\t\t\t\t\t\t\t\t<div class=\"elementor-button-wrapper\">\n\t\t\t\t\t<a class=\"elementor-button elementor-button-link elementor-size-sm\" href=\"https:\/\/hotel-ruland.de\/ruland-geschichte\/impressionen\/\">\n\t\t\t\t\t\t<span class=\"elementor-button-content-wrapper\">\n\t\t\t\t\t\t\t\t\t<span class=\"elementor-button-text\">Vertoningen<\/span>\n\t\t\t\t\t<\/span>\n\t\t\t\t\t<\/a>\n\t\t\t\t<\/div>\n\t\t\t\t\t\t\t\t<\/div>\n\t\t\t\t<\/div>\n\t\t\t\t<\/div>\n\t\t\t\t\t<\/div>\n\t\t\t\t<\/div>\n\t\t\t\t<\/div>","protected":false},"excerpt":{"rendered":"<p>Geschichte des Hauses Ruland Im Jahre 1862 wurden im aufstrebenden Fremdenverkehrsort\u00a0Altenahr\u00a0neben der K\u00fcferwerkstatt des geb\u00fcrtigen Andernachers Karl Josef Ruland die ersten sechs G\u00e4stezimmer eingerichtet, die seine Frau Elisabeth vermietete. Damit legte die Familie Ruland den Grundstein f\u00fcr das heutige Hotel Ruland an der Ahr. Ihr Sohn, Michael Josef Ruland, dessen Beruf ab 1880 mit Gastwirt [&hellip;]<\/p>\n","protected":false},"author":1,"featured_media":891,"parent":0,"menu_order":1,"comment_status":"closed","ping_status":"closed","template":"","meta":{"_acf_changed":false,"footnotes":""},"class_list":["post-614","page","type-page","status-publish","has-post-thumbnail","hentry","wpbf-post"],"acf":[],"_links":{"self":[{"href":"http:\/\/hotel-ruland.de\/nl\/wp-json\/wp\/v2\/pages\/614","targetHints":{"allow":["GET"]}}],"collection":[{"href":"http:\/\/hotel-ruland.de\/nl\/wp-json\/wp\/v2\/pages"}],"about":[{"href":"http:\/\/hotel-ruland.de\/nl\/wp-json\/wp\/v2\/types\/page"}],"author":[{"embeddable":true,"href":"http:\/\/hotel-ruland.de\/nl\/wp-json\/wp\/v2\/users\/1"}],"replies":[{"embeddable":true,"href":"http:\/\/hotel-ruland.de\/nl\/wp-json\/wp\/v2\/comments?post=614"}],"version-history":[{"count":21,"href":"http:\/\/hotel-ruland.de\/nl\/wp-json\/wp\/v2\/pages\/614\/revisions"}],"predecessor-version":[{"id":5809,"href":"http:\/\/hotel-ruland.de\/nl\/wp-json\/wp\/v2\/pages\/614\/revisions\/5809"}],"wp:featuredmedia":[{"embeddable":true,"href":"http:\/\/hotel-ruland.de\/nl\/wp-json\/wp\/v2\/media\/891"}],"wp:attachment":[{"href":"http:\/\/hotel-ruland.de\/nl\/wp-json\/wp\/v2\/media?parent=614"}],"curies":[{"name":"wp","href":"https:\/\/api.w.org\/{rel}","templated":true}]}}