{"id":2778,"date":"2022-11-11T10:31:59","date_gmt":"2022-11-11T09:31:59","guid":{"rendered":"http:\/\/2022.hotel-ruland.de\/?page_id=2778"},"modified":"2026-03-25T13:02:17","modified_gmt":"2026-03-25T12:02:17","slug":"events-veranstaltungen","status":"publish","type":"page","link":"https:\/\/hotel-ruland.de\/de\/restaurant\/events-veranstaltungen\/","title":{"rendered":"Events<br>Veranstaltungen"},"content":{"rendered":"\t\t<div data-elementor-type=\"wp-page\" data-elementor-id=\"2778\" class=\"elementor elementor-2778\" data-elementor-post-type=\"page\">\n\t\t\t\t<div class=\"elementor-element elementor-element-6e81a4d e-flex e-con-boxed e-con e-parent\" data-id=\"6e81a4d\" data-element_type=\"container\" data-e-type=\"container\">\n\t\t\t\t\t<div class=\"e-con-inner\">\n\t\t\t\t<div class=\"elementor-element elementor-element-196533c4 elementor-widget elementor-widget-heading\" data-id=\"196533c4\" data-element_type=\"widget\" data-e-type=\"widget\" data-widget_type=\"heading.default\">\n\t\t\t\t<div class=\"elementor-widget-container\">\n\t\t\t\t\t<h1 class=\"elementor-heading-title elementor-size-default\">Events &amp; Feiern in Altenahr \u2013 <br>im Hotel Ruland<\/h1>\t\t\t\t<\/div>\n\t\t\t\t<\/div>\n\t\t\t\t<div class=\"elementor-element elementor-element-7170378d nurtext elementor-widget elementor-widget-text-editor\" data-id=\"7170378d\" data-element_type=\"widget\" data-e-type=\"widget\" data-widget_type=\"text-editor.default\">\n\t\t\t\t<div class=\"elementor-widget-container\">\n\t\t\t\t\t\t\t\t\t<p data-section-id=\"1q2g353\" data-start=\"343\" data-end=\"372\"><strong>Raum f\u00fcr besondere Anl\u00e4sse<\/strong><\/p><h2 data-start=\"374\" data-end=\"495\">Ob private Feiern, Firmen-Events oder besondere Veranstaltungen \u2013 im Hotel Ruland in <a href=\"https:\/\/altenahr-ahr.de\/\" target=\"_blank\" rel=\"noopener\">Altenahr<\/a> finden Sie den passenden Rahmen.<\/h2><p data-start=\"497\" data-end=\"675\">Von der kleinen Runde bis zur gr\u00f6\u00dferen Gesellschaft bieten wir Ihnen verschiedene R\u00e4ume und flexible M\u00f6glichkeiten, Ihre Veranstaltung ganz nach Ihren Vorstellungen zu gestalten.<\/p>\t\t\t\t\t\t\t\t<\/div>\n\t\t\t\t<\/div>\n\t\t\t\t\t<\/div>\n\t\t\t\t<\/div>\n\t\t<div class=\"elementor-element elementor-element-70c60eb8 e-flex e-con-boxed e-con e-parent\" data-id=\"70c60eb8\" data-element_type=\"container\" data-e-type=\"container\" data-settings=\"{&quot;background_background&quot;:&quot;classic&quot;}\">\n\t\t\t\t\t<div class=\"e-con-inner\">\n\t\t<div class=\"elementor-element elementor-element-5da334a0 e-con-full e-flex e-con e-child\" data-id=\"5da334a0\" data-element_type=\"container\" data-e-type=\"container\">\n\t\t<div class=\"elementor-element elementor-element-8c724e6 e-con-full e-flex e-con e-child\" data-id=\"8c724e6\" data-element_type=\"container\" data-e-type=\"container\">\n\t\t\t\t<div class=\"elementor-element elementor-element-e9632e0 dce_masking-none elementor-widget elementor-widget-image\" data-id=\"e9632e0\" data-element_type=\"widget\" data-e-type=\"widget\" data-widget_type=\"image.default\">\n\t\t\t\t<div class=\"elementor-widget-container\">\n\t\t\t\t\t\t\t\t\t\t\t\t\t\t\t<img fetchpriority=\"high\" decoding=\"async\" width=\"1024\" height=\"614\" src=\"https:\/\/hotel-ruland.de\/wp-content\/uploads\/2023\/02\/ruland_230203__KRA9703_WEB2520_35-1024x614.jpg\" class=\"attachment-large size-large wp-image-3717\" alt=\"\" srcset=\"https:\/\/hotel-ruland.de\/wp-content\/uploads\/2023\/02\/ruland_230203__KRA9703_WEB2520_35-1024x614.jpg 1024w, https:\/\/hotel-ruland.de\/wp-content\/uploads\/2023\/02\/ruland_230203__KRA9703_WEB2520_35-300x180.jpg 300w, https:\/\/hotel-ruland.de\/wp-content\/uploads\/2023\/02\/ruland_230203__KRA9703_WEB2520_35-768x460.jpg 768w, https:\/\/hotel-ruland.de\/wp-content\/uploads\/2023\/02\/ruland_230203__KRA9703_WEB2520_35-1536x920.jpg 1536w, https:\/\/hotel-ruland.de\/wp-content\/uploads\/2023\/02\/ruland_230203__KRA9703_WEB2520_35-2048x1227.jpg 2048w, https:\/\/hotel-ruland.de\/wp-content\/uploads\/2023\/02\/ruland_230203__KRA9703_WEB2520_35-1320x791.jpg 1320w\" sizes=\"(max-width: 1024px) 100vw, 1024px\" \/>\t\t\t\t\t\t\t\t\t\t\t\t\t\t\t<\/div>\n\t\t\t\t<\/div>\n\t\t\t\t<\/div>\n\t\t<div class=\"elementor-element elementor-element-756ec5a2 e-con-full e-flex e-con e-child\" data-id=\"756ec5a2\" data-element_type=\"container\" data-e-type=\"container\">\n\t\t\t\t<div class=\"elementor-element elementor-element-44b8a50e elementor-widget elementor-widget-heading\" data-id=\"44b8a50e\" data-element_type=\"widget\" data-e-type=\"widget\" data-widget_type=\"heading.default\">\n\t\t\t\t<div class=\"elementor-widget-container\">\n\t\t\t\t\t<h2 class=\"elementor-heading-title elementor-size-default\">Feiern, Tagen und Genie\u00dfen<\/h2>\t\t\t\t<\/div>\n\t\t\t\t<\/div>\n\t\t\t\t<div class=\"elementor-element elementor-element-6e81ed20 nurtext elementor-widget elementor-widget-text-editor\" data-id=\"6e81ed20\" data-element_type=\"widget\" data-e-type=\"widget\" data-widget_type=\"text-editor.default\">\n\t\t\t\t<div class=\"elementor-widget-container\">\n\t\t\t\t\t\t\t\t\t<h2 data-start=\"713\" data-end=\"828\">Geburtstag, Jubil\u00e4um, Familienfeier oder Firmenveranstaltung \u2013 wir begleiten Sie von der Planung bis zur Umsetzung.<\/h2><p data-start=\"830\" data-end=\"1014\">Unsere unterschiedlichen R\u00e4umlichkeiten erm\u00f6glichen Veranstaltungen in stilvollem Ambiente \u2013 ob im separaten Raum, im <a href=\"https:\/\/hotel-ruland.de\/restaurant\/\">Restaurant<\/a> oder auf unserer Terrasse und im <a href=\"https:\/\/hotel-ruland.de\/restaurant\/biergarten-weingarten\/\">Weingarten<\/a> an der Ahr.<\/p><p data-start=\"1016\" data-end=\"1160\">Dabei k\u00fcmmern wir uns nicht nur um den passenden Rahmen, sondern auch um das kulinarische Erlebnis \u2013 abgestimmt auf Ihre W\u00fcnsche und den Anlass.<\/p>\t\t\t\t\t\t\t\t<\/div>\n\t\t\t\t<\/div>\n\t\t\t\t<\/div>\n\t\t\t\t<\/div>\n\t\t<div class=\"elementor-element elementor-element-651067b0 e-con-full e-flex e-con e-child\" data-id=\"651067b0\" data-element_type=\"container\" data-e-type=\"container\">\n\t\t<div class=\"elementor-element elementor-element-1da1cdbf e-con-full e-flex e-con e-child\" data-id=\"1da1cdbf\" data-element_type=\"container\" data-e-type=\"container\">\n\t\t\t\t<div class=\"elementor-element elementor-element-7681494f elementor-widget elementor-widget-heading\" data-id=\"7681494f\" data-element_type=\"widget\" data-e-type=\"widget\" data-widget_type=\"heading.default\">\n\t\t\t\t<div class=\"elementor-widget-container\">\n\t\t\t\t\t<h2 class=\"elementor-heading-title elementor-size-default\">Individuell geplant \u2013 pers\u00f6nlich umgesetzt<\/h2>\t\t\t\t<\/div>\n\t\t\t\t<\/div>\n\t\t\t\t<div class=\"elementor-element elementor-element-5aa2f93a nurtext elementor-widget elementor-widget-text-editor\" data-id=\"5aa2f93a\" data-element_type=\"widget\" data-e-type=\"widget\" data-widget_type=\"text-editor.default\">\n\t\t\t\t<div class=\"elementor-widget-container\">\n\t\t\t\t\t\t\t\t\t<h2 data-start=\"1214\" data-end=\"1288\">Jede Event und Veranstaltung ist anders. Deshalb nehmen wir uns Zeit f\u00fcr Ihre Ideen.<\/h2><p data-start=\"1290\" data-end=\"1522\">Gemeinsam planen wir Ablauf, Men\u00fc oder Buffet, Getr\u00e4nke und den passenden Rahmen. Unser erfahrenes Team sorgt daf\u00fcr, dass am Veranstaltungstag alles reibungslos funktioniert \u2013 damit Sie sich ganz auf Ihre G\u00e4ste konzentrieren k\u00f6nnen.<\/p>\t\t\t\t\t\t\t\t<\/div>\n\t\t\t\t<\/div>\n\t\t\t\t<\/div>\n\t\t<div class=\"elementor-element elementor-element-7db49088 e-con-full e-flex e-con e-child\" data-id=\"7db49088\" data-element_type=\"container\" data-e-type=\"container\">\n\t\t\t\t<div class=\"elementor-element elementor-element-7cc64d9a dce_masking-none elementor-widget elementor-widget-image\" data-id=\"7cc64d9a\" data-element_type=\"widget\" data-e-type=\"widget\" data-widget_type=\"image.default\">\n\t\t\t\t<div class=\"elementor-widget-container\">\n\t\t\t\t\t\t\t\t\t\t\t\t\t\t\t<img decoding=\"async\" width=\"768\" height=\"1024\" src=\"https:\/\/hotel-ruland.de\/wp-content\/uploads\/2026\/03\/Events-teller-768x1024.jpg\" class=\"attachment-large size-large wp-image-5755\" alt=\"Vorspeisen im Restaurant des Hotel Ruland Altenahr\" srcset=\"https:\/\/hotel-ruland.de\/wp-content\/uploads\/2026\/03\/Events-teller-768x1024.jpg 768w, https:\/\/hotel-ruland.de\/wp-content\/uploads\/2026\/03\/Events-teller-225x300.jpg 225w, https:\/\/hotel-ruland.de\/wp-content\/uploads\/2026\/03\/Events-teller-1152x1536.jpg 1152w, https:\/\/hotel-ruland.de\/wp-content\/uploads\/2026\/03\/Events-teller-9x12.jpg 9w, https:\/\/hotel-ruland.de\/wp-content\/uploads\/2026\/03\/Events-teller-1320x1760.jpg 1320w, https:\/\/hotel-ruland.de\/wp-content\/uploads\/2026\/03\/Events-teller.jpg 1440w\" sizes=\"(max-width: 768px) 100vw, 768px\" \/>\t\t\t\t\t\t\t\t\t\t\t\t\t\t\t<\/div>\n\t\t\t\t<\/div>\n\t\t\t\t<\/div>\n\t\t\t\t<\/div>\n\t\t\t\t\t<\/div>\n\t\t\t\t<\/div>\n\t\t<div class=\"elementor-element elementor-element-9e429f5 e-flex e-con-boxed e-con e-parent\" data-id=\"9e429f5\" data-element_type=\"container\" data-e-type=\"container\">\n\t\t\t\t\t<div class=\"e-con-inner\">\n\t\t\t\t<div class=\"elementor-element elementor-element-5cfaa97 elementor-widget elementor-widget-heading\" data-id=\"5cfaa97\" data-element_type=\"widget\" data-e-type=\"widget\" data-widget_type=\"heading.default\">\n\t\t\t\t<div class=\"elementor-widget-container\">\n\t\t\t\t\t<h1 class=\"elementor-heading-title elementor-size-default\">Unsere Events im \u00dcberblick<\/h1>\t\t\t\t<\/div>\n\t\t\t\t<\/div>\n\t\t\t\t<div class=\"elementor-element elementor-element-e056ac3 nurtext elementor-widget elementor-widget-text-editor\" data-id=\"e056ac3\" data-element_type=\"widget\" data-e-type=\"widget\" data-widget_type=\"text-editor.default\">\n\t\t\t\t<div class=\"elementor-widget-container\">\n\t\t\t\t\t\t\t\t\t<p data-start=\"1560\" data-end=\"1694\">Neben individuellen Feiern veranstalten wir regelm\u00e4\u00dfig eigene Events im Hotel Ruland \u2013 von Weinproben bis zu besonderen Genussabenden.<\/p><p data-start=\"1696\" data-end=\"1743\"><strong>Alle aktuellen Veranstaltungen finden Sie hier:<\/strong><\/p>\t\t\t\t\t\t\t\t<\/div>\n\t\t\t\t<\/div>\n\t\t\t\t\t<\/div>\n\t\t\t\t<\/div>\n\t\t\t\t<\/div>\n\t\t","protected":false},"excerpt":{"rendered":"<p>Events &amp; Feiern in Altenahr \u2013 im Hotel Ruland Raum f\u00fcr besondere Anl\u00e4sse Ob private Feiern, Firmen-Events oder besondere Veranstaltungen \u2013 im Hotel Ruland in Altenahr finden Sie den passenden Rahmen. Von der kleinen Runde bis zur gr\u00f6\u00dferen Gesellschaft bieten wir Ihnen verschiedene R\u00e4ume und flexible M\u00f6glichkeiten, Ihre Veranstaltung ganz nach Ihren Vorstellungen zu gestalten. [&hellip;]<\/p>\n","protected":false},"author":1,"featured_media":5759,"parent":18,"menu_order":7,"comment_status":"closed","ping_status":"closed","template":"","meta":{"_acf_changed":false,"footnotes":""},"class_list":["post-2778","page","type-page","status-publish","has-post-thumbnail","hentry","wpbf-post"],"acf":[],"_links":{"self":[{"href":"https:\/\/hotel-ruland.de\/de\/wp-json\/wp\/v2\/pages\/2778","targetHints":{"allow":["GET"]}}],"collection":[{"href":"https:\/\/hotel-ruland.de\/de\/wp-json\/wp\/v2\/pages"}],"about":[{"href":"https:\/\/hotel-ruland.de\/de\/wp-json\/wp\/v2\/types\/page"}],"author":[{"embeddable":true,"href":"https:\/\/hotel-ruland.de\/de\/wp-json\/wp\/v2\/users\/1"}],"replies":[{"embeddable":true,"href":"https:\/\/hotel-ruland.de\/de\/wp-json\/wp\/v2\/comments?post=2778"}],"version-history":[{"count":24,"href":"https:\/\/hotel-ruland.de\/de\/wp-json\/wp\/v2\/pages\/2778\/revisions"}],"predecessor-version":[{"id":5771,"href":"https:\/\/hotel-ruland.de\/de\/wp-json\/wp\/v2\/pages\/2778\/revisions\/5771"}],"up":[{"embeddable":true,"href":"https:\/\/hotel-ruland.de\/de\/wp-json\/wp\/v2\/pages\/18"}],"wp:featuredmedia":[{"embeddable":true,"href":"https:\/\/hotel-ruland.de\/de\/wp-json\/wp\/v2\/media\/5759"}],"wp:attachment":[{"href":"https:\/\/hotel-ruland.de\/de\/wp-json\/wp\/v2\/media?parent=2778"}],"curies":[{"name":"wp","href":"https:\/\/api.w.org\/{rel}","templated":true}]}}