{"id":4969,"date":"2026-03-18T16:54:23","date_gmt":"2026-03-18T15:54:23","guid":{"rendered":"https:\/\/hotel-ruland.de\/?page_id=4969"},"modified":"2026-03-25T15:09:58","modified_gmt":"2026-03-25T14:09:58","slug":"podcast-kuechenschnack","status":"publish","type":"page","link":"https:\/\/hotel-ruland.de\/de\/podcast-kuechenschnack\/","title":{"rendered":"Jacob Carnot im K\u00fcchenschnack"},"content":{"rendered":"\t\t<div data-elementor-type=\"wp-page\" data-elementor-id=\"4969\" class=\"elementor elementor-4969\" data-elementor-post-type=\"page\">\n\t\t\t\t<div class=\"elementor-element elementor-element-519d5ec e-flex e-con-boxed e-con e-parent\" data-id=\"519d5ec\" data-element_type=\"container\" data-e-type=\"container\">\n\t\t\t\t\t<div class=\"e-con-inner\">\n\t\t\t\t<div class=\"elementor-element elementor-element-9c1411b elementor-widget elementor-widget-heading\" data-id=\"9c1411b\" data-element_type=\"widget\" data-e-type=\"widget\" data-widget_type=\"heading.default\">\n\t\t\t\t<div class=\"elementor-widget-container\">\n\t\t\t\t\t<h1 class=\"elementor-heading-title elementor-size-default\">Hotel Ruland im K\u00fcchenschnack -<br>Wo aus Geschichte Zukunft wird<\/h1>\t\t\t\t<\/div>\n\t\t\t\t<\/div>\n\t\t\t\t<div class=\"elementor-element elementor-element-b74ded0 elementor-widget elementor-widget-text-editor\" data-id=\"b74ded0\" data-element_type=\"widget\" data-e-type=\"widget\" data-widget_type=\"text-editor.default\">\n\t\t\t\t<div class=\"elementor-widget-container\">\n\t\t\t\t\t\t\t\t\t<p data-start=\"508\" data-end=\"709\"><strong>Wie gelingt der Spagat zwischen Tradition und Aufbruch?<\/strong><br data-start=\"563\" data-end=\"566\" \/><strong>In diesem Podcast werfen wir einen pers\u00f6nlichen Blick hinter die Kulissen des Hotel Ruland im Herzen des <span class=\"hover:entity-accent entity-underline inline cursor-pointer align-baseline\"><span class=\"whitespace-normal\">Ahrtal<\/span><\/span>.<\/strong><\/p><p data-start=\"711\" data-end=\"995\">Im Gespr\u00e4ch der 166. Ausgabe des MKN K\u00fcchenschnack Podcast geht es um die bewegte Geschichte des Hauses, die Herausforderungen der vergangenen Jahre und den Weg in eine neue Zukunft. Dabei wird deutlich: Das <a href=\"https:\/\/hotel-ruland.de\/\">Hotel Ruland<\/a> steht nicht nur f\u00fcr Gastfreundschaft, sondern auch f\u00fcr Mut, Ver\u00e4nderung und echte Leidenschaft f\u00fcr die Region.<\/p><p data-start=\"997\" data-end=\"1169\">Erfahren Sie, was das Ahrtal so besonders macht, wie sich Tourismus und Gastronomie hier entwickeln und warum ein Besuch im Hotel Ruland mehr ist als nur eine \u00dcbernachtung.<\/p><p data-start=\"1171\" data-end=\"1247\">\ud83c\udfa7 <strong data-start=\"1174\" data-end=\"1247\">Jetzt reinh\u00f6ren und das Ahrtal aus einer neuen Perspektive entdecken.<\/strong><\/p>\t\t\t\t\t\t\t\t<\/div>\n\t\t\t\t<\/div>\n\t\t<div data-dce-background-color=\"#191F2E26\" class=\"elementor-element elementor-element-6e16ae2 e-con-full e-flex e-con e-child\" data-id=\"6e16ae2\" data-element_type=\"container\" data-e-type=\"container\" data-settings=\"{&quot;background_background&quot;:&quot;classic&quot;}\">\n\t\t<div class=\"elementor-element elementor-element-f93c5e6 e-con-full e-flex e-con e-child\" data-id=\"f93c5e6\" data-element_type=\"container\" data-e-type=\"container\">\n\t\t<div class=\"elementor-element elementor-element-1b4314e e-con-full e-flex e-con e-child\" data-id=\"1b4314e\" data-element_type=\"container\" data-e-type=\"container\">\n\t\t\t\t<div class=\"elementor-element elementor-element-0dfe095 dce_masking-none elementor-widget elementor-widget-image\" data-id=\"0dfe095\" data-element_type=\"widget\" data-e-type=\"widget\" data-widget_type=\"image.default\">\n\t\t\t\t<div class=\"elementor-widget-container\">\n\t\t\t\t\t\t\t\t\t\t\t\t\t\t\t<img fetchpriority=\"high\" decoding=\"async\" width=\"1000\" height=\"1002\" src=\"https:\/\/hotel-ruland.de\/wp-content\/uploads\/2026\/03\/podcast-cover.jpg\" class=\"attachment-large size-large wp-image-4985\" alt=\"Jacob Carnot im MKN K\u00fcchenschnack\" srcset=\"https:\/\/hotel-ruland.de\/wp-content\/uploads\/2026\/03\/podcast-cover.jpg 1000w, https:\/\/hotel-ruland.de\/wp-content\/uploads\/2026\/03\/podcast-cover-300x300.jpg 300w, https:\/\/hotel-ruland.de\/wp-content\/uploads\/2026\/03\/podcast-cover-150x150.jpg 150w, https:\/\/hotel-ruland.de\/wp-content\/uploads\/2026\/03\/podcast-cover-768x770.jpg 768w, https:\/\/hotel-ruland.de\/wp-content\/uploads\/2026\/03\/podcast-cover-12x12.jpg 12w\" sizes=\"(max-width: 1000px) 100vw, 1000px\" \/>\t\t\t\t\t\t\t\t\t\t\t\t\t\t\t<\/div>\n\t\t\t\t<\/div>\n\t\t\t\t<\/div>\n\t\t<div class=\"elementor-element elementor-element-2162535 e-con-full e-flex e-con e-child\" data-id=\"2162535\" data-element_type=\"container\" data-e-type=\"container\">\n\t\t\t\t<div class=\"elementor-element elementor-element-789dab1 elementor-widget elementor-widget-heading\" data-id=\"789dab1\" data-element_type=\"widget\" data-e-type=\"widget\" data-widget_type=\"heading.default\">\n\t\t\t\t<div class=\"elementor-widget-container\">\n\t\t\t\t\t<h3 class=\"elementor-heading-title elementor-size-default\">MKN K\u00fcchenschnack<\/h3>\t\t\t\t<\/div>\n\t\t\t\t<\/div>\n\t\t\t\t<div class=\"elementor-element elementor-element-46db6c0 elementor-widget elementor-widget-heading\" data-id=\"46db6c0\" data-element_type=\"widget\" data-e-type=\"widget\" data-widget_type=\"heading.default\">\n\t\t\t\t<div class=\"elementor-widget-container\">\n\t\t\t\t\t<h2 class=\"elementor-heading-title elementor-size-default\">Hotel Ruland im Ahrtal<\/h2>\t\t\t\t<\/div>\n\t\t\t\t<\/div>\n\t\t\t\t<div class=\"elementor-element elementor-element-f8ef3aa elementor-widget elementor-widget-text-editor\" data-id=\"f8ef3aa\" data-element_type=\"widget\" data-e-type=\"widget\" data-widget_type=\"text-editor.default\">\n\t\t\t\t<div class=\"elementor-widget-container\">\n\t\t\t\t\t\t\t\t\t<p>Wo aus Geschichte Zukunft wird \u2013 jetzt reinh\u00f6ren.<\/p>\t\t\t\t\t\t\t\t<\/div>\n\t\t\t\t<\/div>\n\t\t\t\t<div class=\"elementor-element elementor-element-d9e04d7 elementor-widget elementor-widget-text-editor\" data-id=\"d9e04d7\" data-element_type=\"widget\" data-e-type=\"widget\" data-widget_type=\"text-editor.default\">\n\t\t\t\t<div class=\"elementor-widget-container\">\n\t\t\t\t\t\t\t\t\t\n<audio style=\"width: 100%;\" controls=\"controls\">\n<source src=\"https:\/\/hotel-ruland.de\/wp-content\/uploads\/2026\/03\/166-jacob-carnott-hotel-ruland-im-ahrtal-wo-aus-geschichte-zukunft-wird.mp3\" type=\"audio\/mpeg\" \/>\nDein Browser unterst\u00fctzt das Audio-Element nicht.\n<\/audio>\t\t\t\t\t\t\t\t<\/div>\n\t\t\t\t<\/div>\n\t\t\t\t<\/div>\n\t\t\t\t<\/div>\n\t\t\t\t<\/div>\n\t\t\t\t\t<\/div>\n\t\t\t\t<\/div>\n\t\t\t\t<\/div>\n\t\t","protected":false},"excerpt":{"rendered":"<p>Hotel Ruland im K\u00fcchenschnack &#8211; Wo aus Geschichte Zukunft wird Wie gelingt der Spagat zwischen Tradition und Aufbruch?In diesem Podcast werfen wir einen pers\u00f6nlichen Blick hinter die Kulissen des Hotel Ruland im Herzen des Ahrtal. Im Gespr\u00e4ch der 166. Ausgabe des MKN K\u00fcchenschnack Podcast geht es um die bewegte Geschichte des Hauses, die Herausforderungen der [&hellip;]<\/p>\n","protected":false},"author":1,"featured_media":4971,"parent":0,"menu_order":0,"comment_status":"closed","ping_status":"closed","template":"","meta":{"_acf_changed":false,"footnotes":""},"class_list":["post-4969","page","type-page","status-publish","has-post-thumbnail","hentry","wpbf-post"],"acf":[],"_links":{"self":[{"href":"https:\/\/hotel-ruland.de\/de\/wp-json\/wp\/v2\/pages\/4969","targetHints":{"allow":["GET"]}}],"collection":[{"href":"https:\/\/hotel-ruland.de\/de\/wp-json\/wp\/v2\/pages"}],"about":[{"href":"https:\/\/hotel-ruland.de\/de\/wp-json\/wp\/v2\/types\/page"}],"author":[{"embeddable":true,"href":"https:\/\/hotel-ruland.de\/de\/wp-json\/wp\/v2\/users\/1"}],"replies":[{"embeddable":true,"href":"https:\/\/hotel-ruland.de\/de\/wp-json\/wp\/v2\/comments?post=4969"}],"version-history":[{"count":71,"href":"https:\/\/hotel-ruland.de\/de\/wp-json\/wp\/v2\/pages\/4969\/revisions"}],"predecessor-version":[{"id":5817,"href":"https:\/\/hotel-ruland.de\/de\/wp-json\/wp\/v2\/pages\/4969\/revisions\/5817"}],"wp:featuredmedia":[{"embeddable":true,"href":"https:\/\/hotel-ruland.de\/de\/wp-json\/wp\/v2\/media\/4971"}],"wp:attachment":[{"href":"https:\/\/hotel-ruland.de\/de\/wp-json\/wp\/v2\/media?parent=4969"}],"curies":[{"name":"wp","href":"https:\/\/api.w.org\/{rel}","templated":true}]}}