{"id":614,"date":"2022-10-23T09:19:56","date_gmt":"2022-10-23T07:19:56","guid":{"rendered":"http:\/\/2022.hotel-ruland.de\/?page_id=614"},"modified":"2026-03-25T15:04:35","modified_gmt":"2026-03-25T14:04:35","slug":"ruland-geschichte","status":"publish","type":"page","link":"https:\/\/hotel-ruland.de\/de\/ruland-geschichte\/","title":{"rendered":"Geschichte des Hauses Ruland"},"content":{"rendered":"\t\t<div data-elementor-type=\"wp-page\" data-elementor-id=\"614\" class=\"elementor elementor-614\" data-elementor-post-type=\"page\">\n\t\t\t\t<div class=\"elementor-element elementor-element-39739cd3 e-flex e-con-boxed e-con e-parent\" data-id=\"39739cd3\" data-element_type=\"container\" data-e-type=\"container\">\n\t\t\t\t\t<div class=\"e-con-inner\">\n\t\t\t\t<div class=\"elementor-element elementor-element-18a7fa92 elementor-widget elementor-widget-heading\" data-id=\"18a7fa92\" data-element_type=\"widget\" data-e-type=\"widget\" data-widget_type=\"heading.default\">\n\t\t\t\t<div class=\"elementor-widget-container\">\n\t\t\t\t\t<h1 class=\"elementor-heading-title elementor-size-default\">Geschichte des Hauses Ruland<\/h1>\t\t\t\t<\/div>\n\t\t\t\t<\/div>\n\t\t\t\t<div class=\"elementor-element elementor-element-199bf46 elementor-widget elementor-widget-text-editor\" data-id=\"199bf46\" data-element_type=\"widget\" data-e-type=\"widget\" data-widget_type=\"text-editor.default\">\n\t\t\t\t<div class=\"elementor-widget-container\">\n\t\t\t\t\t\t\t\t\t<p data-start=\"180\" data-end=\"483\">Im Jahre 1862 wurden im aufstrebenden Fremdenverkehrsort\u00a0<a href=\"https:\/\/altenahr-ahr.de\/\" target=\"_blank\" rel=\"noopener\">Altenahr<\/a>\u00a0neben der K\u00fcferwerkstatt des geb\u00fcrtigen Andernachers Karl Josef Ruland die ersten sechs G\u00e4stezimmer eingerichtet, die seine Frau Elisabeth vermietete. Damit legte die Familie Ruland den Grundstein f\u00fcr das heutige Hotel Ruland an der Ahr.<\/p><p data-start=\"485\" data-end=\"667\">Ihr Sohn, Michael Josef Ruland, dessen Beruf ab 1880 mit Gastwirt und K\u00fcfer angegeben wird, \u00fcbernahm den Betrieb von seinen Eltern und f\u00fchrte ihn bis zu seinem Tod am 14. April 1892.<\/p><p data-start=\"669\" data-end=\"1070\">Da seine erste Gattin, Maria Anna Langen, bereits 1878 bei der Geburt des f\u00fcnften Kindes verstorben war, hatte Ruland die Schwester der Verstorbenen, Mechthildis Langen, geheiratet. Nach seinem Tod ehelichte sie den Recher Winzer Jakob Josten, behielt jedoch den Namen \u201eRuland\u201c bei. Die Eheleute Josten erweiterten den Betrieb um die Jahrhundertwende um 20 Betten sowie zus\u00e4tzliche Restaurationsr\u00e4ume.<\/p>\t\t\t\t\t\t\t\t<\/div>\n\t\t\t\t<\/div>\n\t\t\t\t<div class=\"elementor-element elementor-element-89804be elementor-widget elementor-widget-heading\" data-id=\"89804be\" data-element_type=\"widget\" data-e-type=\"widget\" data-widget_type=\"heading.default\">\n\t\t\t\t<div class=\"elementor-widget-container\">\n\t\t\t\t\t<h2 class=\"elementor-heading-title elementor-size-default\">Haus Ruland nach 1945<\/h2>\t\t\t\t<\/div>\n\t\t\t\t<\/div>\n\t\t\t\t<div class=\"elementor-element elementor-element-6a40def elementor-widget elementor-widget-text-editor\" data-id=\"6a40def\" data-element_type=\"widget\" data-e-type=\"widget\" data-widget_type=\"text-editor.default\">\n\t\t\t\t<div class=\"elementor-widget-container\">\n\t\t\t\t\t\t\t\t\t<p data-start=\"1072\" data-end=\"1477\">Nach schweren Kriegsjahren, in denen der Erstgeborene Jakob-Erich (geb. 1927) eingezogen wurde, \u00fcbernahm Tochter Gertrud gemeinsam mit ihrem Gatten, dem Ahrbr\u00fccker Heinrich Carnott, den Betrieb. Zun\u00e4chst stand der Wiederaufbau im Mittelpunkt. Wie viele Familien zu dieser Zeit bewirtschafteten die Carnotts neben der Gastwirtschaft auch eigene Weinberge, die bis heute von Andreas Carnott gepflegt werden.<\/p>\t\t\t\t\t\t\t\t<\/div>\n\t\t\t\t<\/div>\n\t\t\t\t<div class=\"elementor-element elementor-element-9c7cc91 elementor-widget elementor-widget-heading\" data-id=\"9c7cc91\" data-element_type=\"widget\" data-e-type=\"widget\" data-widget_type=\"heading.default\">\n\t\t\t\t<div class=\"elementor-widget-container\">\n\t\t\t\t\t<h2 class=\"elementor-heading-title elementor-size-default\">Vom Gasthaus zum Hotel\n<\/h2>\t\t\t\t<\/div>\n\t\t\t\t<\/div>\n\t\t\t\t<div class=\"elementor-element elementor-element-3c37c13 elementor-widget elementor-widget-text-editor\" data-id=\"3c37c13\" data-element_type=\"widget\" data-e-type=\"widget\" data-widget_type=\"text-editor.default\">\n\t\t\t\t<div class=\"elementor-widget-container\">\n\t\t\t\t\t\t\t\t\t<p data-start=\"1479\" data-end=\"2138\">Auch nach dem Tod Heinrichs im Februar 1958 f\u00fchrte Gertrud den Betrieb weiter, bis sie ihn 1970 an ihren Sohn \u00fcbergab. Jakob-Erich hatte nach seiner R\u00fcckkehr aus franz\u00f6sischer Kriegsgefangenschaft 1948 eine Ausbildung im Hotelfach an der staatlichen Hotelfachschule am Tegernsee (1952\u20131954) absolviert. Seine Frau Henriette Heinen aus Ahrweiler, eine Winzertochter, war eine der wenigen Frauen ihrer Zeit mit abgeschlossener Ausbildung zur K\u00f6chin. Gemeinsam schufen sie mit zahlreichen Bauma\u00dfnahmen die Grundlage f\u00fcr den modernen Hotelbetrieb der 1980er Jahre. Schon bald etablierte sich das Hotel Ruland mit rund 200 Sitzpl\u00e4tzen als beliebtes Haus im Ahrtal.<\/p>\t\t\t\t\t\t\t\t<\/div>\n\t\t\t\t<\/div>\n\t\t\t\t<div class=\"elementor-element elementor-element-244cbe8 elementor-widget elementor-widget-heading\" data-id=\"244cbe8\" data-element_type=\"widget\" data-e-type=\"widget\" data-widget_type=\"heading.default\">\n\t\t\t\t<div class=\"elementor-widget-container\">\n\t\t\t\t\t<h2 class=\"elementor-heading-title elementor-size-default\">Neue \u00c4ra\n<\/h2>\t\t\t\t<\/div>\n\t\t\t\t<\/div>\n\t\t\t\t<div class=\"elementor-element elementor-element-38926c0 elementor-widget elementor-widget-text-editor\" data-id=\"38926c0\" data-element_type=\"widget\" data-e-type=\"widget\" data-widget_type=\"text-editor.default\">\n\t\t\t\t<div class=\"elementor-widget-container\">\n\t\t\t\t\t\t\t\t\t<p data-start=\"2140\" data-end=\"2695\">Nach 29 Jahren der Leitung wurde das Hotel 1999 an Andreas Carnott \u00fcbergeben. Mit ihm begann eine neue \u00c4ra: Der j\u00fcngste von vier Geschwistern, der unter anderem bei Sternekoch Hans-Stefan Steinheuer sowie in Steigenberger Hotels in Bad Neuenahr und Hamburg t\u00e4tig war, startete unmittelbar mit der Modernisierung des Hauses. Gemeinsam mit seiner Frau Bernadette entwickelte er das Hotel konsequent weiter \u2013 mit Aufzug, renovierten Zimmern und einem klaren Konzept f\u00fcr das Restaurant. Anfang 2004 entstand zudem die Idee des Biergartens an der Ahrpromenade.<\/p><p data-start=\"2697\" data-end=\"3154\">Mit der Er\u00f6ffnung des Brunnenhauses im Mai 2014 erfolgte der Schritt in die 4-Sterne-Kategorie. Der renommierte Architekt Hans J\u00fcrgen Mertens aus Bad Neuenahr schuf auf dem Gel\u00e4nde des ehemaligen Hotel M\u00f6nch ein neues G\u00e4stehaus mit zw\u00f6lf Suiten. Die Fassadengestaltung greift das Motiv der Weinberge auf und spiegelt die enge Verbundenheit zur Region wider. Ein bei den Abrissarbeiten entdeckter Brunnen aus dem 17. Jahrhundert gab dem Geb\u00e4ude seinen Namen.<\/p>\t\t\t\t\t\t\t\t<\/div>\n\t\t\t\t<\/div>\n\t\t\t\t<div class=\"elementor-element elementor-element-67a7715 elementor-widget elementor-widget-heading\" data-id=\"67a7715\" data-element_type=\"widget\" data-e-type=\"widget\" data-widget_type=\"heading.default\">\n\t\t\t\t<div class=\"elementor-widget-container\">\n\t\t\t\t\t<h2 class=\"elementor-heading-title elementor-size-default\">Das Ahr-Hochwasser<\/h2>\t\t\t\t<\/div>\n\t\t\t\t<\/div>\n\t\t\t\t<div class=\"elementor-element elementor-element-c13c255 elementor-widget elementor-widget-text-editor\" data-id=\"c13c255\" data-element_type=\"widget\" data-e-type=\"widget\" data-widget_type=\"text-editor.default\">\n\t\t\t\t<div class=\"elementor-widget-container\">\n\t\t\t\t\t\t\t\t\t<p>W\u00e4hrend sich das Hotel auch in der Coronakrise flexibel und zeitgem\u00e4\u00df aufstellte, brachte das Hochwasser im Juli 2021 eine tiefgreifende Z\u00e4sur: Restaurant, K\u00fcche, Garten sowie zwei Etagen des Brunnenhauses wurden vollst\u00e4ndig zerst\u00f6rt.<\/p><p>Bereits zwei Wochen nach der Flut entschied Andreas Carnott, den Familienbetrieb weiterzuf\u00fchren und nachhaltig f\u00fcr kommende Generationen neu aufzubauen.\u00a0<\/p>\t\t\t\t\t\t\t\t<\/div>\n\t\t\t\t<\/div>\n\t\t\t\t<div class=\"elementor-element elementor-element-2a37dbb elementor-widget elementor-widget-heading\" data-id=\"2a37dbb\" data-element_type=\"widget\" data-e-type=\"widget\" data-widget_type=\"heading.default\">\n\t\t\t\t<div class=\"elementor-widget-container\">\n\t\t\t\t\t<h2 class=\"elementor-heading-title elementor-size-default\">Ruland heute<\/h2>\t\t\t\t<\/div>\n\t\t\t\t<\/div>\n\t\t\t\t<div class=\"elementor-element elementor-element-578aa89 elementor-widget elementor-widget-text-editor\" data-id=\"578aa89\" data-element_type=\"widget\" data-e-type=\"widget\" data-widget_type=\"text-editor.default\">\n\t\t\t\t<div class=\"elementor-widget-container\">\n\t\t\t\t\t\t\t\t\t<p>Nach der Wiederer\u00f6ffnung im Sp\u00e4tsommer 2022 pr\u00e4sentiert sich das Hotel Ruland modernisiert und erweitert \u2013 unter anderem mit einer\u00a0<a href=\"https:\/\/hotel-ruland.de\/ruheland\/sauna\/\">Sauna<\/a>\u00a0im dritten Obergeschoss, einem neu gestalteten\u00a0<a href=\"https:\/\/hotel-ruland.de\/restaurant\/\">Restaurantbereich mit Kaminlounge<\/a>\u00a0sowie dem wiederhergestellten Au\u00dfenbereich und\u00a0<a href=\"https:\/\/hotel-ruland.de\/restaurant\/biergarten-weingarten\/\">Weingarten<\/a> direkt an der Ahr.<\/p><p>Heute pr\u00e4sentiert sich das Hotel-Restaurant Ruland als modernes 4-Sterne-Haus im Herzen des Ahrtals. Gro\u00dfz\u00fcgige Zimmer, ein \u00fcberregional bekanntes Restaurant, der beliebte Weingarten direkt an der Ahr sowie Sauna- und Fitnessbereiche verbinden Komfort, Genuss und Erholung auf besondere Weise. Dabei ist das Haus bis heute fest in Familienhand \u2013 gepr\u00e4gt von echter Gastfreundschaft, regionaler Verbundenheit und dem Anspruch, Tradition und Moderne miteinander zu vereinen.<\/p>\t\t\t\t\t\t\t\t<\/div>\n\t\t\t\t<\/div>\n\t\t<div class=\"elementor-element elementor-element-cf528a1 e-con-full e-flex e-con e-child\" data-id=\"cf528a1\" data-element_type=\"container\" data-e-type=\"container\">\n\t\t\t\t<div data-dce-background-color=\"#AA2052E3\" class=\"elementor-element elementor-element-5b496a1 elementor-widget elementor-widget-button\" data-id=\"5b496a1\" data-element_type=\"widget\" data-e-type=\"widget\" data-widget_type=\"button.default\">\n\t\t\t\t<div class=\"elementor-widget-container\">\n\t\t\t\t\t\t\t\t\t<div class=\"elementor-button-wrapper\">\n\t\t\t\t\t<a class=\"elementor-button elementor-button-link elementor-size-sm\" href=\"https:\/\/hotel-ruland.de\/ruland-geschichte\/unser-team\/\">\n\t\t\t\t\t\t<span class=\"elementor-button-content-wrapper\">\n\t\t\t\t\t\t\t\t\t<span class=\"elementor-button-text\">Team<\/span>\n\t\t\t\t\t<\/span>\n\t\t\t\t\t<\/a>\n\t\t\t\t<\/div>\n\t\t\t\t\t\t\t\t<\/div>\n\t\t\t\t<\/div>\n\t\t\t\t<div data-dce-background-color=\"#AA2052E3\" class=\"elementor-element elementor-element-09aade2 elementor-widget elementor-widget-button\" data-id=\"09aade2\" data-element_type=\"widget\" data-e-type=\"widget\" data-widget_type=\"button.default\">\n\t\t\t\t<div class=\"elementor-widget-container\">\n\t\t\t\t\t\t\t\t\t<div class=\"elementor-button-wrapper\">\n\t\t\t\t\t<a class=\"elementor-button elementor-button-link elementor-size-sm\" href=\"https:\/\/hotel-ruland.de\/jobs\/\">\n\t\t\t\t\t\t<span class=\"elementor-button-content-wrapper\">\n\t\t\t\t\t\t\t\t\t<span class=\"elementor-button-text\">Karriere<\/span>\n\t\t\t\t\t<\/span>\n\t\t\t\t\t<\/a>\n\t\t\t\t<\/div>\n\t\t\t\t\t\t\t\t<\/div>\n\t\t\t\t<\/div>\n\t\t\t\t<div data-dce-background-color=\"#AA2052E3\" class=\"elementor-element elementor-element-b4653de elementor-widget elementor-widget-button\" data-id=\"b4653de\" data-element_type=\"widget\" data-e-type=\"widget\" data-widget_type=\"button.default\">\n\t\t\t\t<div class=\"elementor-widget-container\">\n\t\t\t\t\t\t\t\t\t<div class=\"elementor-button-wrapper\">\n\t\t\t\t\t<a class=\"elementor-button elementor-button-link elementor-size-sm\" href=\"https:\/\/hotel-ruland.de\/ruland-geschichte\/impressionen\/\">\n\t\t\t\t\t\t<span class=\"elementor-button-content-wrapper\">\n\t\t\t\t\t\t\t\t\t<span class=\"elementor-button-text\">Impressionen<\/span>\n\t\t\t\t\t<\/span>\n\t\t\t\t\t<\/a>\n\t\t\t\t<\/div>\n\t\t\t\t\t\t\t\t<\/div>\n\t\t\t\t<\/div>\n\t\t\t\t<\/div>\n\t\t\t\t\t<\/div>\n\t\t\t\t<\/div>\n\t\t\t\t<\/div>\n\t\t","protected":false},"excerpt":{"rendered":"<p>Geschichte des Hauses Ruland Im Jahre 1862 wurden im aufstrebenden Fremdenverkehrsort\u00a0Altenahr\u00a0neben der K\u00fcferwerkstatt des geb\u00fcrtigen Andernachers Karl Josef Ruland die ersten sechs G\u00e4stezimmer eingerichtet, die seine Frau Elisabeth vermietete. Damit legte die Familie Ruland den Grundstein f\u00fcr das heutige Hotel Ruland an der Ahr. Ihr Sohn, Michael Josef Ruland, dessen Beruf ab 1880 mit Gastwirt [&hellip;]<\/p>\n","protected":false},"author":1,"featured_media":891,"parent":0,"menu_order":1,"comment_status":"closed","ping_status":"closed","template":"","meta":{"_acf_changed":false,"footnotes":""},"class_list":["post-614","page","type-page","status-publish","has-post-thumbnail","hentry","wpbf-post"],"acf":[],"_links":{"self":[{"href":"https:\/\/hotel-ruland.de\/de\/wp-json\/wp\/v2\/pages\/614","targetHints":{"allow":["GET"]}}],"collection":[{"href":"https:\/\/hotel-ruland.de\/de\/wp-json\/wp\/v2\/pages"}],"about":[{"href":"https:\/\/hotel-ruland.de\/de\/wp-json\/wp\/v2\/types\/page"}],"author":[{"embeddable":true,"href":"https:\/\/hotel-ruland.de\/de\/wp-json\/wp\/v2\/users\/1"}],"replies":[{"embeddable":true,"href":"https:\/\/hotel-ruland.de\/de\/wp-json\/wp\/v2\/comments?post=614"}],"version-history":[{"count":21,"href":"https:\/\/hotel-ruland.de\/de\/wp-json\/wp\/v2\/pages\/614\/revisions"}],"predecessor-version":[{"id":5809,"href":"https:\/\/hotel-ruland.de\/de\/wp-json\/wp\/v2\/pages\/614\/revisions\/5809"}],"wp:featuredmedia":[{"embeddable":true,"href":"https:\/\/hotel-ruland.de\/de\/wp-json\/wp\/v2\/media\/891"}],"wp:attachment":[{"href":"https:\/\/hotel-ruland.de\/de\/wp-json\/wp\/v2\/media?parent=614"}],"curies":[{"name":"wp","href":"https:\/\/api.w.org\/{rel}","templated":true}]}}