{"id":31,"date":"2022-05-10T11:10:29","date_gmt":"2022-05-10T09:10:29","guid":{"rendered":"http:\/\/2022.hotel-ruland.de\/?page_id=31"},"modified":"2026-03-25T15:53:58","modified_gmt":"2026-03-25T14:53:58","slug":"hotel","status":"publish","type":"page","link":"https:\/\/hotel-ruland.de\/en\/hotel\/","title":{"rendered":"Hotel"},"content":{"rendered":"<div data-elementor-type=\"wp-page\" data-elementor-id=\"31\" class=\"elementor elementor-31\" data-elementor-post-type=\"page\">\n\t\t\t\t<div class=\"elementor-element elementor-element-9cc61c4 e-flex e-con-boxed e-con e-parent\" data-id=\"9cc61c4\" data-element_type=\"container\" data-e-type=\"container\">\n\t\t\t\t\t<div class=\"e-con-inner\">\n\t\t\t\t<div class=\"elementor-element elementor-element-5200224e elementor-widget elementor-widget-heading\" data-id=\"5200224e\" data-element_type=\"widget\" data-e-type=\"widget\" data-widget_type=\"heading.default\">\n\t\t\t\t<div class=\"elementor-widget-container\">\n\t\t\t\t\t<h1 class=\"elementor-heading-title elementor-size-default\">Your hotel in the Ahr Valley: <br>Stay overnight at Hotel Ruland<\/h1>\t\t\t\t<\/div>\n\t\t\t\t<\/div>\n\t\t\t\t<div class=\"elementor-element elementor-element-612da440 nurtext elementor-widget elementor-widget-text-editor\" data-id=\"612da440\" data-element_type=\"widget\" data-e-type=\"widget\" data-widget_type=\"text-editor.default\">\n\t\t\t\t<div class=\"elementor-widget-container\">\n\t\t\t\t\t\t\t\t\t<p data-section-id=\"17m22gp\" data-start=\"369\" data-end=\"405\"><strong>Arrive. Breathe deeply. Feel good.<\/strong><\/p><h2 data-start=\"407\" data-end=\"548\">The Hotel Ruland in <a href=\"https:\/\/altenahr-ahr.de\/\" target=\"_blank\" rel=\"noopener\">Altenahr<\/a> It's more than just a place to stay. It's a place to arrive, unwind, and enjoy \u2013 right in the heart of... <a href=\"https:\/\/www.ahrtal.com\/\" target=\"_blank\" rel=\"noopener\">Ahr valley<\/a>.<\/h2><p data-start=\"550\" data-end=\"778\">Whether for a relaxing weekend, an active holiday or a short break in between: With us, personal hospitality, comfortable rooms and the special atmosphere of a family-run establishment come together.<\/p><p data-start=\"780\" data-end=\"957\">Discover the different areas of our hotel \u2013 from the traditional main building to the modern fountain house, as well as our guest houses and individual rooms.<\/p>\t\t\t\t\t\t\t\t<\/div>\n\t\t\t\t<\/div>\n\t\t\t\t\t<\/div>\n\t\t\t\t<\/div>\n\t\t<div class=\"elementor-element elementor-element-48132a6f e-flex e-con-boxed e-con e-parent\" data-id=\"48132a6f\" data-element_type=\"container\" data-e-type=\"container\" data-settings=\"{&quot;background_background&quot;:&quot;classic&quot;}\">\n\t\t\t\t\t<div class=\"e-con-inner\">\n\t\t<div class=\"elementor-element elementor-element-3099b513 e-con-full e-flex e-con e-child\" data-id=\"3099b513\" data-element_type=\"container\" data-e-type=\"container\">\n\t\t<div class=\"elementor-element elementor-element-f695b8a e-con-full e-flex e-con e-child\" data-id=\"f695b8a\" data-element_type=\"container\" data-e-type=\"container\">\n\t\t\t\t<div class=\"elementor-element elementor-element-39cfe8f1 dce_masking-none elementor-widget elementor-widget-image\" data-id=\"39cfe8f1\" data-element_type=\"widget\" data-e-type=\"widget\" data-widget_type=\"image.default\">\n\t\t\t\t<div class=\"elementor-widget-container\">\n\t\t\t\t\t\t\t\t\t\t\t\t\t\t\t<img fetchpriority=\"high\" decoding=\"async\" width=\"1024\" height=\"640\" src=\"https:\/\/hotel-ruland.de\/wp-content\/uploads\/2025\/07\/Ruland-206-HDR_kranzkreativ2025_LowRes-1024x640.jpg\" class=\"attachment-large size-large wp-image-4747\" alt=\"Schlafzimmer im Hotel Ruland Altenahr mit Dachschr\u00e4ge\" srcset=\"https:\/\/hotel-ruland.de\/wp-content\/uploads\/2025\/07\/Ruland-206-HDR_kranzkreativ2025_LowRes-1024x640.jpg 1024w, https:\/\/hotel-ruland.de\/wp-content\/uploads\/2025\/07\/Ruland-206-HDR_kranzkreativ2025_LowRes-300x188.jpg 300w, https:\/\/hotel-ruland.de\/wp-content\/uploads\/2025\/07\/Ruland-206-HDR_kranzkreativ2025_LowRes-768x480.jpg 768w, https:\/\/hotel-ruland.de\/wp-content\/uploads\/2025\/07\/Ruland-206-HDR_kranzkreativ2025_LowRes-1536x960.jpg 1536w, https:\/\/hotel-ruland.de\/wp-content\/uploads\/2025\/07\/Ruland-206-HDR_kranzkreativ2025_LowRes-2048x1280.jpg 2048w, https:\/\/hotel-ruland.de\/wp-content\/uploads\/2025\/07\/Ruland-206-HDR_kranzkreativ2025_LowRes-18x12.jpg 18w, https:\/\/hotel-ruland.de\/wp-content\/uploads\/2025\/07\/Ruland-206-HDR_kranzkreativ2025_LowRes-1320x825.jpg 1320w\" sizes=\"(max-width: 1024px) 100vw, 1024px\" \/>\t\t\t\t\t\t\t\t\t\t\t\t\t\t\t<\/div>\n\t\t\t\t<\/div>\n\t\t\t\t<\/div>\n\t\t<div class=\"elementor-element elementor-element-3dd83371 e-con-full e-flex e-con e-child\" data-id=\"3dd83371\" data-element_type=\"container\" data-e-type=\"container\">\n\t\t\t\t<div class=\"elementor-element elementor-element-c0d8e99 elementor-widget elementor-widget-heading\" data-id=\"c0d8e99\" data-element_type=\"widget\" data-e-type=\"widget\" data-widget_type=\"heading.default\">\n\t\t\t\t<div class=\"elementor-widget-container\">\n\t\t\t\t\t<h2 class=\"elementor-heading-title elementor-size-default\">Main building \u2013 Tradition with history<\/h2>\t\t\t\t<\/div>\n\t\t\t\t<\/div>\n\t\t\t\t<div class=\"elementor-element elementor-element-133e7bc9 nurtext elementor-widget elementor-widget-text-editor\" data-id=\"133e7bc9\" data-element_type=\"widget\" data-e-type=\"widget\" data-widget_type=\"text-editor.default\">\n\t\t\t\t<div class=\"elementor-widget-container\">\n\t\t\t\t\t\t\t\t\t<h3 data-start=\"190\" data-end=\"364\">The original building is the origin of the Ruland hotel and combines history with modern comfort. In recent years, the rooms have been extensively renovated and enlarged.<\/h3><p data-start=\"366\" data-end=\"538\">In addition to classic single and double rooms, our new rooms are also available here. <strong data-start=\"446\" data-end=\"471\">Boutique double room<\/strong> available \u2013 stylishly furnished and with a special ambiance.<\/p><p data-start=\"540\" data-end=\"672\">Ideal for guests who appreciate the charm of a traditional house but do not want to forgo modern comforts.<\/p>\t\t\t\t\t\t\t\t<\/div>\n\t\t\t\t<\/div>\n\t\t\t\t<div data-dce-background-color=\"#AA2052E3\" class=\"elementor-element elementor-element-98a528f elementor-widget elementor-widget-button\" data-id=\"98a528f\" data-element_type=\"widget\" data-e-type=\"widget\" data-widget_type=\"button.default\">\n\t\t\t\t<div class=\"elementor-widget-container\">\n\t\t\t\t\t\t\t\t\t<div class=\"elementor-button-wrapper\">\n\t\t\t\t\t<a class=\"elementor-button elementor-button-link elementor-size-sm\" href=\"https:\/\/hotel-ruland.de\/hotel\/stammhaus\/\">\n\t\t\t\t\t\t<span class=\"elementor-button-content-wrapper\">\n\t\t\t\t\t\t\t\t\t<span class=\"elementor-button-text\">Main house<\/span>\n\t\t\t\t\t<\/span>\n\t\t\t\t\t<\/a>\n\t\t\t\t<\/div>\n\t\t\t\t\t\t\t\t<\/div>\n\t\t\t\t<\/div>\n\t\t\t\t<\/div>\n\t\t\t\t<\/div>\n\t\t<div class=\"elementor-element elementor-element-753ffa44 e-con-full e-flex e-con e-child\" data-id=\"753ffa44\" data-element_type=\"container\" data-e-type=\"container\">\n\t\t<div class=\"elementor-element elementor-element-31a5d9 e-con-full e-flex e-con e-child\" data-id=\"31a5d9\" data-element_type=\"container\" data-e-type=\"container\">\n\t\t\t\t<div class=\"elementor-element elementor-element-58c84e8 elementor-widget elementor-widget-heading\" data-id=\"58c84e8\" data-element_type=\"widget\" data-e-type=\"widget\" data-widget_type=\"heading.default\">\n\t\t\t\t<div class=\"elementor-widget-container\">\n\t\t\t\t\t<h2 class=\"elementor-heading-title elementor-size-default\">Brunnenhaus \u2013 modern living in 4-star comfort<\/h2>\t\t\t\t<\/div>\n\t\t\t\t<\/div>\n\t\t\t\t<div class=\"elementor-element elementor-element-69ae8865 nurtext elementor-widget elementor-widget-text-editor\" data-id=\"69ae8865\" data-element_type=\"widget\" data-e-type=\"widget\" data-widget_type=\"text-editor.default\">\n\t\t\t\t<div class=\"elementor-widget-container\">\n\t\t\t\t\t\t\t\t\t<p data-start=\"1435\" data-end=\"1627\">The Brunnenhaus combines modern design with high-quality comfort. Spacious apartments, plenty of natural light, and a quiet location make this area particularly attractive for discerning guests.<\/p><p data-start=\"1629\" data-end=\"1699\">Perfect for anyone who wants to enjoy modern living comfort.<\/p>\t\t\t\t\t\t\t\t<\/div>\n\t\t\t\t<\/div>\n\t\t\t\t<div data-dce-background-color=\"#AA2052E3\" class=\"elementor-element elementor-element-a69f875 elementor-widget elementor-widget-button\" data-id=\"a69f875\" data-element_type=\"widget\" data-e-type=\"widget\" data-widget_type=\"button.default\">\n\t\t\t\t<div class=\"elementor-widget-container\">\n\t\t\t\t\t\t\t\t\t<div class=\"elementor-button-wrapper\">\n\t\t\t\t\t<a class=\"elementor-button elementor-button-link elementor-size-sm\" href=\"https:\/\/hotel-ruland.de\/hotel\/brunnenhaus\/\">\n\t\t\t\t\t\t<span class=\"elementor-button-content-wrapper\">\n\t\t\t\t\t\t\t\t\t<span class=\"elementor-button-text\">Brunnenhaus<\/span>\n\t\t\t\t\t<\/span>\n\t\t\t\t\t<\/a>\n\t\t\t\t<\/div>\n\t\t\t\t\t\t\t\t<\/div>\n\t\t\t\t<\/div>\n\t\t\t\t<\/div>\n\t\t<div class=\"elementor-element elementor-element-3d60aa49 e-con-full e-flex e-con e-child\" data-id=\"3d60aa49\" data-element_type=\"container\" data-e-type=\"container\">\n\t\t\t\t<div class=\"elementor-element elementor-element-a6b9319 dce_masking-none elementor-widget elementor-widget-image\" data-id=\"a6b9319\" data-element_type=\"widget\" data-e-type=\"widget\" data-widget_type=\"image.default\">\n\t\t\t\t<div class=\"elementor-widget-container\">\n\t\t\t\t\t\t\t\t\t\t\t\t\t\t\t<img decoding=\"async\" width=\"1024\" height=\"410\" src=\"https:\/\/hotel-ruland.de\/wp-content\/uploads\/2022\/10\/201504291608430.Brunnenhaus1-1024x410.jpg\" class=\"attachment-large size-large wp-image-1466\" alt=\"Modern double room in Altenahr: Brunnenhaus in the Hotel Ruland with balcony or terrace, view of the Ahr valley and high-quality furnishings.\" srcset=\"https:\/\/hotel-ruland.de\/wp-content\/uploads\/2022\/10\/201504291608430.Brunnenhaus1-1024x410.jpg 1024w, https:\/\/hotel-ruland.de\/wp-content\/uploads\/2022\/10\/201504291608430.Brunnenhaus1-300x120.jpg 300w, https:\/\/hotel-ruland.de\/wp-content\/uploads\/2022\/10\/201504291608430.Brunnenhaus1-768x307.jpg 768w, https:\/\/hotel-ruland.de\/wp-content\/uploads\/2022\/10\/201504291608430.Brunnenhaus1-1536x614.jpg 1536w, https:\/\/hotel-ruland.de\/wp-content\/uploads\/2022\/10\/201504291608430.Brunnenhaus1.jpg 1920w\" sizes=\"(max-width: 1024px) 100vw, 1024px\" \/>\t\t\t\t\t\t\t\t\t\t\t\t\t\t\t<\/div>\n\t\t\t\t<\/div>\n\t\t\t\t<\/div>\n\t\t\t\t<\/div>\n\t\t<div class=\"elementor-element elementor-element-724e5145 e-con-full e-flex e-con e-child\" data-id=\"724e5145\" data-element_type=\"container\" data-e-type=\"container\">\n\t\t<div class=\"elementor-element elementor-element-22993621 e-con-full e-flex e-con e-child\" data-id=\"22993621\" data-element_type=\"container\" data-e-type=\"container\">\n\t\t\t\t<div class=\"elementor-element elementor-element-54a22298 dce_masking-none elementor-widget elementor-widget-image\" data-id=\"54a22298\" data-element_type=\"widget\" data-e-type=\"widget\" data-widget_type=\"image.default\">\n\t\t\t\t<div class=\"elementor-widget-container\">\n\t\t\t\t\t\t\t\t\t\t\t\t\t\t\t<img decoding=\"async\" width=\"1024\" height=\"683\" src=\"https:\/\/hotel-ruland.de\/wp-content\/uploads\/2022\/11\/Hotel-Ruland-2018-089-1024x683.jpg\" class=\"attachment-large size-large wp-image-3302\" alt=\"\" srcset=\"https:\/\/hotel-ruland.de\/wp-content\/uploads\/2022\/11\/Hotel-Ruland-2018-089-1024x683.jpg 1024w, https:\/\/hotel-ruland.de\/wp-content\/uploads\/2022\/11\/Hotel-Ruland-2018-089-300x200.jpg 300w, https:\/\/hotel-ruland.de\/wp-content\/uploads\/2022\/11\/Hotel-Ruland-2018-089-768x512.jpg 768w, https:\/\/hotel-ruland.de\/wp-content\/uploads\/2022\/11\/Hotel-Ruland-2018-089-1536x1024.jpg 1536w, https:\/\/hotel-ruland.de\/wp-content\/uploads\/2022\/11\/Hotel-Ruland-2018-089-2048x1366.jpg 2048w, https:\/\/hotel-ruland.de\/wp-content\/uploads\/2022\/11\/Hotel-Ruland-2018-089-1320x880.jpg 1320w\" sizes=\"(max-width: 1024px) 100vw, 1024px\" \/>\t\t\t\t\t\t\t\t\t\t\t\t\t\t\t<\/div>\n\t\t\t\t<\/div>\n\t\t\t\t<\/div>\n\t\t<div class=\"elementor-element elementor-element-61acb279 e-con-full e-flex e-con e-child\" data-id=\"61acb279\" data-element_type=\"container\" data-e-type=\"container\">\n\t\t\t\t<div class=\"elementor-element elementor-element-1491d31c elementor-widget elementor-widget-heading\" data-id=\"1491d31c\" data-element_type=\"widget\" data-e-type=\"widget\" data-widget_type=\"heading.default\">\n\t\t\t\t<div class=\"elementor-widget-container\">\n\t\t\t\t\t<h2 class=\"elementor-heading-title elementor-size-default\">Guesthouse \u2013 relaxed and uncomplicated<\/h2>\t\t\t\t<\/div>\n\t\t\t\t<\/div>\n\t\t\t\t<div class=\"elementor-element elementor-element-403ddae6 nurtext elementor-widget elementor-widget-text-editor\" data-id=\"403ddae6\" data-element_type=\"widget\" data-e-type=\"widget\" data-widget_type=\"text-editor.default\">\n\t\t\t\t<div class=\"elementor-widget-container\">\n\t\t\t\t\t\t\t\t\t<p data-start=\"1780\" data-end=\"1896\">Our guesthouse offers comfortable, uncomplicated accommodation \u2013 ideal for a relaxing stay in the Ahr Valley.<\/p><p data-start=\"1898\" data-end=\"1992\">Here you will live in peace and comfort, with everything you need for a successful break.<\/p>\t\t\t\t\t\t\t\t<\/div>\n\t\t\t\t<\/div>\n\t\t<div class=\"elementor-element elementor-element-e9b870c e-con-full e-flex e-con e-child\" data-id=\"e9b870c\" data-element_type=\"container\" data-e-type=\"container\">\n\t\t\t\t<div data-dce-background-color=\"#AA2052E3\" class=\"elementor-element elementor-element-ecd6ce5 elementor-widget elementor-widget-button\" data-id=\"ecd6ce5\" data-element_type=\"widget\" data-e-type=\"widget\" data-widget_type=\"button.default\">\n\t\t\t\t<div class=\"elementor-widget-container\">\n\t\t\t\t\t\t\t\t\t<div class=\"elementor-button-wrapper\">\n\t\t\t\t\t<a class=\"elementor-button elementor-button-link elementor-size-sm\" href=\"https:\/\/hotel-ruland.de\/hotel\/gaestehaus\/\">\n\t\t\t\t\t\t<span class=\"elementor-button-content-wrapper\">\n\t\t\t\t\t\t\t\t\t<span class=\"elementor-button-text\">Guest house<\/span>\n\t\t\t\t\t<\/span>\n\t\t\t\t\t<\/a>\n\t\t\t\t<\/div>\n\t\t\t\t\t\t\t\t<\/div>\n\t\t\t\t<\/div>\n\t\t\t\t<\/div>\n\t\t\t\t<\/div>\n\t\t\t\t<\/div>\n\t\t<div class=\"elementor-element elementor-element-3646e6a e-con-full e-flex e-con e-child\" data-id=\"3646e6a\" data-element_type=\"container\" data-e-type=\"container\">\n\t\t<div class=\"elementor-element elementor-element-41305d8 e-con-full e-flex e-con e-child\" data-id=\"41305d8\" data-element_type=\"container\" data-e-type=\"container\">\n\t\t\t\t<div class=\"elementor-element elementor-element-2306a6d elementor-widget elementor-widget-heading\" data-id=\"2306a6d\" data-element_type=\"widget\" data-e-type=\"widget\" data-widget_type=\"heading.default\">\n\t\t\t\t<div class=\"elementor-widget-container\">\n\t\t\t\t\t<h2 class=\"elementor-heading-title elementor-size-default\">Our rooms \u2013 as individual as your stay<\/h2>\t\t\t\t<\/div>\n\t\t\t\t<\/div>\n\t\t\t\t<div class=\"elementor-element elementor-element-c4edb7b nurtext elementor-widget elementor-widget-text-editor\" data-id=\"c4edb7b\" data-element_type=\"widget\" data-e-type=\"widget\" data-widget_type=\"text-editor.default\">\n\t\t\t\t<div class=\"elementor-widget-container\">\n\t\t\t\t\t\t\t\t\t<p data-start=\"2074\" data-end=\"2174\">Whether cozy, modern or spacious: Our rooms offer the right category for every requirement.<\/p><p data-start=\"2176\" data-end=\"2292\">Furnished with great attention to detail, they ensure restful nights and a pleasant stay in Altenahr.<\/p>\t\t\t\t\t\t\t\t<\/div>\n\t\t\t\t<\/div>\n\t\t\t\t<div data-dce-background-color=\"#AA2052E3\" class=\"elementor-element elementor-element-27b532e elementor-widget elementor-widget-button\" data-id=\"27b532e\" data-element_type=\"widget\" data-e-type=\"widget\" data-widget_type=\"button.default\">\n\t\t\t\t<div class=\"elementor-widget-container\">\n\t\t\t\t\t\t\t\t\t<div class=\"elementor-button-wrapper\">\n\t\t\t\t\t<a class=\"elementor-button elementor-button-link elementor-size-sm\" href=\"https:\/\/hotel-ruland.de\/hotel\/zimmer\/\">\n\t\t\t\t\t\t<span class=\"elementor-button-content-wrapper\">\n\t\t\t\t\t\t\t\t\t<span class=\"elementor-button-text\">All rooms<\/span>\n\t\t\t\t\t<\/span>\n\t\t\t\t\t<\/a>\n\t\t\t\t<\/div>\n\t\t\t\t\t\t\t\t<\/div>\n\t\t\t\t<\/div>\n\t\t\t\t<\/div>\n\t\t<div class=\"elementor-element elementor-element-8d2fef4 e-con-full e-flex e-con e-child\" data-id=\"8d2fef4\" data-element_type=\"container\" data-e-type=\"container\">\n\t\t\t\t<div class=\"elementor-element elementor-element-d5e6296 dce_masking-none elementor-widget elementor-widget-image\" data-id=\"d5e6296\" data-element_type=\"widget\" data-e-type=\"widget\" data-widget_type=\"image.default\">\n\t\t\t\t<div class=\"elementor-widget-container\">\n\t\t\t\t\t\t\t\t\t\t\t\t\t\t\t<img loading=\"lazy\" decoding=\"async\" width=\"1024\" height=\"768\" src=\"https:\/\/hotel-ruland.de\/wp-content\/uploads\/2025\/07\/Ruland-108-HDR_kranzkreativ2025_LowRes-1024x768.jpg\" class=\"attachment-large size-large wp-image-4685\" alt=\"Waschbereich im Wellnessraum des Hotel Ruland Altenahr\" srcset=\"https:\/\/hotel-ruland.de\/wp-content\/uploads\/2025\/07\/Ruland-108-HDR_kranzkreativ2025_LowRes-1024x768.jpg 1024w, https:\/\/hotel-ruland.de\/wp-content\/uploads\/2025\/07\/Ruland-108-HDR_kranzkreativ2025_LowRes-300x225.jpg 300w, https:\/\/hotel-ruland.de\/wp-content\/uploads\/2025\/07\/Ruland-108-HDR_kranzkreativ2025_LowRes-768x576.jpg 768w, https:\/\/hotel-ruland.de\/wp-content\/uploads\/2025\/07\/Ruland-108-HDR_kranzkreativ2025_LowRes-1536x1152.jpg 1536w, https:\/\/hotel-ruland.de\/wp-content\/uploads\/2025\/07\/Ruland-108-HDR_kranzkreativ2025_LowRes-2048x1536.jpg 2048w, https:\/\/hotel-ruland.de\/wp-content\/uploads\/2025\/07\/Ruland-108-HDR_kranzkreativ2025_LowRes-16x12.jpg 16w, https:\/\/hotel-ruland.de\/wp-content\/uploads\/2025\/07\/Ruland-108-HDR_kranzkreativ2025_LowRes-1320x990.jpg 1320w\" sizes=\"(max-width: 1024px) 100vw, 1024px\" \/>\t\t\t\t\t\t\t\t\t\t\t\t\t\t\t<\/div>\n\t\t\t\t<\/div>\n\t\t\t\t<\/div>\n\t\t\t\t<\/div>\n\t\t<div class=\"elementor-element elementor-element-93f29aa e-con-full e-flex e-con e-child\" data-id=\"93f29aa\" data-element_type=\"container\" data-e-type=\"container\">\n\t\t<div class=\"elementor-element elementor-element-625bbe1 e-con-full e-flex e-con e-child\" data-id=\"625bbe1\" data-element_type=\"container\" data-e-type=\"container\">\n\t\t\t\t<div class=\"elementor-element elementor-element-c441228 dce_masking-none elementor-widget elementor-widget-image\" data-id=\"c441228\" data-element_type=\"widget\" data-e-type=\"widget\" data-widget_type=\"image.default\">\n\t\t\t\t<div class=\"elementor-widget-container\">\n\t\t\t\t\t\t\t\t\t\t\t\t\t\t\t<img loading=\"lazy\" decoding=\"async\" width=\"1024\" height=\"1024\" src=\"https:\/\/hotel-ruland.de\/wp-content\/uploads\/2026\/03\/621684731_18403213579192671_4424555170237996883_n-1024x1024.jpg\" class=\"attachment-large size-large wp-image-5744\" alt=\"Wanderer genie\u00dfen Aussicht im Ahrtal auf einem Aussichtspunkt\" srcset=\"https:\/\/hotel-ruland.de\/wp-content\/uploads\/2026\/03\/621684731_18403213579192671_4424555170237996883_n-1024x1024.jpg 1024w, https:\/\/hotel-ruland.de\/wp-content\/uploads\/2026\/03\/621684731_18403213579192671_4424555170237996883_n-300x300.jpg 300w, https:\/\/hotel-ruland.de\/wp-content\/uploads\/2026\/03\/621684731_18403213579192671_4424555170237996883_n-150x150.jpg 150w, https:\/\/hotel-ruland.de\/wp-content\/uploads\/2026\/03\/621684731_18403213579192671_4424555170237996883_n-768x768.jpg 768w, https:\/\/hotel-ruland.de\/wp-content\/uploads\/2026\/03\/621684731_18403213579192671_4424555170237996883_n-12x12.jpg 12w, https:\/\/hotel-ruland.de\/wp-content\/uploads\/2026\/03\/621684731_18403213579192671_4424555170237996883_n-1320x1320.jpg 1320w, https:\/\/hotel-ruland.de\/wp-content\/uploads\/2026\/03\/621684731_18403213579192671_4424555170237996883_n.jpg 1440w\" sizes=\"(max-width: 1024px) 100vw, 1024px\" \/>\t\t\t\t\t\t\t\t\t\t\t\t\t\t\t<\/div>\n\t\t\t\t<\/div>\n\t\t\t\t<\/div>\n\t\t<div class=\"elementor-element elementor-element-65faf7e e-con-full e-flex e-con e-child\" data-id=\"65faf7e\" data-element_type=\"container\" data-e-type=\"container\">\n\t\t\t\t<div class=\"elementor-element elementor-element-9d2c03e elementor-widget elementor-widget-heading\" data-id=\"9d2c03e\" data-element_type=\"widget\" data-e-type=\"widget\" data-widget_type=\"heading.default\">\n\t\t\t\t<div class=\"elementor-widget-container\">\n\t\t\t\t\t<h2 class=\"elementor-heading-title elementor-size-default\">Arrangements <\/h2>\t\t\t\t<\/div>\n\t\t\t\t<\/div>\n\t\t\t\t<div class=\"elementor-element elementor-element-caa372d nurtext elementor-widget elementor-widget-text-editor\" data-id=\"caa372d\" data-element_type=\"widget\" data-e-type=\"widget\" data-widget_type=\"text-editor.default\">\n\t\t\t\t<div class=\"elementor-widget-container\">\n\t\t\t\t\t\t\t\t\t<p data-start=\"2360\" data-end=\"2455\">Our arrangements make your stay particularly easy and at the same time particularly enjoyable.<\/p><p data-start=\"2457\" data-end=\"2573\">Whether you're looking for relaxation, leisure or an active holiday \u2013 discover our offers for a truly successful weekend in the Ahr Valley.<\/p>\t\t\t\t\t\t\t\t<\/div>\n\t\t\t\t<\/div>\n\t\t<div class=\"elementor-element elementor-element-ba795ca e-con-full e-flex e-con e-child\" data-id=\"ba795ca\" data-element_type=\"container\" data-e-type=\"container\">\n\t\t\t\t<div data-dce-background-color=\"#AA2052E3\" class=\"elementor-element elementor-element-c2e5e16 elementor-widget elementor-widget-button\" data-id=\"c2e5e16\" data-element_type=\"widget\" data-e-type=\"widget\" data-widget_type=\"button.default\">\n\t\t\t\t<div class=\"elementor-widget-container\">\n\t\t\t\t\t\t\t\t\t<div class=\"elementor-button-wrapper\">\n\t\t\t\t\t<a class=\"elementor-button elementor-button-link elementor-size-sm\" href=\"https:\/\/hotel-ruland.de\/hotel\/arrangements\/\">\n\t\t\t\t\t\t<span class=\"elementor-button-content-wrapper\">\n\t\t\t\t\t\t\t\t\t<span class=\"elementor-button-text\">Arrangements<\/span>\n\t\t\t\t\t<\/span>\n\t\t\t\t\t<\/a>\n\t\t\t\t<\/div>\n\t\t\t\t\t\t\t\t<\/div>\n\t\t\t\t<\/div>\n\t\t\t\t<\/div>\n\t\t\t\t<\/div>\n\t\t\t\t<\/div>\n\t\t\t\t\t<\/div>\n\t\t\t\t<\/div>\n\t\t\t\t<\/div>","protected":false},"excerpt":{"rendered":"<p>Ihr Hotel im Ahrtal: \u00dcbernachten im Hotel Ruland Ankommen. Durchatmen. Wohlf\u00fchlen. Das Hotel Ruland in Altenahr ist mehr als ein Ort zum \u00dcbernachten. Es ist ein Platz zum Ankommen, Abschalten und Genie\u00dfen \u2013 mitten im Ahrtal. Ob f\u00fcr ein entspanntes Wochenende, einen aktiven Urlaub oder eine kleine Auszeit zwischendurch: Bei uns verbinden sich pers\u00f6nliche Gastfreundschaft, [&hellip;]<\/p>\n","protected":false},"author":1,"featured_media":5390,"parent":0,"menu_order":10,"comment_status":"closed","ping_status":"closed","template":"","meta":{"_acf_changed":false,"footnotes":""},"class_list":["post-31","page","type-page","status-publish","has-post-thumbnail","hentry","wpbf-post"],"acf":[],"_links":{"self":[{"href":"https:\/\/hotel-ruland.de\/en\/wp-json\/wp\/v2\/pages\/31","targetHints":{"allow":["GET"]}}],"collection":[{"href":"https:\/\/hotel-ruland.de\/en\/wp-json\/wp\/v2\/pages"}],"about":[{"href":"https:\/\/hotel-ruland.de\/en\/wp-json\/wp\/v2\/types\/page"}],"author":[{"embeddable":true,"href":"https:\/\/hotel-ruland.de\/en\/wp-json\/wp\/v2\/users\/1"}],"replies":[{"embeddable":true,"href":"https:\/\/hotel-ruland.de\/en\/wp-json\/wp\/v2\/comments?post=31"}],"version-history":[{"count":19,"href":"https:\/\/hotel-ruland.de\/en\/wp-json\/wp\/v2\/pages\/31\/revisions"}],"predecessor-version":[{"id":5799,"href":"https:\/\/hotel-ruland.de\/en\/wp-json\/wp\/v2\/pages\/31\/revisions\/5799"}],"wp:featuredmedia":[{"embeddable":true,"href":"https:\/\/hotel-ruland.de\/en\/wp-json\/wp\/v2\/media\/5390"}],"wp:attachment":[{"href":"https:\/\/hotel-ruland.de\/en\/wp-json\/wp\/v2\/media?parent=31"}],"curies":[{"name":"wp","href":"https:\/\/api.w.org\/{rel}","templated":true}]}}