{"id":4264,"date":"2024-04-15T15:56:37","date_gmt":"2024-04-15T13:56:37","guid":{"rendered":"https:\/\/hotel-ruland.de\/?page_id=4264"},"modified":"2026-03-25T15:12:00","modified_gmt":"2026-03-25T14:12:00","slug":"leistungen","status":"publish","type":"page","link":"https:\/\/hotel-ruland.de\/en\/ruland-geschichte\/leistungen\/","title":{"rendered":"Our services"},"content":{"rendered":"<div data-elementor-type=\"wp-page\" data-elementor-id=\"4264\" class=\"elementor elementor-4264\" data-elementor-post-type=\"page\">\n\t\t\t\t<div class=\"elementor-element elementor-element-43af2e86 e-flex e-con-boxed e-con e-parent\" data-id=\"43af2e86\" data-element_type=\"container\" data-e-type=\"container\">\n\t\t\t\t\t<div class=\"e-con-inner\">\n\t\t\t\t<div class=\"elementor-element elementor-element-860f209 elementor-widget elementor-widget-heading\" data-id=\"860f209\" data-element_type=\"widget\" data-e-type=\"widget\" data-widget_type=\"heading.default\">\n\t\t\t\t<div class=\"elementor-widget-container\">\n\t\t\t\t\t<h1 class=\"elementor-heading-title elementor-size-default\">Our services<\/h1>\t\t\t\t<\/div>\n\t\t\t\t<\/div>\n\t\t\t\t<div class=\"elementor-element elementor-element-4067dd50 nurtext elementor-widget elementor-widget-text-editor\" data-id=\"4067dd50\" data-element_type=\"widget\" data-e-type=\"widget\" data-widget_type=\"text-editor.default\">\n\t\t\t\t<div class=\"elementor-widget-container\">\n\t\t\t\t\t\t\t\t\t<h2 data-start=\"459\" data-end=\"671\">As a family-run hotel in the Ahr Valley, we combine tradition, comfort, and personal hospitality. Our services cater to holidaymakers, business travelers, and event organizers alike.<\/h2>\t\t\t\t\t\t\t\t<\/div>\n\t\t\t\t<\/div>\n\t\t\t\t<div class=\"elementor-element elementor-element-d34e963 elementor-widget elementor-widget-text-editor\" data-id=\"d34e963\" data-element_type=\"widget\" data-e-type=\"widget\" data-widget_type=\"text-editor.default\">\n\t\t\t\t<div class=\"elementor-widget-container\">\n\t\t\t\t\t\t\t\t\t<h3 data-section-id=\"jasc0u\" data-start=\"673\" data-end=\"691\">Hotel &amp; Rooms<\/h3><ul data-start=\"692\" data-end=\"874\"><li data-section-id=\"1h4ewpu\" data-start=\"692\" data-end=\"739\">family-run holiday hotel in <a href=\"http:\/\/altenahr-ahr.de\/\" target=\"_blank\" rel=\"noopener\">Altenahr<\/a><\/li><li data-section-id=\"12w0rbw\" data-start=\"740\" data-end=\"803\">4-star fountain house with 12 apartments (south-facing &amp; balcony)<\/li><li data-section-id=\"13edy1d\" data-start=\"804\" data-end=\"827\">a total of 91 beds<\/li><li data-section-id=\"1p0vvw2\" data-start=\"828\" data-end=\"874\">wheelchair-accessible and barrier-free rooms<\/li><\/ul><h3 data-section-id=\"11nnibd\" data-start=\"876\" data-end=\"899\">Wellness &amp; Relaxation<\/h3><ul data-start=\"900\" data-end=\"1005\"><li data-section-id=\"37a22z\" data-start=\"900\" data-end=\"952\">individual Wellness rest of the country in the Bel Etage<\/li><li data-section-id=\"16g1mjp\" data-start=\"953\" data-end=\"1005\">Sauna and relaxation areas for relaxing breaks<\/li><li data-section-id=\"16g1mjp\" data-start=\"953\" data-end=\"1005\">Fitness room with stepper, treadmill, weight bench<\/li><li data-section-id=\"16g1mjp\" data-start=\"953\" data-end=\"1005\">Massages can be booked additionally.<\/li><\/ul><h3 data-section-id=\"lr7lsr\" data-start=\"1007\" data-end=\"1028\">Comfort &amp; Service<\/h3><ul data-start=\"1029\" data-end=\"1220\"><li data-section-id=\"2teklk\" data-start=\"1029\" data-end=\"1080\">Parking directly at the house including electric vehicle charging stations<\/li><li data-section-id=\"16h1qb1\" data-start=\"1081\" data-end=\"1148\">Covered bicycle parking spaces with charging facilities for e-bikes<\/li><li data-section-id=\"7kb7bs\" data-start=\"1149\" data-end=\"1179\">Shuttle service available on request<\/li><li data-section-id=\"6tq0ud\" data-start=\"1180\" data-end=\"1220\">Support with vacation planning<\/li><\/ul><h3 data-section-id=\"1az91cy\" data-start=\"1222\" data-end=\"1252\">Conferences &amp; Events<\/h3><ul data-start=\"1253\" data-end=\"1413\"><li data-section-id=\"1cbye2i\" data-start=\"1253\" data-end=\"1297\">professional conference service in <a href=\"https:\/\/www.ahrtal.com\/\" target=\"_blank\" rel=\"noopener\">Ahr valley<\/a><\/li><li data-section-id=\"nx9rj0\" data-start=\"1298\" data-end=\"1346\">Planning and execution of events<\/li><li data-section-id=\"dnvqs\" data-start=\"1347\" data-end=\"1413\">Individual support for small groups to larger events<\/li><\/ul><h3 data-section-id=\"e6xqtw\" data-start=\"1415\" data-end=\"1438\">Restaurant &amp; Culinary Delights<\/h3><ul data-start=\"1439\" data-end=\"1777\"><li data-section-id=\"xlcf2d\" data-start=\"1439\" data-end=\"1490\">Seasonal, regional cuisine at Restaurant Ruland<\/li><li data-section-id=\"1o0tfzd\" data-start=\"1491\" data-end=\"1777\">various rooms:<br \/><ul data-start=\"1526\" data-end=\"1777\"><li data-section-id=\"66d95e\" data-start=\"1526\" data-end=\"1554\">Lounge (up to 25 people)<\/li><li data-section-id=\"c1169b\" data-start=\"1557\" data-end=\"1590\">Fireplace room (up to 40 people)<\/li><li data-section-id=\"1f8uob3\" data-start=\"1593\" data-end=\"1631\">Garden restaurant (up to 60 people)<\/li><li data-section-id=\"14wiujq\" data-start=\"1634\" data-end=\"1674\">Separ\u00e9e \u201eBurg Are\u201c (up to 35 people)<\/li><li data-section-id=\"1fbfapp\" data-start=\"1677\" data-end=\"1724\">Covered sun terrace (up to 60 people)<\/li><li data-section-id=\"ck2eet\" data-start=\"1727\" data-end=\"1777\">Vineyard directly on the Ahr River (up to 60 people)<\/li><\/ul><\/li><\/ul><h3 data-section-id=\"wrups7\" data-start=\"1779\" data-end=\"1791\">Catering<\/h3><ul data-start=\"1792\" data-end=\"1866\"><li data-section-id=\"6ikcuk\" data-start=\"1792\" data-end=\"1829\">Catering for up to 250 people<\/li><li data-section-id=\"102liih\" data-start=\"1830\" data-end=\"1866\">including staff and equipment<\/li><\/ul>\t\t\t\t\t\t\t\t<\/div>\n\t\t\t\t<\/div>\n\t\t<div class=\"elementor-element elementor-element-437b373 e-con-full e-flex e-con e-child\" data-id=\"437b373\" data-element_type=\"container\" data-e-type=\"container\">\n\t\t\t\t<div data-dce-background-color=\"#AA2052E3\" class=\"elementor-element elementor-element-df16f37 elementor-widget elementor-widget-button\" data-id=\"df16f37\" data-element_type=\"widget\" data-e-type=\"widget\" data-widget_type=\"button.default\">\n\t\t\t\t<div class=\"elementor-widget-container\">\n\t\t\t\t\t\t\t\t\t<div class=\"elementor-button-wrapper\">\n\t\t\t\t\t<a class=\"elementor-button elementor-button-link elementor-size-sm\" href=\"https:\/\/hotel-ruland.de\/hotel\/arrangements\/\">\n\t\t\t\t\t\t<span class=\"elementor-button-content-wrapper\">\n\t\t\t\t\t\t\t\t\t<span class=\"elementor-button-text\">Hotel-Arrangements<\/span>\n\t\t\t\t\t<\/span>\n\t\t\t\t\t<\/a>\n\t\t\t\t<\/div>\n\t\t\t\t\t\t\t\t<\/div>\n\t\t\t\t<\/div>\n\t\t\t\t<div data-dce-background-color=\"#EB5F09\" class=\"elementor-element elementor-element-701a3c0 elementor-widget elementor-widget-button\" data-id=\"701a3c0\" data-element_type=\"widget\" data-e-type=\"widget\" data-widget_type=\"button.default\">\n\t\t\t\t<div class=\"elementor-widget-container\">\n\t\t\t\t\t\t\t\t\t<div class=\"elementor-button-wrapper\">\n\t\t\t\t\t<a class=\"elementor-button elementor-button-link elementor-size-sm\" href=\"https:\/\/hotel-ruland.de\/wp-content\/uploads\/2024\/02\/Ruland-Arrangements-20252026.pdf\" target=\"_blank\">\n\t\t\t\t\t\t<span class=\"elementor-button-content-wrapper\">\n\t\t\t\t\t\t\t\t\t<span class=\"elementor-button-text\">Brochure<\/span>\n\t\t\t\t\t<\/span>\n\t\t\t\t\t<\/a>\n\t\t\t\t<\/div>\n\t\t\t\t\t\t\t\t<\/div>\n\t\t\t\t<\/div>\n\t\t\t\t<\/div>\n\t\t\t\t\t<\/div>\n\t\t\t\t<\/div>\n\t\t\t\t<\/div>","protected":false},"excerpt":{"rendered":"<p>Unsere Leistungen Als familiengef\u00fchrtes Hotel im Ahrtal verbinden wir Tradition, Komfort und pers\u00f6nliche Gastfreundschaft. Unser Leistungsspektrum richtet sich sowohl an Urlaubsg\u00e4ste als auch an Gesch\u00e4ftsreisende und Veranstalter. Hotel &amp; Zimmer famili\u00e4r gef\u00fchrtes Urlaubshotel in Altenahr 4-Sterne Brunnenhaus mit 12 Appartements (S\u00fcdlage &amp; Balkon) insgesamt 91 Betten rollstuhlgerechte und barrierefreie Zimmer Wellness &amp; Erholung individuelles Wellness-Ruheland [&hellip;]<\/p>\n","protected":false},"author":5,"featured_media":3989,"parent":614,"menu_order":0,"comment_status":"closed","ping_status":"closed","template":"","meta":{"_acf_changed":false,"footnotes":""},"class_list":["post-4264","page","type-page","status-publish","has-post-thumbnail","hentry","wpbf-post"],"acf":[],"_links":{"self":[{"href":"https:\/\/hotel-ruland.de\/en\/wp-json\/wp\/v2\/pages\/4264","targetHints":{"allow":["GET"]}}],"collection":[{"href":"https:\/\/hotel-ruland.de\/en\/wp-json\/wp\/v2\/pages"}],"about":[{"href":"https:\/\/hotel-ruland.de\/en\/wp-json\/wp\/v2\/types\/page"}],"author":[{"embeddable":true,"href":"https:\/\/hotel-ruland.de\/en\/wp-json\/wp\/v2\/users\/5"}],"replies":[{"embeddable":true,"href":"https:\/\/hotel-ruland.de\/en\/wp-json\/wp\/v2\/comments?post=4264"}],"version-history":[{"count":23,"href":"https:\/\/hotel-ruland.de\/en\/wp-json\/wp\/v2\/pages\/4264\/revisions"}],"predecessor-version":[{"id":5820,"href":"https:\/\/hotel-ruland.de\/en\/wp-json\/wp\/v2\/pages\/4264\/revisions\/5820"}],"up":[{"embeddable":true,"href":"https:\/\/hotel-ruland.de\/en\/wp-json\/wp\/v2\/pages\/614"}],"wp:featuredmedia":[{"embeddable":true,"href":"https:\/\/hotel-ruland.de\/en\/wp-json\/wp\/v2\/media\/3989"}],"wp:attachment":[{"href":"https:\/\/hotel-ruland.de\/en\/wp-json\/wp\/v2\/media?parent=4264"}],"curies":[{"name":"wp","href":"https:\/\/api.w.org\/{rel}","templated":true}]}}