{"id":614,"date":"2022-10-23T09:19:56","date_gmt":"2022-10-23T07:19:56","guid":{"rendered":"http:\/\/2022.hotel-ruland.de\/?page_id=614"},"modified":"2026-03-25T15:04:35","modified_gmt":"2026-03-25T14:04:35","slug":"ruland-geschichte","status":"publish","type":"page","link":"https:\/\/hotel-ruland.de\/en\/ruland-geschichte\/","title":{"rendered":"History of the House of Ruland"},"content":{"rendered":"<div data-elementor-type=\"wp-page\" data-elementor-id=\"614\" class=\"elementor elementor-614\" data-elementor-post-type=\"page\">\n\t\t\t\t<div class=\"elementor-element elementor-element-39739cd3 e-flex e-con-boxed e-con e-parent\" data-id=\"39739cd3\" data-element_type=\"container\" data-e-type=\"container\">\n\t\t\t\t\t<div class=\"e-con-inner\">\n\t\t\t\t<div class=\"elementor-element elementor-element-18a7fa92 elementor-widget elementor-widget-heading\" data-id=\"18a7fa92\" data-element_type=\"widget\" data-e-type=\"widget\" data-widget_type=\"heading.default\">\n\t\t\t\t<div class=\"elementor-widget-container\">\n\t\t\t\t\t<h1 class=\"elementor-heading-title elementor-size-default\">History of the House of Ruland<\/h1>\t\t\t\t<\/div>\n\t\t\t\t<\/div>\n\t\t\t\t<div class=\"elementor-element elementor-element-199bf46 elementor-widget elementor-widget-text-editor\" data-id=\"199bf46\" data-element_type=\"widget\" data-e-type=\"widget\" data-widget_type=\"text-editor.default\">\n\t\t\t\t<div class=\"elementor-widget-container\">\n\t\t\t\t\t\t\t\t\t<p data-start=\"180\" data-end=\"483\">In 1862, in the up-and-coming tourist resort\u00a0<a href=\"https:\/\/altenahr-ahr.de\/\" target=\"_blank\" rel=\"noopener\">Altenahr<\/a>\u00a0next to the cooperage workshop of Karl Josef Ruland, a native of Andernach, the first six guest rooms were set up, which his wife Elisabeth rented out. With this, the Ruland family laid the foundation for today's Hotel Ruland on the Ahr River.<\/p><p data-start=\"485\" data-end=\"667\">Their son, Michael Josef Ruland, whose profession is listed as innkeeper and cooper from 1880 onwards, took over the business from his parents and ran it until his death on April 14, 1892.<\/p><p data-start=\"669\" data-end=\"1070\">Since his first wife, Maria Anna Langen, had died in 1878 giving birth to their fifth child, Ruland married her sister, Mechthildis Langen. After his death, she married the Recher winegrower Jakob Josten, but retained the name \"Ruland.\" Around the turn of the century, the Jostens expanded the business by adding 20 beds and additional dining rooms.<\/p>\t\t\t\t\t\t\t\t<\/div>\n\t\t\t\t<\/div>\n\t\t\t\t<div class=\"elementor-element elementor-element-89804be elementor-widget elementor-widget-heading\" data-id=\"89804be\" data-element_type=\"widget\" data-e-type=\"widget\" data-widget_type=\"heading.default\">\n\t\t\t\t<div class=\"elementor-widget-container\">\n\t\t\t\t\t<h2 class=\"elementor-heading-title elementor-size-default\">Ruland House after 1945<\/h2>\t\t\t\t<\/div>\n\t\t\t\t<\/div>\n\t\t\t\t<div class=\"elementor-element elementor-element-6a40def elementor-widget elementor-widget-text-editor\" data-id=\"6a40def\" data-element_type=\"widget\" data-e-type=\"widget\" data-widget_type=\"text-editor.default\">\n\t\t\t\t<div class=\"elementor-widget-container\">\n\t\t\t\t\t\t\t\t\t<p data-start=\"1072\" data-end=\"1477\">After difficult war years, during which their eldest son, Jakob-Erich (born 1927), was drafted, their daughter Gertrud and her husband, Heinrich Carnott from Ahrbr\u00fcck, took over the business. Initially, the focus was on rebuilding. Like many families at that time, the Carnotts also cultivated their own vineyards alongside the inn, which are still tended by Andreas Carnott today.<\/p>\t\t\t\t\t\t\t\t<\/div>\n\t\t\t\t<\/div>\n\t\t\t\t<div class=\"elementor-element elementor-element-9c7cc91 elementor-widget elementor-widget-heading\" data-id=\"9c7cc91\" data-element_type=\"widget\" data-e-type=\"widget\" data-widget_type=\"heading.default\">\n\t\t\t\t<div class=\"elementor-widget-container\">\n\t\t\t\t\t<h2 class=\"elementor-heading-title elementor-size-default\">From inn to hotel\n<\/h2>\t\t\t\t<\/div>\n\t\t\t\t<\/div>\n\t\t\t\t<div class=\"elementor-element elementor-element-3c37c13 elementor-widget elementor-widget-text-editor\" data-id=\"3c37c13\" data-element_type=\"widget\" data-e-type=\"widget\" data-widget_type=\"text-editor.default\">\n\t\t\t\t<div class=\"elementor-widget-container\">\n\t\t\t\t\t\t\t\t\t<p data-start=\"1479\" data-end=\"2138\">Even after Heinrich's death in February 1958, Gertrud continued to run the business until she handed it over to her son in 1970. Jakob-Erich had completed hotel management training at the state hotel management school on Lake Tegernsee (1952\u20131954) after returning from French captivity as a prisoner of war in 1948. His wife, Henriette Heinen from Ahrweiler, the daughter of a vintner, was one of the few women of her time with a completed apprenticeship as a chef. Together, they laid the foundation for the modern hotel operation of the 1980s through numerous construction projects. The Hotel Ruland, with its approximately 200 seats, soon established itself as a popular hotel in the Ahr Valley.<\/p>\t\t\t\t\t\t\t\t<\/div>\n\t\t\t\t<\/div>\n\t\t\t\t<div class=\"elementor-element elementor-element-244cbe8 elementor-widget elementor-widget-heading\" data-id=\"244cbe8\" data-element_type=\"widget\" data-e-type=\"widget\" data-widget_type=\"heading.default\">\n\t\t\t\t<div class=\"elementor-widget-container\">\n\t\t\t\t\t<h2 class=\"elementor-heading-title elementor-size-default\">New Away\n<\/h2>\t\t\t\t<\/div>\n\t\t\t\t<\/div>\n\t\t\t\t<div class=\"elementor-element elementor-element-38926c0 elementor-widget elementor-widget-text-editor\" data-id=\"38926c0\" data-element_type=\"widget\" data-e-type=\"widget\" data-widget_type=\"text-editor.default\">\n\t\t\t\t<div class=\"elementor-widget-container\">\n\t\t\t\t\t\t\t\t\t<p data-start=\"2140\" data-end=\"2695\">After 29 years of management, the hotel was handed over to Andreas Carnott in 1999. With him, a new era began: The youngest of four siblings, who had worked for Michelin-starred chef Hans-Stefan Steinheuer and at Steigenberger hotels in Bad Neuenahr and Hamburg, among others, immediately started modernizing the building. Together with his wife Bernadette, he consistently developed the hotel further \u2013 adding an elevator, renovated rooms, and a clear concept for the restaurant. The idea for the beer garden on the Ahr promenade also took shape in early 2004.<\/p><p data-start=\"2697\" data-end=\"3154\">With the opening of the Brunnenhaus (Well House) in May 2014, the hotel moved into the 4-star category. The renowned architect Hans J\u00fcrgen Mertens from Bad Neuenahr created a new guesthouse with twelve suites on the site of the former Hotel M\u00f6nch. The facade design incorporates the motif of the vineyards and reflects the close connection to the region. A 17th-century well discovered during the demolition work gave the building its name.<\/p>\t\t\t\t\t\t\t\t<\/div>\n\t\t\t\t<\/div>\n\t\t\t\t<div class=\"elementor-element elementor-element-67a7715 elementor-widget elementor-widget-heading\" data-id=\"67a7715\" data-element_type=\"widget\" data-e-type=\"widget\" data-widget_type=\"heading.default\">\n\t\t\t\t<div class=\"elementor-widget-container\">\n\t\t\t\t\t<h2 class=\"elementor-heading-title elementor-size-default\">The Ahr flood<\/h2>\t\t\t\t<\/div>\n\t\t\t\t<\/div>\n\t\t\t\t<div class=\"elementor-element elementor-element-c13c255 elementor-widget elementor-widget-text-editor\" data-id=\"c13c255\" data-element_type=\"widget\" data-e-type=\"widget\" data-widget_type=\"text-editor.default\">\n\t\t\t\t<div class=\"elementor-widget-container\">\n\t\t\t\t\t\t\t\t\t<p>While the hotel remained flexible and up-to-date even during the Corona crisis, the flood in July 2021 brought about a profound change: the restaurant, kitchen, garden and two floors of the well house were completely destroyed.<\/p><p>Just two weeks after the flood, Andreas Carnott decided to continue running the family business and to rebuild it sustainably for future generations.\u00a0<\/p>\t\t\t\t\t\t\t\t<\/div>\n\t\t\t\t<\/div>\n\t\t\t\t<div class=\"elementor-element elementor-element-2a37dbb elementor-widget elementor-widget-heading\" data-id=\"2a37dbb\" data-element_type=\"widget\" data-e-type=\"widget\" data-widget_type=\"heading.default\">\n\t\t\t\t<div class=\"elementor-widget-container\">\n\t\t\t\t\t<h2 class=\"elementor-heading-title elementor-size-default\">Ruland today<\/h2>\t\t\t\t<\/div>\n\t\t\t\t<\/div>\n\t\t\t\t<div class=\"elementor-element elementor-element-578aa89 elementor-widget elementor-widget-text-editor\" data-id=\"578aa89\" data-element_type=\"widget\" data-e-type=\"widget\" data-widget_type=\"text-editor.default\">\n\t\t\t\t<div class=\"elementor-widget-container\">\n\t\t\t\t\t\t\t\t\t<p>Following its reopening in late summer 2022, the Hotel Ruland presents itself as modernized and expanded \u2013 including with a\u00a0<a href=\"https:\/\/hotel-ruland.de\/ruheland\/sauna\/\">Sauna<\/a>\u00a0on the third floor, a newly designed\u00a0<a href=\"https:\/\/hotel-ruland.de\/restaurant\/\">Restaurant area with fireplace lounge<\/a>\u00a0as well as the restored outdoor area and\u00a0<a href=\"https:\/\/hotel-ruland.de\/restaurant\/biergarten-weingarten\/\">Weingarten<\/a> directly on the Ahr River.<\/p><p>Today, the Hotel-Restaurant Ruland presents itself as a modern 4-star establishment in the heart of the Ahr Valley. Spacious rooms, a restaurant renowned beyond the region, the popular vineyard directly on the banks of the Ahr River, as well as sauna and fitness areas combine comfort, enjoyment, and relaxation in a unique way. The hotel remains family-owned to this day \u2013 characterized by genuine hospitality, regional ties, and a commitment to blending tradition and modernity.<\/p>\t\t\t\t\t\t\t\t<\/div>\n\t\t\t\t<\/div>\n\t\t<div class=\"elementor-element elementor-element-cf528a1 e-con-full e-flex e-con e-child\" data-id=\"cf528a1\" data-element_type=\"container\" data-e-type=\"container\">\n\t\t\t\t<div data-dce-background-color=\"#AA2052E3\" class=\"elementor-element elementor-element-5b496a1 elementor-widget elementor-widget-button\" data-id=\"5b496a1\" data-element_type=\"widget\" data-e-type=\"widget\" data-widget_type=\"button.default\">\n\t\t\t\t<div class=\"elementor-widget-container\">\n\t\t\t\t\t\t\t\t\t<div class=\"elementor-button-wrapper\">\n\t\t\t\t\t<a class=\"elementor-button elementor-button-link elementor-size-sm\" href=\"https:\/\/hotel-ruland.de\/ruland-geschichte\/unser-team\/\">\n\t\t\t\t\t\t<span class=\"elementor-button-content-wrapper\">\n\t\t\t\t\t\t\t\t\t<span class=\"elementor-button-text\">Team<\/span>\n\t\t\t\t\t<\/span>\n\t\t\t\t\t<\/a>\n\t\t\t\t<\/div>\n\t\t\t\t\t\t\t\t<\/div>\n\t\t\t\t<\/div>\n\t\t\t\t<div data-dce-background-color=\"#AA2052E3\" class=\"elementor-element elementor-element-09aade2 elementor-widget elementor-widget-button\" data-id=\"09aade2\" data-element_type=\"widget\" data-e-type=\"widget\" data-widget_type=\"button.default\">\n\t\t\t\t<div class=\"elementor-widget-container\">\n\t\t\t\t\t\t\t\t\t<div class=\"elementor-button-wrapper\">\n\t\t\t\t\t<a class=\"elementor-button elementor-button-link elementor-size-sm\" href=\"https:\/\/hotel-ruland.de\/jobs\/\">\n\t\t\t\t\t\t<span class=\"elementor-button-content-wrapper\">\n\t\t\t\t\t\t\t\t\t<span class=\"elementor-button-text\">Career<\/span>\n\t\t\t\t\t<\/span>\n\t\t\t\t\t<\/a>\n\t\t\t\t<\/div>\n\t\t\t\t\t\t\t\t<\/div>\n\t\t\t\t<\/div>\n\t\t\t\t<div data-dce-background-color=\"#AA2052E3\" class=\"elementor-element elementor-element-b4653de elementor-widget elementor-widget-button\" data-id=\"b4653de\" data-element_type=\"widget\" data-e-type=\"widget\" data-widget_type=\"button.default\">\n\t\t\t\t<div class=\"elementor-widget-container\">\n\t\t\t\t\t\t\t\t\t<div class=\"elementor-button-wrapper\">\n\t\t\t\t\t<a class=\"elementor-button elementor-button-link elementor-size-sm\" href=\"https:\/\/hotel-ruland.de\/ruland-geschichte\/impressionen\/\">\n\t\t\t\t\t\t<span class=\"elementor-button-content-wrapper\">\n\t\t\t\t\t\t\t\t\t<span class=\"elementor-button-text\">Impressions<\/span>\n\t\t\t\t\t<\/span>\n\t\t\t\t\t<\/a>\n\t\t\t\t<\/div>\n\t\t\t\t\t\t\t\t<\/div>\n\t\t\t\t<\/div>\n\t\t\t\t<\/div>\n\t\t\t\t\t<\/div>\n\t\t\t\t<\/div>\n\t\t\t\t<\/div>","protected":false},"excerpt":{"rendered":"<p>Geschichte des Hauses Ruland Im Jahre 1862 wurden im aufstrebenden Fremdenverkehrsort\u00a0Altenahr\u00a0neben der K\u00fcferwerkstatt des geb\u00fcrtigen Andernachers Karl Josef Ruland die ersten sechs G\u00e4stezimmer eingerichtet, die seine Frau Elisabeth vermietete. Damit legte die Familie Ruland den Grundstein f\u00fcr das heutige Hotel Ruland an der Ahr. Ihr Sohn, Michael Josef Ruland, dessen Beruf ab 1880 mit Gastwirt [&hellip;]<\/p>\n","protected":false},"author":1,"featured_media":891,"parent":0,"menu_order":1,"comment_status":"closed","ping_status":"closed","template":"","meta":{"_acf_changed":false,"footnotes":""},"class_list":["post-614","page","type-page","status-publish","has-post-thumbnail","hentry","wpbf-post"],"acf":[],"_links":{"self":[{"href":"https:\/\/hotel-ruland.de\/en\/wp-json\/wp\/v2\/pages\/614","targetHints":{"allow":["GET"]}}],"collection":[{"href":"https:\/\/hotel-ruland.de\/en\/wp-json\/wp\/v2\/pages"}],"about":[{"href":"https:\/\/hotel-ruland.de\/en\/wp-json\/wp\/v2\/types\/page"}],"author":[{"embeddable":true,"href":"https:\/\/hotel-ruland.de\/en\/wp-json\/wp\/v2\/users\/1"}],"replies":[{"embeddable":true,"href":"https:\/\/hotel-ruland.de\/en\/wp-json\/wp\/v2\/comments?post=614"}],"version-history":[{"count":21,"href":"https:\/\/hotel-ruland.de\/en\/wp-json\/wp\/v2\/pages\/614\/revisions"}],"predecessor-version":[{"id":5809,"href":"https:\/\/hotel-ruland.de\/en\/wp-json\/wp\/v2\/pages\/614\/revisions\/5809"}],"wp:featuredmedia":[{"embeddable":true,"href":"https:\/\/hotel-ruland.de\/en\/wp-json\/wp\/v2\/media\/891"}],"wp:attachment":[{"href":"https:\/\/hotel-ruland.de\/en\/wp-json\/wp\/v2\/media?parent=614"}],"curies":[{"name":"wp","href":"https:\/\/api.w.org\/{rel}","templated":true}]}}