{"id":692,"date":"2022-10-23T10:06:29","date_gmt":"2022-10-23T08:06:29","guid":{"rendered":"http:\/\/2022.hotel-ruland.de\/?page_id=692"},"modified":"2026-03-27T13:16:18","modified_gmt":"2026-03-27T12:16:18","slug":"ahrtal","status":"publish","type":"page","link":"https:\/\/hotel-ruland.de\/en\/ahrtal\/","title":{"rendered":"Ahr valley"},"content":{"rendered":"<div data-elementor-type=\"wp-page\" data-elementor-id=\"692\" class=\"elementor elementor-692\" data-elementor-post-type=\"page\">\n\t\t\t\t<div class=\"elementor-element elementor-element-7e49e3a e-flex e-con-boxed e-con e-parent\" data-id=\"7e49e3a\" data-element_type=\"container\" data-e-type=\"container\">\n\t\t\t\t\t<div class=\"e-con-inner\">\n\t\t\t\t<div class=\"elementor-element elementor-element-48491a2 elementor-widget elementor-widget-heading\" data-id=\"48491a2\" data-element_type=\"widget\" data-e-type=\"widget\" data-widget_type=\"heading.default\">\n\t\t\t\t<div class=\"elementor-widget-container\">\n\t\t\t\t\t<h1 class=\"elementor-heading-title elementor-size-default\">Discover the Ahr Valley \u2013 nature, wine &amp; special moments<\/h1>\t\t\t\t<\/div>\n\t\t\t\t<\/div>\n\t\t\t\t<div class=\"elementor-element elementor-element-50ffdd68 nurtext elementor-widget elementor-widget-text-editor\" data-id=\"50ffdd68\" data-element_type=\"widget\" data-e-type=\"widget\" data-widget_type=\"text-editor.default\">\n\t\t\t\t<div class=\"elementor-widget-container\">\n\t\t\t\t\t\t\t\t\t<p data-section-id=\"ekjfmw\" data-start=\"340\" data-end=\"382\"><strong>Enjoyment, exercise and genuine joie de vivre<\/strong><\/p><h2 class=\"p1\">The Ahr Valley is one of the most beautiful and diverse regions in Rhineland-Palatinate.<\/h2><p class=\"p1\">Characterized by steep vineyards, the Ahr River, and historic towns, the valley uniquely combines nature, culinary delights, and activities. Here, breathtaking landscapes meet a long wine culture \u2013 and that's precisely what makes this region so appealing.<\/p><p class=\"p1\">Hotel Ruland puts you right in the heart of it all.<\/p><p class=\"p1\">Hiking trails start in Altenahr, easily accessible on foot, by bicycle or within a few minutes by car.<\/p>\t\t\t\t\t\t\t\t<\/div>\n\t\t\t\t<\/div>\n\t\t\t\t\t<\/div>\n\t\t\t\t<\/div>\n\t\t<div class=\"elementor-element elementor-element-4782884e e-flex e-con-boxed e-con e-parent\" data-id=\"4782884e\" data-element_type=\"container\" data-e-type=\"container\" data-settings=\"{&quot;background_background&quot;:&quot;classic&quot;}\">\n\t\t\t\t\t<div class=\"e-con-inner\">\n\t\t<div class=\"elementor-element elementor-element-70abbae3 e-con-full e-flex e-con e-child\" data-id=\"70abbae3\" data-element_type=\"container\" data-e-type=\"container\">\n\t\t<div class=\"elementor-element elementor-element-771dc89e e-con-full e-flex e-con e-child\" data-id=\"771dc89e\" data-element_type=\"container\" data-e-type=\"container\">\n\t\t\t\t<div class=\"elementor-element elementor-element-44c5f929 dce_masking-none elementor-widget elementor-widget-image\" data-id=\"44c5f929\" data-element_type=\"widget\" data-e-type=\"widget\" data-widget_type=\"image.default\">\n\t\t\t\t<div class=\"elementor-widget-container\">\n\t\t\t\t\t\t\t\t\t\t\t\t\t\t\t<img fetchpriority=\"high\" decoding=\"async\" width=\"1024\" height=\"683\" src=\"https:\/\/hotel-ruland.de\/wp-content\/uploads\/2026\/03\/Ahrweiler-1024x683.jpg\" class=\"attachment-large size-large wp-image-5950\" alt=\"Historische Altstadt von Ahrweiler mit Fachwerkh\u00e4usern und Stadttor\" srcset=\"https:\/\/hotel-ruland.de\/wp-content\/uploads\/2026\/03\/Ahrweiler-1024x683.jpg 1024w, https:\/\/hotel-ruland.de\/wp-content\/uploads\/2026\/03\/Ahrweiler-300x200.jpg 300w, https:\/\/hotel-ruland.de\/wp-content\/uploads\/2026\/03\/Ahrweiler-768x512.jpg 768w, https:\/\/hotel-ruland.de\/wp-content\/uploads\/2026\/03\/Ahrweiler-1536x1024.jpg 1536w, https:\/\/hotel-ruland.de\/wp-content\/uploads\/2026\/03\/Ahrweiler-2048x1365.jpg 2048w, https:\/\/hotel-ruland.de\/wp-content\/uploads\/2026\/03\/Ahrweiler-18x12.jpg 18w, https:\/\/hotel-ruland.de\/wp-content\/uploads\/2026\/03\/Ahrweiler-1320x880.jpg 1320w\" sizes=\"(max-width: 1024px) 100vw, 1024px\" \/>\t\t\t\t\t\t\t\t\t\t\t\t\t\t\t<\/div>\n\t\t\t\t<\/div>\n\t\t\t\t<\/div>\n\t\t<div class=\"elementor-element elementor-element-78974707 e-con-full e-flex e-con e-child\" data-id=\"78974707\" data-element_type=\"container\" data-e-type=\"container\">\n\t\t\t\t<div class=\"elementor-element elementor-element-2649ba72 elementor-widget elementor-widget-heading\" data-id=\"2649ba72\" data-element_type=\"widget\" data-e-type=\"widget\" data-widget_type=\"heading.default\">\n\t\t\t\t<div class=\"elementor-widget-container\">\n\t\t\t\t\t<h2 class=\"elementor-heading-title elementor-size-default\">Discover Ahrweiler and other historical sites<\/h2>\t\t\t\t<\/div>\n\t\t\t\t<\/div>\n\t\t\t\t<div class=\"elementor-element elementor-element-3706a121 nurtext elementor-widget elementor-widget-text-editor\" data-id=\"3706a121\" data-element_type=\"widget\" data-e-type=\"widget\" data-widget_type=\"text-editor.default\">\n\t\t\t\t<div class=\"elementor-widget-container\">\n\t\t\t\t\t\t\t\t\t<h2 class=\"p1\">The region around Altenahr offers numerous charming places with history and character.<\/h2><p class=\"p1\">Above all, the historic old town of Bad Neuenahr-Ahrweiler, with its completely preserved city wall, narrow streets and charming squares, is a must-see. It's a wonderful place to stroll, stop for a bite to eat, and soak up the unique atmosphere.<\/p><p class=\"p1\">The towns of Dernau, Rech, and Mayscho\u00df are known for their typical Ahr Valley architecture, viticulture, and genuine hospitality. Mayscho\u00df is home to Germany's oldest winegrowers' cooperative.<\/p>\t\t\t\t\t\t\t\t<\/div>\n\t\t\t\t<\/div>\n\t\t<div class=\"elementor-element elementor-element-a03898a e-con-full e-flex e-con e-child\" data-id=\"a03898a\" data-element_type=\"container\" data-e-type=\"container\">\n\t\t\t\t<div data-dce-background-color=\"#AA2052E3\" class=\"elementor-element elementor-element-23ff2c63 elementor-widget elementor-widget-button\" data-id=\"23ff2c63\" data-element_type=\"widget\" data-e-type=\"widget\" data-widget_type=\"button.default\">\n\t\t\t\t<div class=\"elementor-widget-container\">\n\t\t\t\t\t\t\t\t\t<div class=\"elementor-button-wrapper\">\n\t\t\t\t\t<a class=\"elementor-button elementor-button-link elementor-size-sm\" href=\"https:\/\/www.ahrtal.com\/de\/orte\" target=\"_blank\" rel=\"noopener\">\n\t\t\t\t\t\t<span class=\"elementor-button-content-wrapper\">\n\t\t\t\t\t\t\t\t\t<span class=\"elementor-button-text\">Places in the Ahr Valley<\/span>\n\t\t\t\t\t<\/span>\n\t\t\t\t\t<\/a>\n\t\t\t\t<\/div>\n\t\t\t\t\t\t\t\t<\/div>\n\t\t\t\t<\/div>\n\t\t\t\t<\/div>\n\t\t\t\t<\/div>\n\t\t\t\t<\/div>\n\t\t<div class=\"elementor-element elementor-element-1785b55d e-con-full e-flex e-con e-child\" data-id=\"1785b55d\" data-element_type=\"container\" data-e-type=\"container\">\n\t\t<div class=\"elementor-element elementor-element-5b4e43b1 e-con-full e-flex e-con e-child\" data-id=\"5b4e43b1\" data-element_type=\"container\" data-e-type=\"container\">\n\t\t\t\t<div class=\"elementor-element elementor-element-2407a4ac elementor-widget elementor-widget-heading\" data-id=\"2407a4ac\" data-element_type=\"widget\" data-e-type=\"widget\" data-widget_type=\"heading.default\">\n\t\t\t\t<div class=\"elementor-widget-container\">\n\t\t\t\t\t<h2 class=\"elementor-heading-title elementor-size-default\">Rotweinwanderweg &amp; Ahrsteig<\/h2>\t\t\t\t<\/div>\n\t\t\t\t<\/div>\n\t\t\t\t<div class=\"elementor-element elementor-element-cef3d3e nurtext elementor-widget elementor-widget-text-editor\" data-id=\"cef3d3e\" data-element_type=\"widget\" data-e-type=\"widget\" data-widget_type=\"text-editor.default\">\n\t\t\t\t<div class=\"elementor-widget-container\">\n\t\t\t\t\t\t\t\t\t<h3 class=\"p1\">The Ahr Valley is a hiker's paradise.<\/h3><p class=\"p1\">The famous red wine hiking trail leads along the vineyards at various altitudes and offers spectacular views of the valley. The landscape here unfolds its own unique magic, especially in the evening hours.<\/p><p class=\"p1\">The Ahrsteig is ideal for more challenging tours \u2013 with varied routes, narrow paths and impressive nature.<\/p><p class=\"p1\">Short stage or day hike: Around Altenahr, some of the most beautiful trails start right on your doorstep.<\/p>\t\t\t\t\t\t\t\t<\/div>\n\t\t\t\t<\/div>\n\t\t<div class=\"elementor-element elementor-element-6d7b1e0a e-con-full e-flex e-con e-child\" data-id=\"6d7b1e0a\" data-element_type=\"container\" data-e-type=\"container\">\n\t\t\t\t<div data-dce-background-color=\"#AA2052E3\" class=\"elementor-element elementor-element-23fe763d elementor-widget elementor-widget-button\" data-id=\"23fe763d\" data-element_type=\"widget\" data-e-type=\"widget\" data-widget_type=\"button.default\">\n\t\t\t\t<div class=\"elementor-widget-container\">\n\t\t\t\t\t\t\t\t\t<div class=\"elementor-button-wrapper\">\n\t\t\t\t\t<a class=\"elementor-button elementor-button-link elementor-size-sm\" href=\"https:\/\/www.ahrtal.com\/de\/touren\/rotweinwanderweg-von-altenahr-bis-ba\/tour.html\" target=\"_blank\" rel=\"noopener\">\n\t\t\t\t\t\t<span class=\"elementor-button-content-wrapper\">\n\t\t\t\t\t\t\t\t\t<span class=\"elementor-button-text\">Rotweinwanderweg<\/span>\n\t\t\t\t\t<\/span>\n\t\t\t\t\t<\/a>\n\t\t\t\t<\/div>\n\t\t\t\t\t\t\t\t<\/div>\n\t\t\t\t<\/div>\n\t\t\t\t<div data-dce-background-color=\"#AA2052E3\" class=\"elementor-element elementor-element-6921669 elementor-widget elementor-widget-button\" data-id=\"6921669\" data-element_type=\"widget\" data-e-type=\"widget\" data-widget_type=\"button.default\">\n\t\t\t\t<div class=\"elementor-widget-container\">\n\t\t\t\t\t\t\t\t\t<div class=\"elementor-button-wrapper\">\n\t\t\t\t\t<a class=\"elementor-button elementor-button-link elementor-size-sm\" href=\"https:\/\/www.ahrsteig.de\/\" target=\"_blank\" rel=\"noopener\">\n\t\t\t\t\t\t<span class=\"elementor-button-content-wrapper\">\n\t\t\t\t\t\t\t\t\t<span class=\"elementor-button-text\">Ahrsteig<\/span>\n\t\t\t\t\t<\/span>\n\t\t\t\t\t<\/a>\n\t\t\t\t<\/div>\n\t\t\t\t\t\t\t\t<\/div>\n\t\t\t\t<\/div>\n\t\t\t\t<\/div>\n\t\t\t\t<\/div>\n\t\t<div class=\"elementor-element elementor-element-1421acb9 e-con-full e-flex e-con e-child\" data-id=\"1421acb9\" data-element_type=\"container\" data-e-type=\"container\">\n\t\t\t\t<div class=\"elementor-element elementor-element-21f2ee96 dce_masking-none elementor-widget elementor-widget-image\" data-id=\"21f2ee96\" data-element_type=\"widget\" data-e-type=\"widget\" data-widget_type=\"image.default\">\n\t\t\t\t<div class=\"elementor-widget-container\">\n\t\t\t\t\t\t\t\t\t\t\t\t\t\t\t<img decoding=\"async\" width=\"1024\" height=\"683\" src=\"https:\/\/hotel-ruland.de\/wp-content\/uploads\/2026\/03\/der-rotweinwanderweg-1024x683.jpg\" class=\"attachment-large size-large wp-image-5953\" alt=\"Wandern auf dem Rotweinwanderweg zum Hotel Ruland im Ahrtal\" srcset=\"https:\/\/hotel-ruland.de\/wp-content\/uploads\/2026\/03\/der-rotweinwanderweg-1024x683.jpg 1024w, https:\/\/hotel-ruland.de\/wp-content\/uploads\/2026\/03\/der-rotweinwanderweg-300x200.jpg 300w, https:\/\/hotel-ruland.de\/wp-content\/uploads\/2026\/03\/der-rotweinwanderweg-768x513.jpg 768w, https:\/\/hotel-ruland.de\/wp-content\/uploads\/2026\/03\/der-rotweinwanderweg-1536x1025.jpg 1536w, https:\/\/hotel-ruland.de\/wp-content\/uploads\/2026\/03\/der-rotweinwanderweg-2048x1367.jpg 2048w, https:\/\/hotel-ruland.de\/wp-content\/uploads\/2026\/03\/der-rotweinwanderweg-18x12.jpg 18w, https:\/\/hotel-ruland.de\/wp-content\/uploads\/2026\/03\/der-rotweinwanderweg-1320x881.jpg 1320w\" sizes=\"(max-width: 1024px) 100vw, 1024px\" \/>\t\t\t\t\t\t\t\t\t\t\t\t\t\t\t<\/div>\n\t\t\t\t<\/div>\n\t\t\t\t<\/div>\n\t\t\t\t<\/div>\n\t\t<div class=\"elementor-element elementor-element-1cdabd06 e-con-full e-flex e-con e-child\" data-id=\"1cdabd06\" data-element_type=\"container\" data-e-type=\"container\">\n\t\t<div class=\"elementor-element elementor-element-25c85a49 e-con-full e-flex e-con e-child\" data-id=\"25c85a49\" data-element_type=\"container\" data-e-type=\"container\">\n\t\t\t\t<div class=\"elementor-element elementor-element-1276175d dce_masking-none elementor-widget elementor-widget-image\" data-id=\"1276175d\" data-element_type=\"widget\" data-e-type=\"widget\" data-widget_type=\"image.default\">\n\t\t\t\t<div class=\"elementor-widget-container\">\n\t\t\t\t\t\t\t\t\t\t\t\t\t\t\t<img decoding=\"async\" width=\"1024\" height=\"683\" src=\"https:\/\/hotel-ruland.de\/wp-content\/uploads\/2026\/03\/rotwein-trauben-1024x683.jpg\" class=\"attachment-large size-large wp-image-5952\" alt=\"Rotwein - der Wein im Ahrtal\" srcset=\"https:\/\/hotel-ruland.de\/wp-content\/uploads\/2026\/03\/rotwein-trauben-1024x683.jpg 1024w, https:\/\/hotel-ruland.de\/wp-content\/uploads\/2026\/03\/rotwein-trauben-300x200.jpg 300w, https:\/\/hotel-ruland.de\/wp-content\/uploads\/2026\/03\/rotwein-trauben-768x512.jpg 768w, https:\/\/hotel-ruland.de\/wp-content\/uploads\/2026\/03\/rotwein-trauben-1536x1024.jpg 1536w, https:\/\/hotel-ruland.de\/wp-content\/uploads\/2026\/03\/rotwein-trauben-2048x1365.jpg 2048w, https:\/\/hotel-ruland.de\/wp-content\/uploads\/2026\/03\/rotwein-trauben-18x12.jpg 18w, https:\/\/hotel-ruland.de\/wp-content\/uploads\/2026\/03\/rotwein-trauben-1320x880.jpg 1320w\" sizes=\"(max-width: 1024px) 100vw, 1024px\" \/>\t\t\t\t\t\t\t\t\t\t\t\t\t\t\t<\/div>\n\t\t\t\t<\/div>\n\t\t\t\t<\/div>\n\t\t<div class=\"elementor-element elementor-element-48de4e49 e-con-full e-flex e-con e-child\" data-id=\"48de4e49\" data-element_type=\"container\" data-e-type=\"container\">\n\t\t\t\t<div class=\"elementor-element elementor-element-1cacd1db elementor-widget elementor-widget-heading\" data-id=\"1cacd1db\" data-element_type=\"widget\" data-e-type=\"widget\" data-widget_type=\"heading.default\">\n\t\t\t\t<div class=\"elementor-widget-container\">\n\t\t\t\t\t<h2 class=\"elementor-heading-title elementor-size-default\">Wine &amp; Culinary Delights in the Ahr Valley<\/h2>\t\t\t\t<\/div>\n\t\t\t\t<\/div>\n\t\t\t\t<div class=\"elementor-element elementor-element-745958db nurtext elementor-widget elementor-widget-text-editor\" data-id=\"745958db\" data-element_type=\"widget\" data-e-type=\"widget\" data-widget_type=\"text-editor.default\">\n\t\t\t\t<div class=\"elementor-widget-container\">\n\t\t\t\t\t\t\t\t\t<h2 class=\"p1\">The Ahr Valley is the northernmost red wine growing region in Germany.<\/h2><p class=\"p1\">Pinot Noir and Pinot Noir Pr\u00e9coce characterize the region and make it a special destination for wine lovers. Numerous wineries, wine taverns, and restaurants invite visitors to discover the diversity of Ahr wines.<\/p><p class=\"p1\">A glass of wine with a view of the vineyards \u2013 that's simply part of the experience here.<\/p><p class=\"p1\">Wine plays a special role at Hotel Ruland: A carefully curated wine list with 400 selections brings the finest Ahr wines to your glass \u2013 and our sommeliers will personally advise you on your choice. Of course, we also have wines from other wine-growing regions and international wines in our cellar.<\/p>\t\t\t\t\t\t\t\t<\/div>\n\t\t\t\t<\/div>\n\t\t<div class=\"elementor-element elementor-element-1183f448 e-con-full e-flex e-con e-child\" data-id=\"1183f448\" data-element_type=\"container\" data-e-type=\"container\">\n\t\t\t\t<div data-dce-background-color=\"#AA2052E3\" class=\"elementor-element elementor-element-41875c0e elementor-widget elementor-widget-button\" data-id=\"41875c0e\" data-element_type=\"widget\" data-e-type=\"widget\" data-widget_type=\"button.default\">\n\t\t\t\t<div class=\"elementor-widget-container\">\n\t\t\t\t\t\t\t\t\t<div class=\"elementor-button-wrapper\">\n\t\t\t\t\t<a class=\"elementor-button elementor-button-link elementor-size-sm\" href=\"https:\/\/www.ahrtal.com\/de\/wein-kulinarik\" target=\"_blank\" rel=\"noopener\">\n\t\t\t\t\t\t<span class=\"elementor-button-content-wrapper\">\n\t\t\t\t\t\t\t\t\t<span class=\"elementor-button-text\">Wine &amp; Culinary Delights<\/span>\n\t\t\t\t\t<\/span>\n\t\t\t\t\t<\/a>\n\t\t\t\t<\/div>\n\t\t\t\t\t\t\t\t<\/div>\n\t\t\t\t<\/div>\n\t\t\t\t<\/div>\n\t\t\t\t<\/div>\n\t\t\t\t<\/div>\n\t\t<div class=\"elementor-element elementor-element-2975abfe e-con-full e-flex e-con e-child\" data-id=\"2975abfe\" data-element_type=\"container\" data-e-type=\"container\">\n\t\t<div class=\"elementor-element elementor-element-1e1176bd e-con-full e-flex e-con e-child\" data-id=\"1e1176bd\" data-element_type=\"container\" data-e-type=\"container\">\n\t\t\t\t<div class=\"elementor-element elementor-element-579d8e5c elementor-widget elementor-widget-heading\" data-id=\"579d8e5c\" data-element_type=\"widget\" data-e-type=\"widget\" data-widget_type=\"heading.default\">\n\t\t\t\t<div class=\"elementor-widget-container\">\n\t\t\t\t\t<h2 class=\"elementor-heading-title elementor-size-default\">Wine Festivals &amp; Events<\/h2>\t\t\t\t<\/div>\n\t\t\t\t<\/div>\n\t\t\t\t<div class=\"elementor-element elementor-element-6aecfba3 elementor-widget elementor-widget-text-editor\" data-id=\"6aecfba3\" data-element_type=\"widget\" data-e-type=\"widget\" data-widget_type=\"text-editor.default\">\n\t\t\t\t<div class=\"elementor-widget-container\">\n\t\t\t\t\t\t\t\t\t<p class=\"p1\">Throughout the year, numerous events take place in the Ahr Valley, attracting guests from all over the region.<\/p><p class=\"p1\">The traditional wine festivals are particularly popular, where winemakers present their wines and the valley showcases its convivial side. Music, regional specialties, and a special atmosphere make these events highlights steeped in tradition.<\/p><p class=\"p1\">Culinary events, wine tastings and seasonal events also provide variety during your stay.<\/p>\t\t\t\t\t\t\t\t<\/div>\n\t\t\t\t<\/div>\n\t\t<div class=\"elementor-element elementor-element-404a1a5c e-con-full e-flex e-con e-child\" data-id=\"404a1a5c\" data-element_type=\"container\" data-e-type=\"container\">\n\t\t\t\t<div data-dce-background-color=\"#AA2052E3\" class=\"elementor-element elementor-element-125838b2 elementor-widget elementor-widget-button\" data-id=\"125838b2\" data-element_type=\"widget\" data-e-type=\"widget\" data-widget_type=\"button.default\">\n\t\t\t\t<div class=\"elementor-widget-container\">\n\t\t\t\t\t\t\t\t\t<div class=\"elementor-button-wrapper\">\n\t\t\t\t\t<a class=\"elementor-button elementor-button-link elementor-size-sm\" href=\"https:\/\/www.ahrtal.com\/de\/events\" target=\"_blank\" rel=\"noopener\">\n\t\t\t\t\t\t<span class=\"elementor-button-content-wrapper\">\n\t\t\t\t\t\t\t\t\t<span class=\"elementor-button-text\">Events<\/span>\n\t\t\t\t\t<\/span>\n\t\t\t\t\t<\/a>\n\t\t\t\t<\/div>\n\t\t\t\t\t\t\t\t<\/div>\n\t\t\t\t<\/div>\n\t\t\t\t<\/div>\n\t\t\t\t<\/div>\n\t\t<div class=\"elementor-element elementor-element-3e714711 e-con-full e-flex e-con e-child\" data-id=\"3e714711\" data-element_type=\"container\" data-e-type=\"container\">\n\t\t\t\t<div class=\"elementor-element elementor-element-643561a9 dce_masking-none elementor-widget elementor-widget-image\" data-id=\"643561a9\" data-element_type=\"widget\" data-e-type=\"widget\" data-widget_type=\"image.default\">\n\t\t\t\t<div class=\"elementor-widget-container\">\n\t\t\t\t\t\t\t\t\t\t\t\t\t\t\t<img loading=\"lazy\" decoding=\"async\" width=\"1024\" height=\"795\" src=\"https:\/\/hotel-ruland.de\/wp-content\/uploads\/2026\/03\/Weinfeste-1024x795.jpg\" class=\"attachment-large size-large wp-image-5972\" alt=\"G\u00e4ste sto\u00dfen mit Rotwein im Weingarten des Hotel Ruland Altenahr an\" srcset=\"https:\/\/hotel-ruland.de\/wp-content\/uploads\/2026\/03\/Weinfeste-1024x795.jpg 1024w, https:\/\/hotel-ruland.de\/wp-content\/uploads\/2026\/03\/Weinfeste-300x233.jpg 300w, https:\/\/hotel-ruland.de\/wp-content\/uploads\/2026\/03\/Weinfeste-768x596.jpg 768w, https:\/\/hotel-ruland.de\/wp-content\/uploads\/2026\/03\/Weinfeste-1536x1193.jpg 1536w, https:\/\/hotel-ruland.de\/wp-content\/uploads\/2026\/03\/Weinfeste-2048x1590.jpg 2048w, https:\/\/hotel-ruland.de\/wp-content\/uploads\/2026\/03\/Weinfeste-15x12.jpg 15w, https:\/\/hotel-ruland.de\/wp-content\/uploads\/2026\/03\/Weinfeste-1320x1025.jpg 1320w\" sizes=\"(max-width: 1024px) 100vw, 1024px\" \/>\t\t\t\t\t\t\t\t\t\t\t\t\t\t\t<\/div>\n\t\t\t\t<\/div>\n\t\t\t\t<\/div>\n\t\t\t\t<\/div>\n\t\t<div class=\"elementor-element elementor-element-405d5d80 e-con-full e-flex e-con e-child\" data-id=\"405d5d80\" data-element_type=\"container\" data-e-type=\"container\">\n\t\t<div class=\"elementor-element elementor-element-409ba13e e-con-full e-flex e-con e-child\" data-id=\"409ba13e\" data-element_type=\"container\" data-e-type=\"container\">\n\t\t\t\t<div class=\"elementor-element elementor-element-53c9eada dce_masking-none elementor-widget elementor-widget-image\" data-id=\"53c9eada\" data-element_type=\"widget\" data-e-type=\"widget\" data-widget_type=\"image.default\">\n\t\t\t\t<div class=\"elementor-widget-container\">\n\t\t\t\t\t\t\t\t\t\t\t\t\t\t\t<img loading=\"lazy\" decoding=\"async\" width=\"1024\" height=\"742\" src=\"https:\/\/hotel-ruland.de\/wp-content\/uploads\/2026\/03\/die-ahrtalbahn-1024x742.jpg\" class=\"attachment-large size-large wp-image-5960\" alt=\"Bahnverbindung im Ahrtal \u2013 Anreise nach Altenahr mit der Ahrtalbahn\" srcset=\"https:\/\/hotel-ruland.de\/wp-content\/uploads\/2026\/03\/die-ahrtalbahn-1024x742.jpg 1024w, https:\/\/hotel-ruland.de\/wp-content\/uploads\/2026\/03\/die-ahrtalbahn-300x217.jpg 300w, https:\/\/hotel-ruland.de\/wp-content\/uploads\/2026\/03\/die-ahrtalbahn-768x556.jpg 768w, https:\/\/hotel-ruland.de\/wp-content\/uploads\/2026\/03\/die-ahrtalbahn-1536x1113.jpg 1536w, https:\/\/hotel-ruland.de\/wp-content\/uploads\/2026\/03\/die-ahrtalbahn-2048x1484.jpg 2048w, https:\/\/hotel-ruland.de\/wp-content\/uploads\/2026\/03\/die-ahrtalbahn-18x12.jpg 18w, https:\/\/hotel-ruland.de\/wp-content\/uploads\/2026\/03\/die-ahrtalbahn-1320x956.jpg 1320w\" sizes=\"(max-width: 1024px) 100vw, 1024px\" \/>\t\t\t\t\t\t\t\t\t\t\t\t\t\t\t<\/div>\n\t\t\t\t<\/div>\n\t\t\t\t<\/div>\n\t\t<div class=\"elementor-element elementor-element-5429bde4 e-con-full e-flex e-con e-child\" data-id=\"5429bde4\" data-element_type=\"container\" data-e-type=\"container\">\n\t\t\t\t<div class=\"elementor-element elementor-element-5d7adf9b elementor-widget elementor-widget-heading\" data-id=\"5d7adf9b\" data-element_type=\"widget\" data-e-type=\"widget\" data-widget_type=\"heading.default\">\n\t\t\t\t<div class=\"elementor-widget-container\">\n\t\t\t\t\t<h2 class=\"elementor-heading-title elementor-size-default\">The Ahr Valley after the flood \u2013 a new beginning and renewed strength<\/h2>\t\t\t\t<\/div>\n\t\t\t\t<\/div>\n\t\t\t\t<div class=\"elementor-element elementor-element-68979ab9 elementor-widget elementor-widget-text-editor\" data-id=\"68979ab9\" data-element_type=\"widget\" data-e-type=\"widget\" data-widget_type=\"text-editor.default\">\n\t\t\t\t<div class=\"elementor-widget-container\">\n\t\t\t\t\t\t\t\t\t<p class=\"p1\">The Ahr Valley was severely affected by the flood disaster of 2021. Today, it is evident how much strength and solidarity this region possesses.<\/p><p class=\"p1\">Construction sites are still visible in many places, but the valley is developing step by step. Much has already been rebuilt, modernized, and designed with the future in mind.<\/p><p class=\"p1\">The railway line is a powerful symbol: it was rebuilt in an impressively short time. Today, trains run again between Remagen and Kreuzberg.<\/p><p class=\"p1\">With every visit, you support the region on its path back to health! Experience the Ahr Valley, which has retained its unique character and is developing a new one.<\/p>\t\t\t\t\t\t\t\t<\/div>\n\t\t\t\t<\/div>\n\t\t<div class=\"elementor-element elementor-element-2ba6519a e-con-full e-flex e-con e-child\" data-id=\"2ba6519a\" data-element_type=\"container\" data-e-type=\"container\">\n\t\t\t\t<div data-dce-background-color=\"#AA2052E3\" class=\"elementor-element elementor-element-1f2e0c76 elementor-widget elementor-widget-button\" data-id=\"1f2e0c76\" data-element_type=\"widget\" data-e-type=\"widget\" data-widget_type=\"button.default\">\n\t\t\t\t<div class=\"elementor-widget-container\">\n\t\t\t\t\t\t\t\t\t<div class=\"elementor-button-wrapper\">\n\t\t\t\t\t<a class=\"elementor-button elementor-button-link elementor-size-sm\" href=\"https:\/\/www.ahrtal.com\/de\/bus-bahn\" target=\"_blank\" rel=\"noopener\">\n\t\t\t\t\t\t<span class=\"elementor-button-content-wrapper\">\n\t\t\t\t\t\t\t\t\t<span class=\"elementor-button-text\">Public transport in the Ahr Valley<\/span>\n\t\t\t\t\t<\/span>\n\t\t\t\t\t<\/a>\n\t\t\t\t<\/div>\n\t\t\t\t\t\t\t\t<\/div>\n\t\t\t\t<\/div>\n\t\t\t\t<\/div>\n\t\t\t\t<\/div>\n\t\t\t\t<\/div>\n\t\t\t\t\t<\/div>\n\t\t\t\t<\/div>\n\t\t\t\t<\/div>","protected":false},"excerpt":{"rendered":"<p>Das Ahrtal entdecken \u2013 Natur, Wein &amp; besondere Momente Genuss, Bewegung und echte Lebensfreude Das Ahrtal geh\u00f6rt zu den sch\u00f6nen und vielseitigen Regionen in Rheinland-Pfalz. Gepr\u00e4gt von steilen Weinbergen, dem Flusslauf der Ahr und Orten mit Geschicihte verbindet das Tal Natur, Genuss und Aktivit\u00e4t auf besondere Weise. Hier treffen beeindruckende Landschaften auf eine lange Weinkultur [&hellip;]<\/p>\n","protected":false},"author":1,"featured_media":2713,"parent":0,"menu_order":18,"comment_status":"closed","ping_status":"closed","template":"","meta":{"_acf_changed":false,"footnotes":""},"class_list":["post-692","page","type-page","status-publish","has-post-thumbnail","hentry","wpbf-post"],"acf":[],"_links":{"self":[{"href":"https:\/\/hotel-ruland.de\/en\/wp-json\/wp\/v2\/pages\/692","targetHints":{"allow":["GET"]}}],"collection":[{"href":"https:\/\/hotel-ruland.de\/en\/wp-json\/wp\/v2\/pages"}],"about":[{"href":"https:\/\/hotel-ruland.de\/en\/wp-json\/wp\/v2\/types\/page"}],"author":[{"embeddable":true,"href":"https:\/\/hotel-ruland.de\/en\/wp-json\/wp\/v2\/users\/1"}],"replies":[{"embeddable":true,"href":"https:\/\/hotel-ruland.de\/en\/wp-json\/wp\/v2\/comments?post=692"}],"version-history":[{"count":58,"href":"https:\/\/hotel-ruland.de\/en\/wp-json\/wp\/v2\/pages\/692\/revisions"}],"predecessor-version":[{"id":6028,"href":"https:\/\/hotel-ruland.de\/en\/wp-json\/wp\/v2\/pages\/692\/revisions\/6028"}],"wp:featuredmedia":[{"embeddable":true,"href":"https:\/\/hotel-ruland.de\/en\/wp-json\/wp\/v2\/media\/2713"}],"wp:attachment":[{"href":"https:\/\/hotel-ruland.de\/en\/wp-json\/wp\/v2\/media?parent=692"}],"curies":[{"name":"wp","href":"https:\/\/api.w.org\/{rel}","templated":true}]}}