{"id":694,"date":"2022-10-23T10:06:35","date_gmt":"2022-10-23T08:06:35","guid":{"rendered":"http:\/\/2022.hotel-ruland.de\/?page_id=694"},"modified":"2026-03-27T09:51:15","modified_gmt":"2026-03-27T08:51:15","slug":"eifel","status":"publish","type":"page","link":"https:\/\/hotel-ruland.de\/en\/eifel\/","title":{"rendered":"Eifel"},"content":{"rendered":"<div data-elementor-type=\"wp-page\" data-elementor-id=\"694\" class=\"elementor elementor-694\" data-elementor-post-type=\"page\">\n\t\t\t\t<div class=\"elementor-element elementor-element-4cc6800e e-flex e-con-boxed e-con e-parent\" data-id=\"4cc6800e\" data-element_type=\"container\" data-e-type=\"container\">\n\t\t\t\t\t<div class=\"e-con-inner\">\n\t\t\t\t<div class=\"elementor-element elementor-element-6351e8dc elementor-widget elementor-widget-heading\" data-id=\"6351e8dc\" data-element_type=\"widget\" data-e-type=\"widget\" data-widget_type=\"heading.default\">\n\t\t\t\t<div class=\"elementor-widget-container\">\n\t\t\t\t\t<h1 class=\"elementor-heading-title elementor-size-default\">Discover the Eifel region \u2013 nature &amp; excursions around the Ahr Valley<\/h1>\t\t\t\t<\/div>\n\t\t\t\t<\/div>\n\t\t\t\t<div class=\"elementor-element elementor-element-749a5626 nurtext elementor-widget elementor-widget-text-editor\" data-id=\"749a5626\" data-element_type=\"widget\" data-e-type=\"widget\" data-widget_type=\"text-editor.default\">\n\t\t\t\t<div class=\"elementor-widget-container\">\n\t\t\t\t\t\t\t\t\t<p data-section-id=\"4mqj9e\" data-start=\"289\" data-end=\"327\"><strong>Experience vastness, tranquility and genuine nature<\/strong><\/p><h2 data-start=\"329\" data-end=\"409\">Just a few minutes from the Ahr Valley, a completely different world begins: the Eifel region.<\/h2><p data-start=\"411\" data-end=\"623\">Vast landscapes, dense forests, volcanic lakes, and small, unspoiled villages characterize this unique region. Anyone traveling here quickly senses how much space there is \u2013 to breathe, explore, and unwind.<\/p><p data-start=\"625\" data-end=\"805\">From the <a href=\"https:\/\/hotel-ruland.de\/\">Hotel Ruland<\/a> From Altenahr, you can easily reach many destinations in the unspoiled and rugged Central Uplands in a short time. Whether on foot, by bicycle, or by car: the possibilities are numerous.<\/p><p data-start=\"807\" data-end=\"974\">And the best part \u2013 at the end of the day you return to the Ahr Valley. Back to Hotel Ruland, where relaxation, good food and a cozy end to the day await you.<\/p>\t\t\t\t\t\t\t\t<\/div>\n\t\t\t\t<\/div>\n\t\t\t\t\t<\/div>\n\t\t\t\t<\/div>\n\t\t<div class=\"elementor-element elementor-element-629ebbe5 e-flex e-con-boxed e-con e-parent\" data-id=\"629ebbe5\" data-element_type=\"container\" data-e-type=\"container\" data-settings=\"{&quot;background_background&quot;:&quot;classic&quot;}\">\n\t\t\t\t\t<div class=\"e-con-inner\">\n\t\t<div class=\"elementor-element elementor-element-521bc243 e-con-full e-flex e-con e-child\" data-id=\"521bc243\" data-element_type=\"container\" data-e-type=\"container\">\n\t\t<div class=\"elementor-element elementor-element-2d232ff5 e-con-full e-flex e-con e-child\" data-id=\"2d232ff5\" data-element_type=\"container\" data-e-type=\"container\">\n\t\t\t\t<div class=\"elementor-element elementor-element-1347bd97 dce_masking-none elementor-widget elementor-widget-image\" data-id=\"1347bd97\" data-element_type=\"widget\" data-e-type=\"widget\" data-widget_type=\"image.default\">\n\t\t\t\t<div class=\"elementor-widget-container\">\n\t\t\t\t\t\t\t\t\t\t\t\t\t\t\t<img fetchpriority=\"high\" decoding=\"async\" width=\"1024\" height=\"683\" src=\"https:\/\/hotel-ruland.de\/wp-content\/uploads\/2022\/11\/ET-2018-Naturpark-Deluxe-092-Teufelsschlucht-1024x683.jpg\" class=\"attachment-large size-large wp-image-2726\" alt=\"\" srcset=\"https:\/\/hotel-ruland.de\/wp-content\/uploads\/2022\/11\/ET-2018-Naturpark-Deluxe-092-Teufelsschlucht-1024x683.jpg 1024w, https:\/\/hotel-ruland.de\/wp-content\/uploads\/2022\/11\/ET-2018-Naturpark-Deluxe-092-Teufelsschlucht-300x200.jpg 300w, https:\/\/hotel-ruland.de\/wp-content\/uploads\/2022\/11\/ET-2018-Naturpark-Deluxe-092-Teufelsschlucht-768x512.jpg 768w, https:\/\/hotel-ruland.de\/wp-content\/uploads\/2022\/11\/ET-2018-Naturpark-Deluxe-092-Teufelsschlucht-1536x1024.jpg 1536w, https:\/\/hotel-ruland.de\/wp-content\/uploads\/2022\/11\/ET-2018-Naturpark-Deluxe-092-Teufelsschlucht-2048x1365.jpg 2048w, https:\/\/hotel-ruland.de\/wp-content\/uploads\/2022\/11\/ET-2018-Naturpark-Deluxe-092-Teufelsschlucht-1320x880.jpg 1320w\" sizes=\"(max-width: 1024px) 100vw, 1024px\" \/>\t\t\t\t\t\t\t\t\t\t\t\t\t\t\t<\/div>\n\t\t\t\t<\/div>\n\t\t\t\t<\/div>\n\t\t<div class=\"elementor-element elementor-element-575951ae e-con-full e-flex e-con e-child\" data-id=\"575951ae\" data-element_type=\"container\" data-e-type=\"container\">\n\t\t\t\t<div class=\"elementor-element elementor-element-47ff3873 elementor-widget elementor-widget-heading\" data-id=\"47ff3873\" data-element_type=\"widget\" data-e-type=\"widget\" data-widget_type=\"heading.default\">\n\t\t\t\t<div class=\"elementor-widget-container\">\n\t\t\t\t\t<h2 class=\"elementor-heading-title elementor-size-default\">Hiking in the Eifel highlands<\/h2>\t\t\t\t<\/div>\n\t\t\t\t<\/div>\n\t\t\t\t<div class=\"elementor-element elementor-element-661c0754 elementor-widget elementor-widget-text-editor\" data-id=\"661c0754\" data-element_type=\"widget\" data-e-type=\"widget\" data-widget_type=\"text-editor.default\">\n\t\t\t\t<div class=\"elementor-widget-container\">\n\t\t\t\t\t\t\t\t\t<p data-start=\"1071\" data-end=\"1218\">The Eifel region is a paradise for hikers. Expansive ridges, narrow paths, and breathtaking views make every hike a special experience.<\/p><p data-start=\"1220\" data-end=\"1464\">Well-known routes such as the <strong data-start=\"1242\" data-end=\"1256\">Eifelsteig<\/strong> They lead through diverse landscapes and ideally combine nature, tranquility, and activity. Also, the <strong data-start=\"1368\" data-end=\"1381\">High Eight<\/strong>, the highest mountain in the Eifel region, offers impressive panoramic views over the area.<\/p><p data-start=\"1605\" data-end=\"1776\">Whether a relaxed hike or a challenging tour: Around the Ahr Valley and in the Eifel region you will find numerous opportunities to be active and experience nature intensely.<\/p>\t\t\t\t\t\t\t\t<\/div>\n\t\t\t\t<\/div>\n\t\t<div class=\"elementor-element elementor-element-e7ec4e4 e-con-full e-flex e-con e-child\" data-id=\"e7ec4e4\" data-element_type=\"container\" data-e-type=\"container\">\n\t\t\t\t<div data-dce-background-color=\"#AA2052E3\" class=\"elementor-element elementor-element-5f66b34 elementor-widget elementor-widget-button\" data-id=\"5f66b34\" data-element_type=\"widget\" data-e-type=\"widget\" data-widget_type=\"button.default\">\n\t\t\t\t<div class=\"elementor-widget-container\">\n\t\t\t\t\t\t\t\t\t<div class=\"elementor-button-wrapper\">\n\t\t\t\t\t<a class=\"elementor-button elementor-button-link elementor-size-sm\" href=\"https:\/\/www.eifel.info\/wandern\" target=\"_blank\" rel=\"noopener\">\n\t\t\t\t\t\t<span class=\"elementor-button-content-wrapper\">\n\t\t\t\t\t\t\t\t\t<span class=\"elementor-button-text\">Hiking in the Eifel region<\/span>\n\t\t\t\t\t<\/span>\n\t\t\t\t\t<\/a>\n\t\t\t\t<\/div>\n\t\t\t\t\t\t\t\t<\/div>\n\t\t\t\t<\/div>\n\t\t\t\t<div data-dce-background-color=\"#AA2052E3\" class=\"elementor-element elementor-element-b58119e elementor-widget elementor-widget-button\" data-id=\"b58119e\" data-element_type=\"widget\" data-e-type=\"widget\" data-widget_type=\"button.default\">\n\t\t\t\t<div class=\"elementor-widget-container\">\n\t\t\t\t\t\t\t\t\t<div class=\"elementor-button-wrapper\">\n\t\t\t\t\t<a class=\"elementor-button elementor-button-link elementor-size-sm\" href=\"https:\/\/www.eifelsteig.de\/\" target=\"_blank\" rel=\"noopener\">\n\t\t\t\t\t\t<span class=\"elementor-button-content-wrapper\">\n\t\t\t\t\t\t\t\t\t<span class=\"elementor-button-text\">Eifelsteig<\/span>\n\t\t\t\t\t<\/span>\n\t\t\t\t\t<\/a>\n\t\t\t\t<\/div>\n\t\t\t\t\t\t\t\t<\/div>\n\t\t\t\t<\/div>\n\t\t\t\t<\/div>\n\t\t\t\t<\/div>\n\t\t\t\t<\/div>\n\t\t<div class=\"elementor-element elementor-element-259d9d61 e-con-full e-flex e-con e-child\" data-id=\"259d9d61\" data-element_type=\"container\" data-e-type=\"container\">\n\t\t<div class=\"elementor-element elementor-element-407d8d2e e-con-full e-flex e-con e-child\" data-id=\"407d8d2e\" data-element_type=\"container\" data-e-type=\"container\">\n\t\t\t\t<div class=\"elementor-element elementor-element-3580b0a5 elementor-widget elementor-widget-heading\" data-id=\"3580b0a5\" data-element_type=\"widget\" data-e-type=\"widget\" data-widget_type=\"heading.default\">\n\t\t\t\t<div class=\"elementor-widget-container\">\n\t\t\t\t\t<h2 class=\"elementor-heading-title elementor-size-default\">Volcanic landscape &amp; maars<\/h2>\t\t\t\t<\/div>\n\t\t\t\t<\/div>\n\t\t\t\t<div class=\"elementor-element elementor-element-109ed80b elementor-widget elementor-widget-text-editor\" data-id=\"109ed80b\" data-element_type=\"widget\" data-e-type=\"widget\" data-widget_type=\"text-editor.default\">\n\t\t\t\t<div class=\"elementor-widget-container\">\n\t\t\t\t\t\t\t\t\t<p data-start=\"1813\" data-end=\"1920\">The Eifel region is characterized by its volcanic past \u2013 and that is precisely what makes it so special.<\/p><p data-start=\"1922\" data-end=\"2098\">The famous <strong data-start=\"1936\" data-end=\"1945\">Maare<\/strong>These circular lakes of volcanic origin are among the most impressive natural phenomena in the region. They invite visitors to marvel, stroll, and linger.<\/p><p data-start=\"2100\" data-end=\"2252\">One particular goal is the <strong data-start=\"2128\" data-end=\"2143\">Lake Laach<\/strong> with the nearby monastery <strong data-start=\"2174\" data-end=\"2189\">Maria Laughter<\/strong> \u2013 a place of peace, history and impressive scenery.<\/p><p data-start=\"2254\" data-end=\"2381\">Along the <strong data-start=\"2266\" data-end=\"2281\">Volcano route<\/strong> Discover the geological features of the Eifel region in an exciting and varied way.<\/p>\t\t\t\t\t\t\t\t<\/div>\n\t\t\t\t<\/div>\n\t\t<div class=\"elementor-element elementor-element-6b795ae e-con-full e-flex e-con e-child\" data-id=\"6b795ae\" data-element_type=\"container\" data-e-type=\"container\">\n\t\t\t\t<div data-dce-background-color=\"#AA2052E3\" class=\"elementor-element elementor-element-59e86eb elementor-widget elementor-widget-button\" data-id=\"59e86eb\" data-element_type=\"widget\" data-e-type=\"widget\" data-widget_type=\"button.default\">\n\t\t\t\t<div class=\"elementor-widget-container\">\n\t\t\t\t\t\t\t\t\t<div class=\"elementor-button-wrapper\">\n\t\t\t\t\t<a class=\"elementor-button elementor-button-link elementor-size-sm\" href=\"https:\/\/www.maria-laach.de\/\" target=\"_blank\" rel=\"noopener\">\n\t\t\t\t\t\t<span class=\"elementor-button-content-wrapper\">\n\t\t\t\t\t\t\t\t\t<span class=\"elementor-button-text\">Abbey Of Maria Laach<\/span>\n\t\t\t\t\t<\/span>\n\t\t\t\t\t<\/a>\n\t\t\t\t<\/div>\n\t\t\t\t\t\t\t\t<\/div>\n\t\t\t\t<\/div>\n\t\t\t\t<div data-dce-background-color=\"#AA2052E3\" class=\"elementor-element elementor-element-dbaaaf9 elementor-widget elementor-widget-button\" data-id=\"dbaaaf9\" data-element_type=\"widget\" data-e-type=\"widget\" data-widget_type=\"button.default\">\n\t\t\t\t<div class=\"elementor-widget-container\">\n\t\t\t\t\t\t\t\t\t<div class=\"elementor-button-wrapper\">\n\t\t\t\t\t<a class=\"elementor-button elementor-button-link elementor-size-sm\" href=\"https:\/\/www.deutsche-vulkanstrasse.com\/\" target=\"_blank\" rel=\"noopener\">\n\t\t\t\t\t\t<span class=\"elementor-button-content-wrapper\">\n\t\t\t\t\t\t\t\t\t<span class=\"elementor-button-text\">Volcano route<\/span>\n\t\t\t\t\t<\/span>\n\t\t\t\t\t<\/a>\n\t\t\t\t<\/div>\n\t\t\t\t\t\t\t\t<\/div>\n\t\t\t\t<\/div>\n\t\t\t\t<\/div>\n\t\t\t\t<\/div>\n\t\t<div class=\"elementor-element elementor-element-303df161 e-con-full e-flex e-con e-child\" data-id=\"303df161\" data-element_type=\"container\" data-e-type=\"container\">\n\t\t\t\t<div class=\"elementor-element elementor-element-694077ba dce_masking-none elementor-widget elementor-widget-image\" data-id=\"694077ba\" data-element_type=\"widget\" data-e-type=\"widget\" data-widget_type=\"image.default\">\n\t\t\t\t<div class=\"elementor-widget-container\">\n\t\t\t\t\t\t\t\t\t\t\t\t\t\t\t<img decoding=\"async\" width=\"1024\" height=\"683\" src=\"https:\/\/hotel-ruland.de\/wp-content\/uploads\/2022\/11\/Eifel-Tourismus-2021-590-Laachersee-1024x683.jpg\" class=\"attachment-large size-large wp-image-2730\" alt=\"\" srcset=\"https:\/\/hotel-ruland.de\/wp-content\/uploads\/2022\/11\/Eifel-Tourismus-2021-590-Laachersee-1024x683.jpg 1024w, https:\/\/hotel-ruland.de\/wp-content\/uploads\/2022\/11\/Eifel-Tourismus-2021-590-Laachersee-300x200.jpg 300w, https:\/\/hotel-ruland.de\/wp-content\/uploads\/2022\/11\/Eifel-Tourismus-2021-590-Laachersee-768x512.jpg 768w, https:\/\/hotel-ruland.de\/wp-content\/uploads\/2022\/11\/Eifel-Tourismus-2021-590-Laachersee-1536x1024.jpg 1536w, https:\/\/hotel-ruland.de\/wp-content\/uploads\/2022\/11\/Eifel-Tourismus-2021-590-Laachersee-2048x1366.jpg 2048w, https:\/\/hotel-ruland.de\/wp-content\/uploads\/2022\/11\/Eifel-Tourismus-2021-590-Laachersee-1320x880.jpg 1320w\" sizes=\"(max-width: 1024px) 100vw, 1024px\" \/>\t\t\t\t\t\t\t\t\t\t\t\t\t\t\t<\/div>\n\t\t\t\t<\/div>\n\t\t\t\t<\/div>\n\t\t\t\t<\/div>\n\t\t<div class=\"elementor-element elementor-element-558cdfb0 e-con-full e-flex e-con e-child\" data-id=\"558cdfb0\" data-element_type=\"container\" data-e-type=\"container\">\n\t\t<div class=\"elementor-element elementor-element-306a29ed e-con-full e-flex e-con e-child\" data-id=\"306a29ed\" data-element_type=\"container\" data-e-type=\"container\">\n\t\t\t\t<div class=\"elementor-element elementor-element-64da16b5 dce_masking-none elementor-widget elementor-widget-image\" data-id=\"64da16b5\" data-element_type=\"widget\" data-e-type=\"widget\" data-widget_type=\"image.default\">\n\t\t\t\t<div class=\"elementor-widget-container\">\n\t\t\t\t\t\t\t\t\t\t\t\t\t\t\t<img decoding=\"async\" width=\"683\" height=\"1024\" src=\"https:\/\/hotel-ruland.de\/wp-content\/uploads\/2022\/11\/ET-2018-306-Eifelleiter-Roddermaar-Niederduerenbach-683x1024.jpg\" class=\"attachment-large size-large wp-image-2720\" alt=\"\" srcset=\"https:\/\/hotel-ruland.de\/wp-content\/uploads\/2022\/11\/ET-2018-306-Eifelleiter-Roddermaar-Niederduerenbach-683x1024.jpg 683w, https:\/\/hotel-ruland.de\/wp-content\/uploads\/2022\/11\/ET-2018-306-Eifelleiter-Roddermaar-Niederduerenbach-200x300.jpg 200w, https:\/\/hotel-ruland.de\/wp-content\/uploads\/2022\/11\/ET-2018-306-Eifelleiter-Roddermaar-Niederduerenbach-768x1152.jpg 768w, https:\/\/hotel-ruland.de\/wp-content\/uploads\/2022\/11\/ET-2018-306-Eifelleiter-Roddermaar-Niederduerenbach.jpg 1000w\" sizes=\"(max-width: 683px) 100vw, 683px\" \/>\t\t\t\t\t\t\t\t\t\t\t\t\t\t\t<\/div>\n\t\t\t\t<\/div>\n\t\t\t\t<\/div>\n\t\t<div class=\"elementor-element elementor-element-7f04b912 e-con-full e-flex e-con e-child\" data-id=\"7f04b912\" data-element_type=\"container\" data-e-type=\"container\">\n\t\t\t\t<div class=\"elementor-element elementor-element-1e6c1bd9 elementor-widget elementor-widget-heading\" data-id=\"1e6c1bd9\" data-element_type=\"widget\" data-e-type=\"widget\" data-widget_type=\"heading.default\">\n\t\t\t\t<div class=\"elementor-widget-container\">\n\t\t\t\t\t<h2 class=\"elementor-heading-title elementor-size-default\">Cycling through the Eifel region<\/h2>\t\t\t\t<\/div>\n\t\t\t\t<\/div>\n\t\t\t\t<div class=\"elementor-element elementor-element-10479ef5 elementor-widget elementor-widget-text-editor\" data-id=\"10479ef5\" data-element_type=\"widget\" data-e-type=\"widget\" data-widget_type=\"text-editor.default\">\n\t\t\t\t<div class=\"elementor-widget-container\">\n\t\t\t\t\t\t\t\t\t<p data-start=\"2419\" data-end=\"2537\">The low mountain range also offers cyclists varied routes through valleys, forests and over the region's ridges.<\/p><p data-start=\"2539\" data-end=\"2724\">Whether you're looking for a sporty challenge or a relaxed ride on an e-bike \u2013 everyone will find the perfect tour here. Routes along the Ahr River and through the expansive Eifel landscape are particularly popular.<\/p><p data-start=\"2726\" data-end=\"2829\">You can find suitable maps, tour suggestions and tips for your route in the Rhineland-Palatinate tour planner.<\/p>\t\t\t\t\t\t\t\t<\/div>\n\t\t\t\t<\/div>\n\t\t<div class=\"elementor-element elementor-element-4372e728 e-con-full e-flex e-con e-child\" data-id=\"4372e728\" data-element_type=\"container\" data-e-type=\"container\">\n\t\t\t\t<div data-dce-background-color=\"#AA2052E3\" class=\"elementor-element elementor-element-38993cb9 elementor-widget elementor-widget-button\" data-id=\"38993cb9\" data-element_type=\"widget\" data-e-type=\"widget\" data-widget_type=\"button.default\">\n\t\t\t\t<div class=\"elementor-widget-container\">\n\t\t\t\t\t\t\t\t\t<div class=\"elementor-button-wrapper\">\n\t\t\t\t\t<a class=\"elementor-button elementor-button-link elementor-size-sm\" href=\"https:\/\/www.tourenplaner-rheinland-pfalz.de\/de\/tourenplaner\/\" target=\"_blank\" rel=\"noopener\">\n\t\t\t\t\t\t<span class=\"elementor-button-content-wrapper\">\n\t\t\t\t\t\t\t\t\t<span class=\"elementor-button-text\">Tour planner Rhineland-Palatinate<\/span>\n\t\t\t\t\t<\/span>\n\t\t\t\t\t<\/a>\n\t\t\t\t<\/div>\n\t\t\t\t\t\t\t\t<\/div>\n\t\t\t\t<\/div>\n\t\t\t\t<\/div>\n\t\t\t\t<\/div>\n\t\t\t\t<\/div>\n\t\t<div class=\"elementor-element elementor-element-4bdf0a1 e-con-full e-flex e-con e-child\" data-id=\"4bdf0a1\" data-element_type=\"container\" data-e-type=\"container\">\n\t\t<div class=\"elementor-element elementor-element-5d6be37 e-con-full e-flex e-con e-child\" data-id=\"5d6be37\" data-element_type=\"container\" data-e-type=\"container\">\n\t\t\t\t<div class=\"elementor-element elementor-element-bdce3d9 elementor-widget elementor-widget-heading\" data-id=\"bdce3d9\" data-element_type=\"widget\" data-e-type=\"widget\" data-widget_type=\"heading.default\">\n\t\t\t\t<div class=\"elementor-widget-container\">\n\t\t\t\t\t<h2 class=\"elementor-heading-title elementor-size-default\">N\u00fcrburgring \u2013 Experience motorsport up close<\/h2>\t\t\t\t<\/div>\n\t\t\t\t<\/div>\n\t\t\t\t<div class=\"elementor-element elementor-element-762f11c elementor-widget elementor-widget-text-editor\" data-id=\"762f11c\" data-element_type=\"widget\" data-e-type=\"widget\" data-widget_type=\"text-editor.default\">\n\t\t\t\t<div class=\"elementor-widget-container\">\n\t\t\t\t\t\t\t\t\t<p data-start=\"2882\" data-end=\"2990\">The N\u00fcrburgring is one of the most popular tourist destinations in the region and can be reached quickly from Altenahr.<\/p><p data-start=\"2992\" data-end=\"3243\">Whether as a spectator at events, during a lap on the legendary Nordschleife or during a visit to the motorsport experience centre \u2013 everyone who is interested in technology, speed and special experiences will find something to enjoy here.<\/p><p data-start=\"3245\" data-end=\"3429\">Even outside of racing events, a visit is worthwhile \u2013 be it for a guided tour, a look behind the scenes or simply to experience the special atmosphere of this place.<\/p>\t\t\t\t\t\t\t\t<\/div>\n\t\t\t\t<\/div>\n\t\t<div class=\"elementor-element elementor-element-4888711 e-con-full e-flex e-con e-child\" data-id=\"4888711\" data-element_type=\"container\" data-e-type=\"container\">\n\t\t\t\t<div data-dce-background-color=\"#AA2052E3\" class=\"elementor-element elementor-element-0890605 elementor-widget elementor-widget-button\" data-id=\"0890605\" data-element_type=\"widget\" data-e-type=\"widget\" data-widget_type=\"button.default\">\n\t\t\t\t<div class=\"elementor-widget-container\">\n\t\t\t\t\t\t\t\t\t<div class=\"elementor-button-wrapper\">\n\t\t\t\t\t<a class=\"elementor-button elementor-button-link elementor-size-sm\" href=\"https:\/\/nuerburgring.de\/\" target=\"_blank\" rel=\"noopener\">\n\t\t\t\t\t\t<span class=\"elementor-button-content-wrapper\">\n\t\t\t\t\t\t\t\t\t<span class=\"elementor-button-text\">N\u00fcrburgring<\/span>\n\t\t\t\t\t<\/span>\n\t\t\t\t\t<\/a>\n\t\t\t\t<\/div>\n\t\t\t\t\t\t\t\t<\/div>\n\t\t\t\t<\/div>\n\t\t\t\t<\/div>\n\t\t\t\t<\/div>\n\t\t<div class=\"elementor-element elementor-element-4ec954a e-con-full e-flex e-con e-child\" data-id=\"4ec954a\" data-element_type=\"container\" data-e-type=\"container\">\n\t\t\t\t<div class=\"elementor-element elementor-element-0fd0264 dce_masking-none elementor-widget elementor-widget-image\" data-id=\"0fd0264\" data-element_type=\"widget\" data-e-type=\"widget\" data-widget_type=\"image.default\">\n\t\t\t\t<div class=\"elementor-widget-container\">\n\t\t\t\t\t\t\t\t\t\t\t\t\t\t\t<img loading=\"lazy\" decoding=\"async\" width=\"1024\" height=\"684\" src=\"https:\/\/hotel-ruland.de\/wp-content\/uploads\/2022\/11\/Unknown-7-1024x684.jpg\" class=\"attachment-large size-large wp-image-2774\" alt=\"\" srcset=\"https:\/\/hotel-ruland.de\/wp-content\/uploads\/2022\/11\/Unknown-7-1024x684.jpg 1024w, https:\/\/hotel-ruland.de\/wp-content\/uploads\/2022\/11\/Unknown-7-300x200.jpg 300w, https:\/\/hotel-ruland.de\/wp-content\/uploads\/2022\/11\/Unknown-7-768x513.jpg 768w, https:\/\/hotel-ruland.de\/wp-content\/uploads\/2022\/11\/Unknown-7-1536x1026.jpg 1536w, https:\/\/hotel-ruland.de\/wp-content\/uploads\/2022\/11\/Unknown-7-2048x1368.jpg 2048w, https:\/\/hotel-ruland.de\/wp-content\/uploads\/2022\/11\/Unknown-7-1320x882.jpg 1320w\" sizes=\"(max-width: 1024px) 100vw, 1024px\" \/>\t\t\t\t\t\t\t\t\t\t\t\t\t\t\t<\/div>\n\t\t\t\t<\/div>\n\t\t\t\t<\/div>\n\t\t\t\t<\/div>\n\t\t<div class=\"elementor-element elementor-element-cd7aadb e-con-full e-flex e-con e-child\" data-id=\"cd7aadb\" data-element_type=\"container\" data-e-type=\"container\">\n\t\t<div class=\"elementor-element elementor-element-fbae55c e-con-full e-flex e-con e-child\" data-id=\"fbae55c\" data-element_type=\"container\" data-e-type=\"container\">\n\t\t\t\t<div class=\"elementor-element elementor-element-35fc4df dce_masking-none elementor-widget elementor-widget-image\" data-id=\"35fc4df\" data-element_type=\"widget\" data-e-type=\"widget\" data-widget_type=\"image.default\">\n\t\t\t\t<div class=\"elementor-widget-container\">\n\t\t\t\t\t\t\t\t\t\t\t\t\t\t\t<img loading=\"lazy\" decoding=\"async\" width=\"1024\" height=\"683\" src=\"https:\/\/hotel-ruland.de\/wp-content\/uploads\/2022\/11\/Eifelsteig-2019-027-Olef-1024x683.jpg\" class=\"attachment-large size-large wp-image-2716\" alt=\"Blick auf Olef in der Eifel\" srcset=\"https:\/\/hotel-ruland.de\/wp-content\/uploads\/2022\/11\/Eifelsteig-2019-027-Olef-1024x683.jpg 1024w, https:\/\/hotel-ruland.de\/wp-content\/uploads\/2022\/11\/Eifelsteig-2019-027-Olef-300x200.jpg 300w, https:\/\/hotel-ruland.de\/wp-content\/uploads\/2022\/11\/Eifelsteig-2019-027-Olef-768x512.jpg 768w, https:\/\/hotel-ruland.de\/wp-content\/uploads\/2022\/11\/Eifelsteig-2019-027-Olef-1536x1024.jpg 1536w, https:\/\/hotel-ruland.de\/wp-content\/uploads\/2022\/11\/Eifelsteig-2019-027-Olef-2048x1365.jpg 2048w, https:\/\/hotel-ruland.de\/wp-content\/uploads\/2022\/11\/Eifelsteig-2019-027-Olef-1320x880.jpg 1320w\" sizes=\"(max-width: 1024px) 100vw, 1024px\" \/>\t\t\t\t\t\t\t\t\t\t\t\t\t\t\t<\/div>\n\t\t\t\t<\/div>\n\t\t\t\t<\/div>\n\t\t<div class=\"elementor-element elementor-element-d9c914c e-con-full e-flex e-con e-child\" data-id=\"d9c914c\" data-element_type=\"container\" data-e-type=\"container\">\n\t\t\t\t<div class=\"elementor-element elementor-element-2c207f1 elementor-widget elementor-widget-heading\" data-id=\"2c207f1\" data-element_type=\"widget\" data-e-type=\"widget\" data-widget_type=\"heading.default\">\n\t\t\t\t<div class=\"elementor-widget-container\">\n\t\t\t\t\t<h2 class=\"elementor-heading-title elementor-size-default\">Small towns &amp; regional culture<\/h2>\t\t\t\t<\/div>\n\t\t\t\t<\/div>\n\t\t\t\t<div class=\"elementor-element elementor-element-f03f054 elementor-widget elementor-widget-text-editor\" data-id=\"f03f054\" data-element_type=\"widget\" data-e-type=\"widget\" data-widget_type=\"text-editor.default\">\n\t\t\t\t<div class=\"elementor-widget-container\">\n\t\t\t\t\t\t\t\t\t<p data-start=\"465\" data-end=\"590\">The Eifel region around the Ahr valley is characterized by small towns, unspoiled landscapes and a vibrant regional culture.<\/p><p data-start=\"592\" data-end=\"801\">Discover idyllic villages, historic town centers, and typical Eifel architecture \u2013 often far from the main tourist crowds. It is precisely these quiet, authentic places that give the region its special charm.<\/p><p data-start=\"803\" data-end=\"1034\">Around Altenahr and in the nearby Eifel region, numerous destinations invite you to take short trips: winding alleys, old churches, traditional inns and regional festivals offer insights into the life and history of the region.<\/p>\t\t\t\t\t\t\t\t<\/div>\n\t\t\t\t<\/div>\n\t\t<div class=\"elementor-element elementor-element-800de54 e-con-full e-flex e-con e-child\" data-id=\"800de54\" data-element_type=\"container\" data-e-type=\"container\">\n\t\t\t\t<div data-dce-background-color=\"#AA2052E3\" class=\"elementor-element elementor-element-06dcb31 elementor-widget elementor-widget-button\" data-id=\"06dcb31\" data-element_type=\"widget\" data-e-type=\"widget\" data-widget_type=\"button.default\">\n\t\t\t\t<div class=\"elementor-widget-container\">\n\t\t\t\t\t\t\t\t\t<div class=\"elementor-button-wrapper\">\n\t\t\t\t\t<a class=\"elementor-button elementor-button-link elementor-size-sm\" href=\"https:\/\/www.eifel.info\/\" target=\"_blank\" rel=\"noopener\">\n\t\t\t\t\t\t<span class=\"elementor-button-content-wrapper\">\n\t\t\t\t\t\t\t\t\t<span class=\"elementor-button-text\">Eifel.Info<\/span>\n\t\t\t\t\t<\/span>\n\t\t\t\t\t<\/a>\n\t\t\t\t<\/div>\n\t\t\t\t\t\t\t\t<\/div>\n\t\t\t\t<\/div>\n\t\t\t\t<\/div>\n\t\t\t\t<\/div>\n\t\t\t\t<\/div>\n\t\t\t\t\t<\/div>\n\t\t\t\t<\/div>\n\t\t\t\t<\/div>","protected":false},"excerpt":{"rendered":"<p>Die Eifel entdecken \u2013 Natur &amp; Ausfl\u00fcge rund um das Ahrtal Weite, Ruhe und echte Natur erleben Nur wenige Minuten vom Ahrtal entfernt beginnt eine ganz andere Welt: die Eifel. Weite Landschaften, dichte W\u00e4lder, Vulkanseen und kleine, urspr\u00fcngliche Orte pr\u00e4gen diese besondere Region. Wer hier unterwegs ist, sp\u00fcrt schnell, wie viel Raum es gibt \u2013 [&hellip;]<\/p>\n","protected":false},"author":1,"featured_media":709,"parent":0,"menu_order":19,"comment_status":"closed","ping_status":"closed","template":"","meta":{"_acf_changed":false,"footnotes":""},"class_list":["post-694","page","type-page","status-publish","has-post-thumbnail","hentry","wpbf-post"],"acf":[],"_links":{"self":[{"href":"https:\/\/hotel-ruland.de\/en\/wp-json\/wp\/v2\/pages\/694","targetHints":{"allow":["GET"]}}],"collection":[{"href":"https:\/\/hotel-ruland.de\/en\/wp-json\/wp\/v2\/pages"}],"about":[{"href":"https:\/\/hotel-ruland.de\/en\/wp-json\/wp\/v2\/types\/page"}],"author":[{"embeddable":true,"href":"https:\/\/hotel-ruland.de\/en\/wp-json\/wp\/v2\/users\/1"}],"replies":[{"embeddable":true,"href":"https:\/\/hotel-ruland.de\/en\/wp-json\/wp\/v2\/comments?post=694"}],"version-history":[{"count":18,"href":"https:\/\/hotel-ruland.de\/en\/wp-json\/wp\/v2\/pages\/694\/revisions"}],"predecessor-version":[{"id":5903,"href":"https:\/\/hotel-ruland.de\/en\/wp-json\/wp\/v2\/pages\/694\/revisions\/5903"}],"wp:featuredmedia":[{"embeddable":true,"href":"https:\/\/hotel-ruland.de\/en\/wp-json\/wp\/v2\/media\/709"}],"wp:attachment":[{"href":"https:\/\/hotel-ruland.de\/en\/wp-json\/wp\/v2\/media?parent=694"}],"curies":[{"name":"wp","href":"https:\/\/api.w.org\/{rel}","templated":true}]}}