{"id":692,"date":"2022-10-23T10:06:29","date_gmt":"2022-10-23T08:06:29","guid":{"rendered":"http:\/\/2022.hotel-ruland.de\/?page_id=692"},"modified":"2026-03-27T13:16:18","modified_gmt":"2026-03-27T12:16:18","slug":"ahrtal","status":"publish","type":"page","link":"https:\/\/hotel-ruland.de\/nl\/ahrtal\/","title":{"rendered":"Ahrdal"},"content":{"rendered":"<div data-elementor-type=\"wp-page\" data-elementor-id=\"692\" class=\"elementor elementor-692\" data-elementor-post-type=\"page\">\n\t\t\t\t<div class=\"elementor-element elementor-element-7e49e3a e-flex e-con-boxed e-con e-parent\" data-id=\"7e49e3a\" data-element_type=\"container\" data-e-type=\"container\">\n\t\t\t\t\t<div class=\"e-con-inner\">\n\t\t\t\t<div class=\"elementor-element elementor-element-48491a2 elementor-widget elementor-widget-heading\" data-id=\"48491a2\" data-element_type=\"widget\" data-e-type=\"widget\" data-widget_type=\"heading.default\">\n\t\t\t\t<div class=\"elementor-widget-container\">\n\t\t\t\t\t<h1 class=\"elementor-heading-title elementor-size-default\">Ontdek de Ahrvallei \u2013 natuur, wijn en bijzondere momenten<\/h1>\t\t\t\t<\/div>\n\t\t\t\t<\/div>\n\t\t\t\t<div class=\"elementor-element elementor-element-50ffdd68 nurtext elementor-widget elementor-widget-text-editor\" data-id=\"50ffdd68\" data-element_type=\"widget\" data-e-type=\"widget\" data-widget_type=\"text-editor.default\">\n\t\t\t\t<div class=\"elementor-widget-container\">\n\t\t\t\t\t\t\t\t\t<p data-section-id=\"ekjfmw\" data-start=\"340\" data-end=\"382\"><strong>Genieten, bewegen en echte levensvreugde<\/strong><\/p><h2 class=\"p1\">Het Ahrdal is een van de mooiste en meest gevarieerde regio's van Rijnland-Palts.<\/h2><p class=\"p1\">Het dal, gekenmerkt door steile wijngaarden, de rivier de Ahr en historische stadjes, combineert op unieke wijze natuur, culinaire hoogstandjes en activiteiten. Hier ontmoeten adembenemende landschappen een eeuwenoude wijncultuur \u2013 en dat is precies wat deze regio zo aantrekkelijk maakt.<\/p><p class=\"p1\">Hotel Ruland plaatst u midden in het bruisende centrum.<\/p><p class=\"p1\">Wandelroutes beginnen in Altenahr, dat gemakkelijk te bereiken is te voet, met de fiets of binnen enkele minuten met de auto.<\/p>\t\t\t\t\t\t\t\t<\/div>\n\t\t\t\t<\/div>\n\t\t\t\t\t<\/div>\n\t\t\t\t<\/div>\n\t\t<div class=\"elementor-element elementor-element-4782884e e-flex e-con-boxed e-con e-parent\" data-id=\"4782884e\" data-element_type=\"container\" data-e-type=\"container\" data-settings=\"{&quot;background_background&quot;:&quot;classic&quot;}\">\n\t\t\t\t\t<div class=\"e-con-inner\">\n\t\t<div class=\"elementor-element elementor-element-70abbae3 e-con-full e-flex e-con e-child\" data-id=\"70abbae3\" data-element_type=\"container\" data-e-type=\"container\">\n\t\t<div class=\"elementor-element elementor-element-771dc89e e-con-full e-flex e-con e-child\" data-id=\"771dc89e\" data-element_type=\"container\" data-e-type=\"container\">\n\t\t\t\t<div class=\"elementor-element elementor-element-44c5f929 dce_masking-none elementor-widget elementor-widget-image\" data-id=\"44c5f929\" data-element_type=\"widget\" data-e-type=\"widget\" data-widget_type=\"image.default\">\n\t\t\t\t<div class=\"elementor-widget-container\">\n\t\t\t\t\t\t\t\t\t\t\t\t\t\t\t<img fetchpriority=\"high\" decoding=\"async\" width=\"1024\" height=\"683\" src=\"https:\/\/hotel-ruland.de\/wp-content\/uploads\/2026\/03\/Ahrweiler-1024x683.jpg\" class=\"attachment-large size-large wp-image-5950\" alt=\"Historische Altstadt von Ahrweiler mit Fachwerkh\u00e4usern und Stadttor\" srcset=\"https:\/\/hotel-ruland.de\/wp-content\/uploads\/2026\/03\/Ahrweiler-1024x683.jpg 1024w, https:\/\/hotel-ruland.de\/wp-content\/uploads\/2026\/03\/Ahrweiler-300x200.jpg 300w, https:\/\/hotel-ruland.de\/wp-content\/uploads\/2026\/03\/Ahrweiler-768x512.jpg 768w, https:\/\/hotel-ruland.de\/wp-content\/uploads\/2026\/03\/Ahrweiler-1536x1024.jpg 1536w, https:\/\/hotel-ruland.de\/wp-content\/uploads\/2026\/03\/Ahrweiler-2048x1365.jpg 2048w, https:\/\/hotel-ruland.de\/wp-content\/uploads\/2026\/03\/Ahrweiler-18x12.jpg 18w, https:\/\/hotel-ruland.de\/wp-content\/uploads\/2026\/03\/Ahrweiler-1320x880.jpg 1320w\" sizes=\"(max-width: 1024px) 100vw, 1024px\" \/>\t\t\t\t\t\t\t\t\t\t\t\t\t\t\t<\/div>\n\t\t\t\t<\/div>\n\t\t\t\t<\/div>\n\t\t<div class=\"elementor-element elementor-element-78974707 e-con-full e-flex e-con e-child\" data-id=\"78974707\" data-element_type=\"container\" data-e-type=\"container\">\n\t\t\t\t<div class=\"elementor-element elementor-element-2649ba72 elementor-widget elementor-widget-heading\" data-id=\"2649ba72\" data-element_type=\"widget\" data-e-type=\"widget\" data-widget_type=\"heading.default\">\n\t\t\t\t<div class=\"elementor-widget-container\">\n\t\t\t\t\t<h2 class=\"elementor-heading-title elementor-size-default\">Ontdek Ahrweiler en andere historische plaatsen.<\/h2>\t\t\t\t<\/div>\n\t\t\t\t<\/div>\n\t\t\t\t<div class=\"elementor-element elementor-element-3706a121 nurtext elementor-widget elementor-widget-text-editor\" data-id=\"3706a121\" data-element_type=\"widget\" data-e-type=\"widget\" data-widget_type=\"text-editor.default\">\n\t\t\t\t<div class=\"elementor-widget-container\">\n\t\t\t\t\t\t\t\t\t<h2 class=\"p1\">De regio rond Altenahr biedt tal van charmante plekjes met geschiedenis en karakter.<\/h2><p class=\"p1\">Bovenal is de historische oude binnenstad van Bad Neuenahr-Ahrweiler, met zijn volledig bewaard gebleven stadsmuur, smalle straatjes en charmante pleinen, een absolute aanrader. Het is een heerlijke plek om te wandelen, een hapje te eten en de unieke sfeer op te snuiven.<\/p><p class=\"p1\">De plaatsen Dernau, Rech en Mayscho\u00df staan \u200b\u200bbekend om hun typische architectuur van het Ahrdal, hun wijnbouw en hun oprechte gastvrijheid. Mayscho\u00df is de thuisbasis van de oudste wijnbouwersco\u00f6peratie van Duitsland.<\/p>\t\t\t\t\t\t\t\t<\/div>\n\t\t\t\t<\/div>\n\t\t<div class=\"elementor-element elementor-element-a03898a e-con-full e-flex e-con e-child\" data-id=\"a03898a\" data-element_type=\"container\" data-e-type=\"container\">\n\t\t\t\t<div data-dce-background-color=\"#AA2052E3\" class=\"elementor-element elementor-element-23ff2c63 elementor-widget elementor-widget-button\" data-id=\"23ff2c63\" data-element_type=\"widget\" data-e-type=\"widget\" data-widget_type=\"button.default\">\n\t\t\t\t<div class=\"elementor-widget-container\">\n\t\t\t\t\t\t\t\t\t<div class=\"elementor-button-wrapper\">\n\t\t\t\t\t<a class=\"elementor-button elementor-button-link elementor-size-sm\" href=\"https:\/\/www.ahrtal.com\/de\/orte\" target=\"_blank\" rel=\"noopener\">\n\t\t\t\t\t\t<span class=\"elementor-button-content-wrapper\">\n\t\t\t\t\t\t\t\t\t<span class=\"elementor-button-text\">Bezienswaardigheden in het Ahrdal<\/span>\n\t\t\t\t\t<\/span>\n\t\t\t\t\t<\/a>\n\t\t\t\t<\/div>\n\t\t\t\t\t\t\t\t<\/div>\n\t\t\t\t<\/div>\n\t\t\t\t<\/div>\n\t\t\t\t<\/div>\n\t\t\t\t<\/div>\n\t\t<div class=\"elementor-element elementor-element-1785b55d e-con-full e-flex e-con e-child\" data-id=\"1785b55d\" data-element_type=\"container\" data-e-type=\"container\">\n\t\t<div class=\"elementor-element elementor-element-5b4e43b1 e-con-full e-flex e-con e-child\" data-id=\"5b4e43b1\" data-element_type=\"container\" data-e-type=\"container\">\n\t\t\t\t<div class=\"elementor-element elementor-element-2407a4ac elementor-widget elementor-widget-heading\" data-id=\"2407a4ac\" data-element_type=\"widget\" data-e-type=\"widget\" data-widget_type=\"heading.default\">\n\t\t\t\t<div class=\"elementor-widget-container\">\n\t\t\t\t\t<h2 class=\"elementor-heading-title elementor-size-default\">Rotweinwanderweg &amp; Ahrsteig<\/h2>\t\t\t\t<\/div>\n\t\t\t\t<\/div>\n\t\t\t\t<div class=\"elementor-element elementor-element-cef3d3e nurtext elementor-widget elementor-widget-text-editor\" data-id=\"cef3d3e\" data-element_type=\"widget\" data-e-type=\"widget\" data-widget_type=\"text-editor.default\">\n\t\t\t\t<div class=\"elementor-widget-container\">\n\t\t\t\t\t\t\t\t\t<h3 class=\"p1\">Het Ahrdal is een paradijs voor wandelaars.<\/h3><p class=\"p1\">Het beroemde wandelpad langs de rode wijngaarden voert langs de wijngaarden op verschillende hoogtes en biedt spectaculaire uitzichten over de vallei. Het landschap ontvouwt hier een unieke magie, vooral in de avonduren.<\/p><p class=\"p1\">De Ahrsteig is ideaal voor meer uitdagende tochten \u2013 met gevarieerde routes, smalle paden en een indrukwekkend landschap.<\/p><p class=\"p1\">Korte etappe of dagwandeling: Rond Altenahr beginnen enkele van de mooiste wandelroutes direct voor de deur.<\/p>\t\t\t\t\t\t\t\t<\/div>\n\t\t\t\t<\/div>\n\t\t<div class=\"elementor-element elementor-element-6d7b1e0a e-con-full e-flex e-con e-child\" data-id=\"6d7b1e0a\" data-element_type=\"container\" data-e-type=\"container\">\n\t\t\t\t<div data-dce-background-color=\"#AA2052E3\" class=\"elementor-element elementor-element-23fe763d elementor-widget elementor-widget-button\" data-id=\"23fe763d\" data-element_type=\"widget\" data-e-type=\"widget\" data-widget_type=\"button.default\">\n\t\t\t\t<div class=\"elementor-widget-container\">\n\t\t\t\t\t\t\t\t\t<div class=\"elementor-button-wrapper\">\n\t\t\t\t\t<a class=\"elementor-button elementor-button-link elementor-size-sm\" href=\"https:\/\/www.ahrtal.com\/de\/touren\/rotweinwanderweg-von-altenahr-bis-ba\/tour.html\" target=\"_blank\" rel=\"noopener\">\n\t\t\t\t\t\t<span class=\"elementor-button-content-wrapper\">\n\t\t\t\t\t\t\t\t\t<span class=\"elementor-button-text\">Rotweinwanderweg<\/span>\n\t\t\t\t\t<\/span>\n\t\t\t\t\t<\/a>\n\t\t\t\t<\/div>\n\t\t\t\t\t\t\t\t<\/div>\n\t\t\t\t<\/div>\n\t\t\t\t<div data-dce-background-color=\"#AA2052E3\" class=\"elementor-element elementor-element-6921669 elementor-widget elementor-widget-button\" data-id=\"6921669\" data-element_type=\"widget\" data-e-type=\"widget\" data-widget_type=\"button.default\">\n\t\t\t\t<div class=\"elementor-widget-container\">\n\t\t\t\t\t\t\t\t\t<div class=\"elementor-button-wrapper\">\n\t\t\t\t\t<a class=\"elementor-button elementor-button-link elementor-size-sm\" href=\"https:\/\/www.ahrsteig.de\/\" target=\"_blank\" rel=\"noopener\">\n\t\t\t\t\t\t<span class=\"elementor-button-content-wrapper\">\n\t\t\t\t\t\t\t\t\t<span class=\"elementor-button-text\">Ahrsteig<\/span>\n\t\t\t\t\t<\/span>\n\t\t\t\t\t<\/a>\n\t\t\t\t<\/div>\n\t\t\t\t\t\t\t\t<\/div>\n\t\t\t\t<\/div>\n\t\t\t\t<\/div>\n\t\t\t\t<\/div>\n\t\t<div class=\"elementor-element elementor-element-1421acb9 e-con-full e-flex e-con e-child\" data-id=\"1421acb9\" data-element_type=\"container\" data-e-type=\"container\">\n\t\t\t\t<div class=\"elementor-element elementor-element-21f2ee96 dce_masking-none elementor-widget elementor-widget-image\" data-id=\"21f2ee96\" data-element_type=\"widget\" data-e-type=\"widget\" data-widget_type=\"image.default\">\n\t\t\t\t<div class=\"elementor-widget-container\">\n\t\t\t\t\t\t\t\t\t\t\t\t\t\t\t<img decoding=\"async\" width=\"1024\" height=\"683\" src=\"https:\/\/hotel-ruland.de\/wp-content\/uploads\/2026\/03\/der-rotweinwanderweg-1024x683.jpg\" class=\"attachment-large size-large wp-image-5953\" alt=\"Wandern auf dem Rotweinwanderweg zum Hotel Ruland im Ahrtal\" srcset=\"https:\/\/hotel-ruland.de\/wp-content\/uploads\/2026\/03\/der-rotweinwanderweg-1024x683.jpg 1024w, https:\/\/hotel-ruland.de\/wp-content\/uploads\/2026\/03\/der-rotweinwanderweg-300x200.jpg 300w, https:\/\/hotel-ruland.de\/wp-content\/uploads\/2026\/03\/der-rotweinwanderweg-768x513.jpg 768w, https:\/\/hotel-ruland.de\/wp-content\/uploads\/2026\/03\/der-rotweinwanderweg-1536x1025.jpg 1536w, https:\/\/hotel-ruland.de\/wp-content\/uploads\/2026\/03\/der-rotweinwanderweg-2048x1367.jpg 2048w, https:\/\/hotel-ruland.de\/wp-content\/uploads\/2026\/03\/der-rotweinwanderweg-18x12.jpg 18w, https:\/\/hotel-ruland.de\/wp-content\/uploads\/2026\/03\/der-rotweinwanderweg-1320x881.jpg 1320w\" sizes=\"(max-width: 1024px) 100vw, 1024px\" \/>\t\t\t\t\t\t\t\t\t\t\t\t\t\t\t<\/div>\n\t\t\t\t<\/div>\n\t\t\t\t<\/div>\n\t\t\t\t<\/div>\n\t\t<div class=\"elementor-element elementor-element-1cdabd06 e-con-full e-flex e-con e-child\" data-id=\"1cdabd06\" data-element_type=\"container\" data-e-type=\"container\">\n\t\t<div class=\"elementor-element elementor-element-25c85a49 e-con-full e-flex e-con e-child\" data-id=\"25c85a49\" data-element_type=\"container\" data-e-type=\"container\">\n\t\t\t\t<div class=\"elementor-element elementor-element-1276175d dce_masking-none elementor-widget elementor-widget-image\" data-id=\"1276175d\" data-element_type=\"widget\" data-e-type=\"widget\" data-widget_type=\"image.default\">\n\t\t\t\t<div class=\"elementor-widget-container\">\n\t\t\t\t\t\t\t\t\t\t\t\t\t\t\t<img decoding=\"async\" width=\"1024\" height=\"683\" src=\"https:\/\/hotel-ruland.de\/wp-content\/uploads\/2026\/03\/rotwein-trauben-1024x683.jpg\" class=\"attachment-large size-large wp-image-5952\" alt=\"Rotwein - der Wein im Ahrtal\" srcset=\"https:\/\/hotel-ruland.de\/wp-content\/uploads\/2026\/03\/rotwein-trauben-1024x683.jpg 1024w, https:\/\/hotel-ruland.de\/wp-content\/uploads\/2026\/03\/rotwein-trauben-300x200.jpg 300w, https:\/\/hotel-ruland.de\/wp-content\/uploads\/2026\/03\/rotwein-trauben-768x512.jpg 768w, https:\/\/hotel-ruland.de\/wp-content\/uploads\/2026\/03\/rotwein-trauben-1536x1024.jpg 1536w, https:\/\/hotel-ruland.de\/wp-content\/uploads\/2026\/03\/rotwein-trauben-2048x1365.jpg 2048w, https:\/\/hotel-ruland.de\/wp-content\/uploads\/2026\/03\/rotwein-trauben-18x12.jpg 18w, https:\/\/hotel-ruland.de\/wp-content\/uploads\/2026\/03\/rotwein-trauben-1320x880.jpg 1320w\" sizes=\"(max-width: 1024px) 100vw, 1024px\" \/>\t\t\t\t\t\t\t\t\t\t\t\t\t\t\t<\/div>\n\t\t\t\t<\/div>\n\t\t\t\t<\/div>\n\t\t<div class=\"elementor-element elementor-element-48de4e49 e-con-full e-flex e-con e-child\" data-id=\"48de4e49\" data-element_type=\"container\" data-e-type=\"container\">\n\t\t\t\t<div class=\"elementor-element elementor-element-1cacd1db elementor-widget elementor-widget-heading\" data-id=\"1cacd1db\" data-element_type=\"widget\" data-e-type=\"widget\" data-widget_type=\"heading.default\">\n\t\t\t\t<div class=\"elementor-widget-container\">\n\t\t\t\t\t<h2 class=\"elementor-heading-title elementor-size-default\">Wijn en culinaire hoogstandjes in de Ahrvallei<\/h2>\t\t\t\t<\/div>\n\t\t\t\t<\/div>\n\t\t\t\t<div class=\"elementor-element elementor-element-745958db nurtext elementor-widget elementor-widget-text-editor\" data-id=\"745958db\" data-element_type=\"widget\" data-e-type=\"widget\" data-widget_type=\"text-editor.default\">\n\t\t\t\t<div class=\"elementor-widget-container\">\n\t\t\t\t\t\t\t\t\t<h2 class=\"p1\">Het Ahrdal is het meest noordelijke wijnbouwgebied voor rode wijn in Duitsland.<\/h2><p class=\"p1\">Pinot Noir en Pinot Noir Pr\u00e9coce kenmerken de regio en maken het een bijzondere bestemming voor wijnliefhebbers. Talrijke wijnhuizen, wijntavernes en restaurants nodigen bezoekers uit om de diversiteit van de wijnen uit Ahr te ontdekken.<\/p><p class=\"p1\">Een glas wijn met uitzicht op de wijngaarden \u2013 dat hoort hier gewoon bij de beleving.<\/p><p class=\"p1\">Wijn speelt een bijzondere rol in Hotel Ruland: een zorgvuldig samengestelde wijnkaart met 400 selecties brengt de beste wijnen uit de Ahr-regio naar uw glas \u2013 en onze sommeliers adviseren u graag bij uw keuze. Uiteraard hebben we ook wijnen uit andere wijnregio's en internationale wijnen in onze kelder.<\/p>\t\t\t\t\t\t\t\t<\/div>\n\t\t\t\t<\/div>\n\t\t<div class=\"elementor-element elementor-element-1183f448 e-con-full e-flex e-con e-child\" data-id=\"1183f448\" data-element_type=\"container\" data-e-type=\"container\">\n\t\t\t\t<div data-dce-background-color=\"#AA2052E3\" class=\"elementor-element elementor-element-41875c0e elementor-widget elementor-widget-button\" data-id=\"41875c0e\" data-element_type=\"widget\" data-e-type=\"widget\" data-widget_type=\"button.default\">\n\t\t\t\t<div class=\"elementor-widget-container\">\n\t\t\t\t\t\t\t\t\t<div class=\"elementor-button-wrapper\">\n\t\t\t\t\t<a class=\"elementor-button elementor-button-link elementor-size-sm\" href=\"https:\/\/www.ahrtal.com\/de\/wein-kulinarik\" target=\"_blank\" rel=\"noopener\">\n\t\t\t\t\t\t<span class=\"elementor-button-content-wrapper\">\n\t\t\t\t\t\t\t\t\t<span class=\"elementor-button-text\">Wijn en culinaire hoogstandjes<\/span>\n\t\t\t\t\t<\/span>\n\t\t\t\t\t<\/a>\n\t\t\t\t<\/div>\n\t\t\t\t\t\t\t\t<\/div>\n\t\t\t\t<\/div>\n\t\t\t\t<\/div>\n\t\t\t\t<\/div>\n\t\t\t\t<\/div>\n\t\t<div class=\"elementor-element elementor-element-2975abfe e-con-full e-flex e-con e-child\" data-id=\"2975abfe\" data-element_type=\"container\" data-e-type=\"container\">\n\t\t<div class=\"elementor-element elementor-element-1e1176bd e-con-full e-flex e-con e-child\" data-id=\"1e1176bd\" data-element_type=\"container\" data-e-type=\"container\">\n\t\t\t\t<div class=\"elementor-element elementor-element-579d8e5c elementor-widget elementor-widget-heading\" data-id=\"579d8e5c\" data-element_type=\"widget\" data-e-type=\"widget\" data-widget_type=\"heading.default\">\n\t\t\t\t<div class=\"elementor-widget-container\">\n\t\t\t\t\t<h2 class=\"elementor-heading-title elementor-size-default\">Wijnfestivals en -evenementen<\/h2>\t\t\t\t<\/div>\n\t\t\t\t<\/div>\n\t\t\t\t<div class=\"elementor-element elementor-element-6aecfba3 elementor-widget elementor-widget-text-editor\" data-id=\"6aecfba3\" data-element_type=\"widget\" data-e-type=\"widget\" data-widget_type=\"text-editor.default\">\n\t\t\t\t<div class=\"elementor-widget-container\">\n\t\t\t\t\t\t\t\t\t<p class=\"p1\">Het hele jaar door vinden er tal van evenementen plaats in het Ahrdal, die gasten uit de hele regio trekken.<\/p><p class=\"p1\">De traditionele wijnfestivals zijn bijzonder populair. Wijnmakers presenteren er hun wijnen en de vallei laat haar gemoedelijke kant zien. Muziek, regionale specialiteiten en een bijzondere sfeer maken deze evenementen tot hoogtepunten vol traditie.<\/p><p class=\"p1\">Culinaire evenementen, wijnproeverijen en seizoensgebonden activiteiten zorgen voor afwisseling tijdens uw verblijf.<\/p>\t\t\t\t\t\t\t\t<\/div>\n\t\t\t\t<\/div>\n\t\t<div class=\"elementor-element elementor-element-404a1a5c e-con-full e-flex e-con e-child\" data-id=\"404a1a5c\" data-element_type=\"container\" data-e-type=\"container\">\n\t\t\t\t<div data-dce-background-color=\"#AA2052E3\" class=\"elementor-element elementor-element-125838b2 elementor-widget elementor-widget-button\" data-id=\"125838b2\" data-element_type=\"widget\" data-e-type=\"widget\" data-widget_type=\"button.default\">\n\t\t\t\t<div class=\"elementor-widget-container\">\n\t\t\t\t\t\t\t\t\t<div class=\"elementor-button-wrapper\">\n\t\t\t\t\t<a class=\"elementor-button elementor-button-link elementor-size-sm\" href=\"https:\/\/www.ahrtal.com\/de\/events\" target=\"_blank\" rel=\"noopener\">\n\t\t\t\t\t\t<span class=\"elementor-button-content-wrapper\">\n\t\t\t\t\t\t\t\t\t<span class=\"elementor-button-text\">Evenementen<\/span>\n\t\t\t\t\t<\/span>\n\t\t\t\t\t<\/a>\n\t\t\t\t<\/div>\n\t\t\t\t\t\t\t\t<\/div>\n\t\t\t\t<\/div>\n\t\t\t\t<\/div>\n\t\t\t\t<\/div>\n\t\t<div class=\"elementor-element elementor-element-3e714711 e-con-full e-flex e-con e-child\" data-id=\"3e714711\" data-element_type=\"container\" data-e-type=\"container\">\n\t\t\t\t<div class=\"elementor-element elementor-element-643561a9 dce_masking-none elementor-widget elementor-widget-image\" data-id=\"643561a9\" data-element_type=\"widget\" data-e-type=\"widget\" data-widget_type=\"image.default\">\n\t\t\t\t<div class=\"elementor-widget-container\">\n\t\t\t\t\t\t\t\t\t\t\t\t\t\t\t<img loading=\"lazy\" decoding=\"async\" width=\"1024\" height=\"795\" src=\"https:\/\/hotel-ruland.de\/wp-content\/uploads\/2026\/03\/Weinfeste-1024x795.jpg\" class=\"attachment-large size-large wp-image-5972\" alt=\"G\u00e4ste sto\u00dfen mit Rotwein im Weingarten des Hotel Ruland Altenahr an\" srcset=\"https:\/\/hotel-ruland.de\/wp-content\/uploads\/2026\/03\/Weinfeste-1024x795.jpg 1024w, https:\/\/hotel-ruland.de\/wp-content\/uploads\/2026\/03\/Weinfeste-300x233.jpg 300w, https:\/\/hotel-ruland.de\/wp-content\/uploads\/2026\/03\/Weinfeste-768x596.jpg 768w, https:\/\/hotel-ruland.de\/wp-content\/uploads\/2026\/03\/Weinfeste-1536x1193.jpg 1536w, https:\/\/hotel-ruland.de\/wp-content\/uploads\/2026\/03\/Weinfeste-2048x1590.jpg 2048w, https:\/\/hotel-ruland.de\/wp-content\/uploads\/2026\/03\/Weinfeste-15x12.jpg 15w, https:\/\/hotel-ruland.de\/wp-content\/uploads\/2026\/03\/Weinfeste-1320x1025.jpg 1320w\" sizes=\"(max-width: 1024px) 100vw, 1024px\" \/>\t\t\t\t\t\t\t\t\t\t\t\t\t\t\t<\/div>\n\t\t\t\t<\/div>\n\t\t\t\t<\/div>\n\t\t\t\t<\/div>\n\t\t<div class=\"elementor-element elementor-element-405d5d80 e-con-full e-flex e-con e-child\" data-id=\"405d5d80\" data-element_type=\"container\" data-e-type=\"container\">\n\t\t<div class=\"elementor-element elementor-element-409ba13e e-con-full e-flex e-con e-child\" data-id=\"409ba13e\" data-element_type=\"container\" data-e-type=\"container\">\n\t\t\t\t<div class=\"elementor-element elementor-element-53c9eada dce_masking-none elementor-widget elementor-widget-image\" data-id=\"53c9eada\" data-element_type=\"widget\" data-e-type=\"widget\" data-widget_type=\"image.default\">\n\t\t\t\t<div class=\"elementor-widget-container\">\n\t\t\t\t\t\t\t\t\t\t\t\t\t\t\t<img loading=\"lazy\" decoding=\"async\" width=\"1024\" height=\"742\" src=\"https:\/\/hotel-ruland.de\/wp-content\/uploads\/2026\/03\/die-ahrtalbahn-1024x742.jpg\" class=\"attachment-large size-large wp-image-5960\" alt=\"Bahnverbindung im Ahrtal \u2013 Anreise nach Altenahr mit der Ahrtalbahn\" srcset=\"https:\/\/hotel-ruland.de\/wp-content\/uploads\/2026\/03\/die-ahrtalbahn-1024x742.jpg 1024w, https:\/\/hotel-ruland.de\/wp-content\/uploads\/2026\/03\/die-ahrtalbahn-300x217.jpg 300w, https:\/\/hotel-ruland.de\/wp-content\/uploads\/2026\/03\/die-ahrtalbahn-768x556.jpg 768w, https:\/\/hotel-ruland.de\/wp-content\/uploads\/2026\/03\/die-ahrtalbahn-1536x1113.jpg 1536w, https:\/\/hotel-ruland.de\/wp-content\/uploads\/2026\/03\/die-ahrtalbahn-2048x1484.jpg 2048w, https:\/\/hotel-ruland.de\/wp-content\/uploads\/2026\/03\/die-ahrtalbahn-18x12.jpg 18w, https:\/\/hotel-ruland.de\/wp-content\/uploads\/2026\/03\/die-ahrtalbahn-1320x956.jpg 1320w\" sizes=\"(max-width: 1024px) 100vw, 1024px\" \/>\t\t\t\t\t\t\t\t\t\t\t\t\t\t\t<\/div>\n\t\t\t\t<\/div>\n\t\t\t\t<\/div>\n\t\t<div class=\"elementor-element elementor-element-5429bde4 e-con-full e-flex e-con e-child\" data-id=\"5429bde4\" data-element_type=\"container\" data-e-type=\"container\">\n\t\t\t\t<div class=\"elementor-element elementor-element-5d7adf9b elementor-widget elementor-widget-heading\" data-id=\"5d7adf9b\" data-element_type=\"widget\" data-e-type=\"widget\" data-widget_type=\"heading.default\">\n\t\t\t\t<div class=\"elementor-widget-container\">\n\t\t\t\t\t<h2 class=\"elementor-heading-title elementor-size-default\">Het Ahrdal na de overstroming \u2013 een nieuw begin en hernieuwde kracht.<\/h2>\t\t\t\t<\/div>\n\t\t\t\t<\/div>\n\t\t\t\t<div class=\"elementor-element elementor-element-68979ab9 elementor-widget elementor-widget-text-editor\" data-id=\"68979ab9\" data-element_type=\"widget\" data-e-type=\"widget\" data-widget_type=\"text-editor.default\">\n\t\t\t\t<div class=\"elementor-widget-container\">\n\t\t\t\t\t\t\t\t\t<p class=\"p1\">Het Ahrdal werd zwaar getroffen door de overstromingsramp van 2021. Vandaag de dag blijkt maar weer eens hoeveel kracht en solidariteit deze regio bezit.<\/p><p class=\"p1\">Op veel plaatsen zijn nog bouwplaatsen te zien, maar de vallei ontwikkelt zich stap voor stap. Veel is al herbouwd, gemoderniseerd en ontworpen met het oog op de toekomst.<\/p><p class=\"p1\">De spoorlijn is een krachtig symbool: ze werd in een indrukwekkend korte tijd herbouwd. Tegenwoordig rijden er weer treinen tussen Remagen en Kreuzberg.<\/p><p class=\"p1\">Met elk bezoek steunt u de regio op haar weg naar herstel! Ontdek het Ahrdal, dat zijn unieke karakter heeft behouden en een nieuw karakter aan het ontwikkelen is.<\/p>\t\t\t\t\t\t\t\t<\/div>\n\t\t\t\t<\/div>\n\t\t<div class=\"elementor-element elementor-element-2ba6519a e-con-full e-flex e-con e-child\" data-id=\"2ba6519a\" data-element_type=\"container\" data-e-type=\"container\">\n\t\t\t\t<div data-dce-background-color=\"#AA2052E3\" class=\"elementor-element elementor-element-1f2e0c76 elementor-widget elementor-widget-button\" data-id=\"1f2e0c76\" data-element_type=\"widget\" data-e-type=\"widget\" data-widget_type=\"button.default\">\n\t\t\t\t<div class=\"elementor-widget-container\">\n\t\t\t\t\t\t\t\t\t<div class=\"elementor-button-wrapper\">\n\t\t\t\t\t<a class=\"elementor-button elementor-button-link elementor-size-sm\" href=\"https:\/\/www.ahrtal.com\/de\/bus-bahn\" target=\"_blank\" rel=\"noopener\">\n\t\t\t\t\t\t<span class=\"elementor-button-content-wrapper\">\n\t\t\t\t\t\t\t\t\t<span class=\"elementor-button-text\">Openbaar vervoer in het Ahrdal<\/span>\n\t\t\t\t\t<\/span>\n\t\t\t\t\t<\/a>\n\t\t\t\t<\/div>\n\t\t\t\t\t\t\t\t<\/div>\n\t\t\t\t<\/div>\n\t\t\t\t<\/div>\n\t\t\t\t<\/div>\n\t\t\t\t<\/div>\n\t\t\t\t\t<\/div>\n\t\t\t\t<\/div>\n\t\t\t\t<\/div>","protected":false},"excerpt":{"rendered":"<p>Das Ahrtal entdecken \u2013 Natur, Wein &amp; besondere Momente Genuss, Bewegung und echte Lebensfreude Das Ahrtal geh\u00f6rt zu den sch\u00f6nen und vielseitigen Regionen in Rheinland-Pfalz. Gepr\u00e4gt von steilen Weinbergen, dem Flusslauf der Ahr und Orten mit Geschicihte verbindet das Tal Natur, Genuss und Aktivit\u00e4t auf besondere Weise. Hier treffen beeindruckende Landschaften auf eine lange Weinkultur [&hellip;]<\/p>\n","protected":false},"author":1,"featured_media":2713,"parent":0,"menu_order":18,"comment_status":"closed","ping_status":"closed","template":"","meta":{"_acf_changed":false,"footnotes":""},"class_list":["post-692","page","type-page","status-publish","has-post-thumbnail","hentry","wpbf-post"],"acf":[],"_links":{"self":[{"href":"https:\/\/hotel-ruland.de\/nl\/wp-json\/wp\/v2\/pages\/692","targetHints":{"allow":["GET"]}}],"collection":[{"href":"https:\/\/hotel-ruland.de\/nl\/wp-json\/wp\/v2\/pages"}],"about":[{"href":"https:\/\/hotel-ruland.de\/nl\/wp-json\/wp\/v2\/types\/page"}],"author":[{"embeddable":true,"href":"https:\/\/hotel-ruland.de\/nl\/wp-json\/wp\/v2\/users\/1"}],"replies":[{"embeddable":true,"href":"https:\/\/hotel-ruland.de\/nl\/wp-json\/wp\/v2\/comments?post=692"}],"version-history":[{"count":58,"href":"https:\/\/hotel-ruland.de\/nl\/wp-json\/wp\/v2\/pages\/692\/revisions"}],"predecessor-version":[{"id":6028,"href":"https:\/\/hotel-ruland.de\/nl\/wp-json\/wp\/v2\/pages\/692\/revisions\/6028"}],"wp:featuredmedia":[{"embeddable":true,"href":"https:\/\/hotel-ruland.de\/nl\/wp-json\/wp\/v2\/media\/2713"}],"wp:attachment":[{"href":"https:\/\/hotel-ruland.de\/nl\/wp-json\/wp\/v2\/media?parent=692"}],"curies":[{"name":"wp","href":"https:\/\/api.w.org\/{rel}","templated":true}]}}